{"id":45254,"date":"2022-04-20T12:16:17","date_gmt":"2022-04-20T10:16:17","guid":{"rendered":"https:\/\/galicianparts.com\/shop\/producto\/96046238-latiguillo-l505mm-freno-rueda-delantera-fiat-242-1975-1982-nuevo\/"},"modified":"2022-09-29T14:27:23","modified_gmt":"2022-09-29T12:27:23","slug":"96046238-latiguillo-l505mm-freno-rueda-delantera-fiat-242-1975-1982-nuevo","status":"publish","type":"product","link":"https:\/\/galicianparts.com\/shop\/producto\/96046238-latiguillo-l505mm-freno-rueda-delantera-fiat-242-1975-1982-nuevo\/","title":{"rendered":"96046238 Latiguillo L505mm freno rueda delantera Fiat 242 (1975-1982) NUEVO"},"content":{"rendered":"<p>Tubo de las pinzas de freno delanteras de:<br \/>\nLargo: 505mm<br \/>\nM\u00e9trica roscas: 14&#215;1.5<br \/>\nFIAT 242-Serie Furg\u00f3n<br \/>\n1.6, A\u00f1o 10.1975 &#8211; 07.1982, 1585 , 63<br \/>\n1.9, A\u00f1o 10.1975 &#8211; 07.1982, 1995 , 69<br \/>\n2.5 D, A\u00f1o 08.1980 &#8211; 07.1982, 2498 , 71<br \/>\nFIAT 242 Bus (242_)<br \/>\n1.9, A\u00f1o 10.1975 &#8211; 07.1982, 1995 , 69<\/p>\n<p>LA PIEZA ES NUEVA Y ORIGINAL.<\/p>\n","protected":false},"excerpt":{"rendered":"<p>Tubo de las pinzas de freno delanteras de: Largo: 505mm M\u00e9trica roscas: 14&#215;1.5 FIAT 242-Serie Furg\u00f3n 1.6, A\u00f1o 10.1975 &#8211; 07.1982, 1585 , 63 1.9, A\u00f1o 10.1975 &#8211; 07.1982, 1995 , 69 2.5 D, A\u00f1o 08.1980 &#8211; 07.1982, 2498 , 71 FIAT 242 Bus (242_) 1.9, A\u00f1o 10.1975 &#8211; 07.1982, 1995 , 69 LA PIEZA [&hellip;]<\/p>\n","protected":false},"featured_media":45255,"template":"","meta":{"_seopress_robots_primary_cat":"","_seopress_titles_title":"","_seopress_titles_desc":"","_seopress_robots_index":""},"product_cat":[73,20],"product_tag":[],"class_list":{"0":"post-45254","1":"product","2":"type-product","3":"status-publish","4":"has-post-thumbnail","6":"product_cat-recambios-fiat-242","7":"product_cat-recambios-fiat","9":"first","10":"outofstock","11":"taxable","12":"shipping-taxable","13":"purchasable","14":"product-type-simple"},"_links":{"self":[{"href":"https:\/\/galicianparts.com\/shop\/wp-json\/wp\/v2\/product\/45254"}],"collection":[{"href":"https:\/\/galicianparts.com\/shop\/wp-json\/wp\/v2\/product"}],"about":[{"href":"https:\/\/galicianparts.com\/shop\/wp-json\/wp\/v2\/types\/product"}],"wp:featuredmedia":[{"embeddable":true,"href":"https:\/\/galicianparts.com\/shop\/wp-json\/wp\/v2\/media\/45255"}],"wp:attachment":[{"href":"https:\/\/galicianparts.com\/shop\/wp-json\/wp\/v2\/media?parent=45254"}],"wp:term":[{"taxonomy":"product_cat","embeddable":true,"href":"https:\/\/galicianparts.com\/shop\/wp-json\/wp\/v2\/product_cat?post=45254"},{"taxonomy":"product_tag","embeddable":true,"href":"https:\/\/galicianparts.com\/shop\/wp-json\/wp\/v2\/product_tag?post=45254"}],"curies":[{"name":"wp","href":"https:\/\/api.w.org\/{rel}","templated":true}]}}