{"id":45274,"date":"2022-04-20T13:11:21","date_gmt":"2022-04-20T11:11:21","guid":{"rendered":"https:\/\/galicianparts.com\/shop\/producto\/51844527-pack-2-tornillos-panel-divisorio-fiat-fiorino-07-citroen-nemo-peugeot-bipper-original\/"},"modified":"2022-04-20T13:13:33","modified_gmt":"2022-04-20T11:13:33","slug":"51844527-pack-2-tornillos-panel-divisorio-fiat-fiorino-07-citroen-nemo-peugeot-bipper-original","status":"publish","type":"product","link":"https:\/\/galicianparts.com\/shop\/producto\/51844527-pack-2-tornillos-panel-divisorio-fiat-fiorino-07-citroen-nemo-peugeot-bipper-original\/","title":{"rendered":"51844527 Pack 2 tornillos panel divisorio Fiat Fiorino (07-&#8230;) Citroen Nemo \/Peugeot Bipper ORIGINAL"},"content":{"rendered":"<p>Juego, set de 2 tornillos inferiores del panel de divisi\u00f3n del habit\u00e1culo de:<br \/>\nFIAT PROFESSIONAL &#8211; 3N NUOVO FIORINO-QUBO (2007-&#8230;.) PARED PARA COMBI-CATEGOR\u00cdA N1- (LIGERO) \/ MERCANCIAS \/ MIXTO CONDICCION \/ PANORAMA<br \/>\nCITROEN &#8211; NEMO<br \/>\nPEUGEOT &#8211; BIPPER<\/p>\n<p>LA PIEZA ES NUEVA Y ORIGINAL.<\/p>\n","protected":false},"excerpt":{"rendered":"<p>Juego, set de 2 tornillos inferiores del panel de divisi\u00f3n del habit\u00e1culo de: FIAT PROFESSIONAL &#8211; 3N NUOVO FIORINO-QUBO (2007-&#8230;.) PARED PARA COMBI-CATEGOR\u00cdA N1- (LIGERO) \/ MERCANCIAS \/ MIXTO CONDICCION \/ PANORAMA CITROEN &#8211; NEMO PEUGEOT &#8211; BIPPER LA PIEZA ES NUEVA Y ORIGINAL.<\/p>\n","protected":false},"featured_media":45279,"template":"","meta":{"_seopress_robots_primary_cat":"","_seopress_titles_title":"","_seopress_titles_desc":"","_seopress_robots_index":""},"product_cat":[154,23,20,91,139,24],"product_tag":[],"class_list":{"0":"post-45274","1":"product","2":"type-product","3":"status-publish","4":"has-post-thumbnail","6":"product_cat-recambios-peugeot-bipper","7":"product_cat-recambios-citroen","8":"product_cat-recambios-fiat","9":"product_cat-recambios-fiat-fiorino","10":"product_cat-recambios-citroen-nemo","11":"product_cat-recambios-peugeot","13":"first","14":"instock","15":"taxable","16":"shipping-taxable","17":"purchasable","18":"product-type-simple"},"_links":{"self":[{"href":"https:\/\/galicianparts.com\/shop\/wp-json\/wp\/v2\/product\/45274"}],"collection":[{"href":"https:\/\/galicianparts.com\/shop\/wp-json\/wp\/v2\/product"}],"about":[{"href":"https:\/\/galicianparts.com\/shop\/wp-json\/wp\/v2\/types\/product"}],"wp:featuredmedia":[{"embeddable":true,"href":"https:\/\/galicianparts.com\/shop\/wp-json\/wp\/v2\/media\/45279"}],"wp:attachment":[{"href":"https:\/\/galicianparts.com\/shop\/wp-json\/wp\/v2\/media?parent=45274"}],"wp:term":[{"taxonomy":"product_cat","embeddable":true,"href":"https:\/\/galicianparts.com\/shop\/wp-json\/wp\/v2\/product_cat?post=45274"},{"taxonomy":"product_tag","embeddable":true,"href":"https:\/\/galicianparts.com\/shop\/wp-json\/wp\/v2\/product_tag?post=45274"}],"curies":[{"name":"wp","href":"https:\/\/api.w.org\/{rel}","templated":true}]}}