{"id":45459,"date":"2022-04-21T20:35:45","date_gmt":"2022-04-21T18:35:45","guid":{"rendered":"https:\/\/galicianparts.com\/shop\/producto\/5888148-kit-pastillas-freno-delantero-fiat-131-ritmo-127-x1-9-seat-128-132-autobianchi-original\/"},"modified":"2023-10-13T20:46:03","modified_gmt":"2023-10-13T18:46:03","slug":"5888148-kit-pastillas-freno-delantero-fiat-131-ritmo-127-x1-9-seat-128-132-autobianchi-original","status":"publish","type":"product","link":"https:\/\/galicianparts.com\/shop\/producto\/5888148-kit-pastillas-freno-delantero-fiat-131-ritmo-127-x1-9-seat-128-132-autobianchi-original\/","title":{"rendered":"5888148 Kit pastillas freno delantero Fiat 131 \/Ritmo \/127 \/ X1\/9 \/Seat 128 \/132 \/Autobianchi ORIGINAL"},"content":{"rendered":"<p>4434909 Juego, set de pastillas de freno delanteras de:<br \/>\nFIAT X 1\/9 (128)<br \/>\n1.5, A\u00f1o 06.1985 &#8211; 12.1989, 1499 , 76<br \/>\n1.5, A\u00f1o 11.1978 &#8211; 12.1989, 1499 , 85<br \/>\nFIAT Ritmo I Cabrio<br \/>\n1.6 100, A\u00f1o 10.1985 &#8211; 12.1987, 1585 , 100<br \/>\n1.6 100, A\u00f1o 10.1985 &#8211; 12.1987, 1585 , 105<br \/>\n1.3 50, A\u00f1o 10.1985 &#8211; 12.1987, 1302 , 68<br \/>\n1.5 80, A\u00f1o 03.1983 &#8211; 12.1986, 1498 , 82<br \/>\n1.5 80, A\u00f1o 01.1980 &#8211; 07.1989, 1498 , 86<br \/>\nFIAT Ritmo I Hatchback (138)<br \/>\n1.6 Sport 105, A\u00f1o 05.1981 &#8211; 12.1987, 1585 , 105<br \/>\nFIAT 127 Hatchback (127)<br \/>\n0.9, A\u00f1o 06.1971 &#8211; 05.1983, 903 , 40<br \/>\n0.9, A\u00f1o 06.1971 &#8211; 12.1986, 903 , 45<br \/>\n1.0, A\u00f1o 04.1977 &#8211; 12.1986, 1049 , 50<br \/>\n1.0 Sport, A\u00f1o 07.1978 &#8211; 02.1982, 1049 , 70<br \/>\n1.3 Di\u00e9sel, A\u00f1o 04.1981 &#8211; 12.1986, 1301 , 45<br \/>\n1.3 Sport, A\u00f1o 12.1981 &#8211; 05.1983, 1301 , 75<br \/>\nFIAT 131 Berlina (131)<br \/>\n1.3 Mirafiori, A\u00f1o 10.1974 &#8211; 09.1981, 1297 , 54<br \/>\n1.3 Mirafiori, A\u00f1o 10.1974 &#8211; 12.1982, 1297 , 65<br \/>\n1.3 Super Mirafiori, A\u00f1o 03.1978 &#8211; 12.1980, 1297 , 78<br \/>\n1.4 Mirafiori, A\u00f1o 11.1980 &#8211; 01.1984, 1367 , 70<br \/>\n1.4 Super Mirafiori, A\u00f1o 04.1981 &#8211; 12.1983, 1367 , 75<br \/>\n1.6, A\u00f1o 11.1976 &#8211; 12.1984, 1585 , 85<br \/>\n1.6, A\u00f1o 10.1974 &#8211; 09.1981, 1585 , 75<br \/>\n1.6 Super, A\u00f1o 03.1978 &#8211; 01.1984, 1585 , 97<br \/>\n1.6 Super Mirafiori, A\u00f1o 03.1979 &#8211; 03.1982, 1585 , 98<br \/>\n2.0 Abarth Rally, A\u00f1o 01.1976 &#8211; 07.1980, 1995 , 140<br \/>\n2.0 D, A\u00f1o 03.1978 &#8211; 03.1987, 1995 , 60<br \/>\n2.0 Racing, A\u00f1o 06.1978 &#8211; 12.1981, 1995 , 115<br \/>\n2.0 Super, A\u00f1o 01.1981 &#8211; 12.1984, 1995 , 113<br \/>\n2.5 D, A\u00f1o 06.1978 &#8211; 02.1984, 2445 , 72<br \/>\nFIAT 131 Familiare \/ Panorama (131)<br \/>\n1.3 Mirafiori, A\u00f1o 03.1975 &#8211; 03.1982, 1297 , 65<br \/>\n1.4 Mirafiori, A\u00f1o 11.1981 &#8211; 01.1984, 1367 , 70<br \/>\n1.6, A\u00f1o 11.1980 &#8211; 12.1984, 1585 , 85<br \/>\n2.0 Super, A\u00f1o 01.1981 &#8211; 12.1984, 1995 , 113<br \/>\n2.5 S\u00faper di\u00e9sel, A\u00f1o 03.1979 &#8211; 12.1984, 2445 , 72<br \/>\nFIAT 132 (132_)<br \/>\n1.6, A\u00f1o 05.1977 &#8211; 09.1982, 1585 , 88<br \/>\n1.6, A\u00f1o 01.1976 &#8211; 12.1982, 1585 , 98<br \/>\n2.0, A\u00f1o 01.1976 &#8211; 06.1981, 1995 , 112<br \/>\n2.0 i.e., A\u00f1o 01.1980 &#8211; 12.1982, 1995 , 122<br \/>\n2.5 D, A\u00f1o 07.1978 &#8211; 07.1982, 2445 , 72<br \/>\nFIAT Campagnola<br \/>\n2.4 D, A\u00f1o 06.1974 &#8211; 10.1989, 2445 , 72<br \/>\nAUTOBIANCHI A 112 Hatchback<br \/>\n0.9, A\u00f1o 10.1969 &#8211; 12.1972, 903 , 44<br \/>\n0.9, A\u00f1o 01.1976 &#8211; 12.1978, 903 , 45<br \/>\n0.9 E, A\u00f1o 01.1973 &#8211; 12.1977, 903 , 47<br \/>\n0.9 Junior, A\u00f1o 07.1975 &#8211; 12.1985, 903 , 42<br \/>\n1.0 Abarth, A\u00f1o 09.1971 &#8211; 12.1975, 982 , 58<br \/>\n1.0 Abarth, A\u00f1o 01.1974 &#8211; 12.1984, 1050 , 70<br \/>\n1.0 E,Elite,LX, A\u00f1o 11.1977 &#8211; 12.1985, 965 , 48<br \/>\nSEAT 132 Berlina<br \/>\n1.6, A\u00f1o 05.1973 &#8211; 12.1980, 1592 , 98<br \/>\n1.8, A\u00f1o 05.1973 &#8211; 12.1980, 1756 , 105<br \/>\n2.2 D, A\u00f1o 05.1979 &#8211; 12.1982, 2197 , 60<br \/>\nSEAT 128 Berlina<br \/>\n1.4, A\u00f1o 01.1976 &#8211; 12.1980, 1438 , 77<\/p>\n<p>LA PIEZA ES NUEVA Y ORIGINAL.<\/p>\n","protected":false},"excerpt":{"rendered":"<p>4434909 Juego, set de pastillas de freno delanteras de: FIAT X 1\/9 (128) 1.5, A\u00f1o 06.1985 &#8211; 12.1989, 1499 , 76 1.5, A\u00f1o 11.1978 &#8211; 12.1989, 1499 , 85 FIAT Ritmo I Cabrio 1.6 100, A\u00f1o 10.1985 &#8211; 12.1987, 1585 , 100 1.6 100, A\u00f1o 10.1985 &#8211; 12.1987, 1585 , 105 1.3 50, A\u00f1o 10.1985 [&hellip;]<\/p>\n","protected":false},"featured_media":45460,"template":"","meta":{"_seopress_robots_primary_cat":"","_seopress_titles_title":"","_seopress_titles_desc":"","_seopress_robots_index":""},"product_cat":[68,234,70,232,71,63,25,83,20,103,26,206],"product_tag":[],"class_list":{"0":"post-45459","1":"product","2":"type-product","3":"status-publish","4":"has-post-thumbnail","6":"product_cat-recambios-fiat-127","7":"product_cat-recambios-seat-128","8":"product_cat-recambios-fiat-131","9":"product_cat-recambios-seat-132","10":"product_cat-recambios-fiat-132","11":"product_cat-recambios-autobianchi-a112","12":"product_cat-recambios-autobianchi","13":"product_cat-recambios-fiat-campagnola","14":"product_cat-recambios-fiat","15":"product_cat-recambios-fiat-ritmo","16":"product_cat-recambios-seat","17":"product_cat-recambios-fiat-x1-9","19":"first","20":"outofstock","21":"taxable","22":"shipping-taxable","23":"purchasable","24":"product-type-simple"},"_links":{"self":[{"href":"https:\/\/galicianparts.com\/shop\/wp-json\/wp\/v2\/product\/45459"}],"collection":[{"href":"https:\/\/galicianparts.com\/shop\/wp-json\/wp\/v2\/product"}],"about":[{"href":"https:\/\/galicianparts.com\/shop\/wp-json\/wp\/v2\/types\/product"}],"wp:featuredmedia":[{"embeddable":true,"href":"https:\/\/galicianparts.com\/shop\/wp-json\/wp\/v2\/media\/45460"}],"wp:attachment":[{"href":"https:\/\/galicianparts.com\/shop\/wp-json\/wp\/v2\/media?parent=45459"}],"wp:term":[{"taxonomy":"product_cat","embeddable":true,"href":"https:\/\/galicianparts.com\/shop\/wp-json\/wp\/v2\/product_cat?post=45459"},{"taxonomy":"product_tag","embeddable":true,"href":"https:\/\/galicianparts.com\/shop\/wp-json\/wp\/v2\/product_tag?post=45459"}],"curies":[{"name":"wp","href":"https:\/\/api.w.org\/{rel}","templated":true}]}}