{"id":45480,"date":"2022-04-22T08:49:22","date_gmt":"2022-04-22T06:49:22","guid":{"rendered":"https:\/\/galicianparts.com\/shop\/producto\/7569737-tubo-admision-filtro-aire-fiat-ducato-1989-1994-nuevo-original\/"},"modified":"2025-06-25T19:55:25","modified_gmt":"2025-06-25T17:55:25","slug":"7569737-tubo-admision-filtro-aire-fiat-ducato-1989-1994-nuevo-original","status":"publish","type":"product","link":"https:\/\/galicianparts.com\/shop\/producto\/7569737-tubo-admision-filtro-aire-fiat-ducato-1989-1994-nuevo-original\/","title":{"rendered":"7569737 Tubo admisi\u00f3n filtro aire Fiat Ducato (1989-1994) NUEVO ORIGINAL"},"content":{"rendered":"<p>Manguito de la toma de admisi\u00f3n de aire de:<br \/>\nFIAT Ducato I Furg\u00f3n (290)<br \/>\n1.9 D, A\u00f1o 07.1990 &#8211; 03.1994, 1929 , 71<br \/>\n1.9 TD, A\u00f1o 03.1989 &#8211; 03.1994, 1929 , 82<br \/>\nFIAT Ducato I Panorama (290)<br \/>\n1.9 D, A\u00f1o 07.1990 &#8211; 03.1994, 1929 , 71<br \/>\n1.9 TD, A\u00f1o 07.1990 &#8211; 03.1994, 1929 , 82<br \/>\nFIAT Ducato I Cami\u00f3n de plataforma\/Chasis (290)<br \/>\n1.9 TD, A\u00f1o 03.1989 &#8211; 03.1994, 1929 , 82<\/p>\n<p>LA PIEZA ES NUEVA Y ORIGINAL.<\/p>\n","protected":false},"excerpt":{"rendered":"<p>Manguito de la toma de admisi\u00f3n de aire de: FIAT Ducato I Furg\u00f3n (290) 1.9 D, A\u00f1o 07.1990 &#8211; 03.1994, 1929 , 71 1.9 TD, A\u00f1o 03.1989 &#8211; 03.1994, 1929 , 82 FIAT Ducato I Panorama (290) 1.9 D, A\u00f1o 07.1990 &#8211; 03.1994, 1929 , 71 1.9 TD, A\u00f1o 07.1990 &#8211; 03.1994, 1929 , 82 [&hellip;]<\/p>\n","protected":false},"featured_media":45482,"template":"","meta":{"_seopress_robots_primary_cat":"","_seopress_titles_title":"","_seopress_titles_desc":"","_seopress_robots_index":""},"product_cat":[88,20],"product_tag":[],"class_list":{"0":"post-45480","1":"product","2":"type-product","3":"status-publish","4":"has-post-thumbnail","6":"product_cat-recambios-fiat-ducato","7":"product_cat-recambios-fiat","9":"first","10":"outofstock","11":"taxable","12":"shipping-taxable","13":"purchasable","14":"product-type-simple"},"_links":{"self":[{"href":"https:\/\/galicianparts.com\/shop\/wp-json\/wp\/v2\/product\/45480"}],"collection":[{"href":"https:\/\/galicianparts.com\/shop\/wp-json\/wp\/v2\/product"}],"about":[{"href":"https:\/\/galicianparts.com\/shop\/wp-json\/wp\/v2\/types\/product"}],"wp:featuredmedia":[{"embeddable":true,"href":"https:\/\/galicianparts.com\/shop\/wp-json\/wp\/v2\/media\/45482"}],"wp:attachment":[{"href":"https:\/\/galicianparts.com\/shop\/wp-json\/wp\/v2\/media?parent=45480"}],"wp:term":[{"taxonomy":"product_cat","embeddable":true,"href":"https:\/\/galicianparts.com\/shop\/wp-json\/wp\/v2\/product_cat?post=45480"},{"taxonomy":"product_tag","embeddable":true,"href":"https:\/\/galicianparts.com\/shop\/wp-json\/wp\/v2\/product_tag?post=45480"}],"curies":[{"name":"wp","href":"https:\/\/api.w.org\/{rel}","templated":true}]}}