{"id":45553,"date":"2022-04-22T12:20:40","date_gmt":"2022-04-22T10:20:40","guid":{"rendered":"https:\/\/galicianparts.com\/shop\/producto\/5881945-kit-juntas-motor-fiat-ritmo-seat-ibiza-ronda-malaga-original\/"},"modified":"2024-09-11T19:48:14","modified_gmt":"2024-09-11T17:48:14","slug":"5881945-kit-juntas-motor-fiat-ritmo-seat-ibiza-ronda-malaga-original","status":"publish","type":"product","link":"https:\/\/galicianparts.com\/shop\/producto\/5881945-kit-juntas-motor-fiat-ritmo-seat-ibiza-ronda-malaga-original\/","title":{"rendered":"5881945 Kit juntas motor Fiat Ritmo \/Seat Ibiza \/Ronda \/M\u00e1laga ORIGINAL"},"content":{"rendered":"<p>Juego, set de juntas del motor de:<br \/>\nSEAT Ronda (022A)<br \/>\n1.7 Di\u00e9sel, A\u00f1o 06.1982 &#8211; 12.1986, 1714 , 54<br \/>\n1.7 Di\u00e9sel, A\u00f1o 06.1982 &#8211; 12.1986, 1714 , 56<br \/>\nSEAT Malaga (023A)<br \/>\n1.7 D, A\u00f1o 05.1985 &#8211; 12.1993, 1714 , 54<br \/>\n1.7 D, A\u00f1o 05.1990 &#8211; 12.1993, 1714 , 57<br \/>\nSEAT Ibiza I Hatchback (021A)<br \/>\n1.7 D, A\u00f1o 06.1984 &#8211; 05.1993, 1714 , 54<br \/>\n1.7 D, A\u00f1o 08.1990 &#8211; 05.1993, 1714 , 57<br \/>\nSEAT Ritmo (138)<br \/>\n1.7 D, A\u00f1o 10.1979 &#8211; 09.1983, 1714 , 56<\/p>\n<p>FIAT Regata Berlina (138)<br \/>\n1.7 Di\u00e9sel 60, A\u00f1o 09.1983 &#8211; 12.1986, 1714 , 58<\/p>\n<p>LA PIEZA ES NUEVA Y ORIGINAL.<\/p>\n","protected":false},"excerpt":{"rendered":"<p>Juego, set de juntas del motor de: SEAT Ronda (022A) 1.7 Di\u00e9sel, A\u00f1o 06.1982 &#8211; 12.1986, 1714 , 54 1.7 Di\u00e9sel, A\u00f1o 06.1982 &#8211; 12.1986, 1714 , 56 SEAT Malaga (023A) 1.7 D, A\u00f1o 05.1985 &#8211; 12.1993, 1714 , 54 1.7 D, A\u00f1o 05.1990 &#8211; 12.1993, 1714 , 57 SEAT Ibiza I Hatchback (021A) 1.7 [&hellip;]<\/p>\n","protected":false},"featured_media":45554,"template":"","meta":{"_seopress_robots_primary_cat":"","_seopress_titles_title":"","_seopress_titles_desc":"","_seopress_robots_index":""},"product_cat":[20,162,164,103,165,26],"product_tag":[],"class_list":{"0":"post-45553","1":"product","2":"type-product","3":"status-publish","4":"has-post-thumbnail","6":"product_cat-recambios-fiat","7":"product_cat-recambios-seat-ibiza","8":"product_cat-recambios-seat-malaga","9":"product_cat-recambios-fiat-ritmo","10":"product_cat-recambios-seat-ronda","11":"product_cat-recambios-seat","13":"first","14":"outofstock","15":"taxable","16":"shipping-taxable","17":"purchasable","18":"product-type-simple"},"_links":{"self":[{"href":"https:\/\/galicianparts.com\/shop\/wp-json\/wp\/v2\/product\/45553"}],"collection":[{"href":"https:\/\/galicianparts.com\/shop\/wp-json\/wp\/v2\/product"}],"about":[{"href":"https:\/\/galicianparts.com\/shop\/wp-json\/wp\/v2\/types\/product"}],"wp:featuredmedia":[{"embeddable":true,"href":"https:\/\/galicianparts.com\/shop\/wp-json\/wp\/v2\/media\/45554"}],"wp:attachment":[{"href":"https:\/\/galicianparts.com\/shop\/wp-json\/wp\/v2\/media?parent=45553"}],"wp:term":[{"taxonomy":"product_cat","embeddable":true,"href":"https:\/\/galicianparts.com\/shop\/wp-json\/wp\/v2\/product_cat?post=45553"},{"taxonomy":"product_tag","embeddable":true,"href":"https:\/\/galicianparts.com\/shop\/wp-json\/wp\/v2\/product_tag?post=45553"}],"curies":[{"name":"wp","href":"https:\/\/api.w.org\/{rel}","templated":true}]}}