{"id":46068,"date":"2022-04-28T20:33:36","date_gmt":"2022-04-28T18:33:36","guid":{"rendered":"https:\/\/galicianparts.com\/shop\/producto\/5945256-cable-aire-encendido-en-frio-fiat-ritmo-diesel-nuevo-original\/"},"modified":"2025-05-15T11:09:07","modified_gmt":"2025-05-15T09:09:07","slug":"5945256-cable-aire-encendido-en-frio-fiat-ritmo-diesel-nuevo-original","status":"publish","type":"product","link":"https:\/\/galicianparts.com\/shop\/producto\/5945256-cable-aire-encendido-en-frio-fiat-ritmo-diesel-nuevo-original\/","title":{"rendered":"5945256 Cable aire encendido en fr\u00edo Fiat Ritmo Diesel NUEVO ORIGINAL"},"content":{"rendered":"<p>Tirador del aire color marr\u00f3n de encendido en Fr\u00edo de:<br \/>\nLargo: 460mm<br \/>\nFIAT RITMO DIESEL<\/p>\n<p>LA PIEZA ES NUEVA Y ORIGINAL.<\/p>\n","protected":false},"excerpt":{"rendered":"<p>Tirador del aire color marr\u00f3n de encendido en Fr\u00edo de: Largo: 460mm FIAT RITMO DIESEL LA PIEZA ES NUEVA Y ORIGINAL.<\/p>\n","protected":false},"featured_media":46069,"template":"","meta":{"_seopress_robots_primary_cat":"","_seopress_titles_title":"","_seopress_titles_desc":"","_seopress_robots_index":""},"product_cat":[20,103],"product_tag":[],"class_list":{"0":"post-46068","1":"product","2":"type-product","3":"status-publish","4":"has-post-thumbnail","6":"product_cat-recambios-fiat","7":"product_cat-recambios-fiat-ritmo","9":"first","10":"outofstock","11":"taxable","12":"shipping-taxable","13":"purchasable","14":"product-type-simple"},"_links":{"self":[{"href":"https:\/\/galicianparts.com\/shop\/wp-json\/wp\/v2\/product\/46068"}],"collection":[{"href":"https:\/\/galicianparts.com\/shop\/wp-json\/wp\/v2\/product"}],"about":[{"href":"https:\/\/galicianparts.com\/shop\/wp-json\/wp\/v2\/types\/product"}],"wp:featuredmedia":[{"embeddable":true,"href":"https:\/\/galicianparts.com\/shop\/wp-json\/wp\/v2\/media\/46069"}],"wp:attachment":[{"href":"https:\/\/galicianparts.com\/shop\/wp-json\/wp\/v2\/media?parent=46068"}],"wp:term":[{"taxonomy":"product_cat","embeddable":true,"href":"https:\/\/galicianparts.com\/shop\/wp-json\/wp\/v2\/product_cat?post=46068"},{"taxonomy":"product_tag","embeddable":true,"href":"https:\/\/galicianparts.com\/shop\/wp-json\/wp\/v2\/product_tag?post=46068"}],"curies":[{"name":"wp","href":"https:\/\/api.w.org\/{rel}","templated":true}]}}