{"id":46119,"date":"2022-04-29T09:50:42","date_gmt":"2022-04-29T07:50:42","guid":{"rendered":"https:\/\/galicianparts.com\/shop\/producto\/op-537-1-filtro-aceite-filtron-op-537-1-fiat-lancia-alfa-romeo\/"},"modified":"2024-04-04T22:36:49","modified_gmt":"2024-04-04T20:36:49","slug":"op-537-1-filtro-aceite-filtron-op-537-1-fiat-lancia-alfa-romeo","status":"publish","type":"product","link":"https:\/\/galicianparts.com\/shop\/producto\/op-537-1-filtro-aceite-filtron-op-537-1-fiat-lancia-alfa-romeo\/","title":{"rendered":"OP 537\/1 Filtro aceite FILTRON OP 537\/1 Fiat \/ Lancia \/ Alfa Romeo"},"content":{"rendered":"<p>Filtro de aceite Filtron OP 537\/1 de:<br \/>\nAltura: 76mm<br \/>\nMedida de rosca: M20 X 1.5<br \/>\nDi\u00e1m. int. 2: 69,5, 61,5mm<br \/>\nDi\u00e1metro: 75mm<\/p>\n<p>FIAT Panda I Hatchback (141)<br \/>\n1.1, A\u00f1o 03.1995 &#8211; 09.2003, 1108 , 54<br \/>\nFIAT Fiorino II Furg\u00f3n (146)<br \/>\n65 1.7 TD, A\u00f1o 01.1997 &#8211; 05.2001, 1698 , 63<br \/>\nFIAT Barchetta (183)<br \/>\n1.8 16V, A\u00f1o 04.1995 &#8211; 05.2005, 1747 , 130<br \/>\nFIAT Brava Hatchback (182)<br \/>\n1.6 16V, A\u00f1o 01.1999 &#8211; 12.2002, 1596 , 103<br \/>\n1.8 GT 16V, A\u00f1o 10.1995 &#8211; 10.2001, 1747 , 113<br \/>\n1.9 JTD, A\u00f1o 09.2000 &#8211; 10.2001, 1910 , 100<br \/>\n1.9 JTD 105, A\u00f1o 12.1998 &#8211; 10.2001, 1910 , 105<br \/>\n1.9 TD 100 S, A\u00f1o 03.1996 &#8211; 10.2001, 1910 , 100<br \/>\n1.9 TD 75 S, A\u00f1o 03.1996 &#8211; 10.2001, 1910 , 75<br \/>\nFIAT Bravo I Hatchback (182)<br \/>\n1.8 GT, A\u00f1o 10.1995 &#8211; 10.2001, 1747 , 113<br \/>\n1.9 JTD, A\u00f1o 09.2000 &#8211; 10.2001, 1910 , 100<br \/>\n1.9 JTD 105, A\u00f1o 12.1998 &#8211; 10.2001, 1910 , 105<br \/>\n1.9 TD 100 S, A\u00f1o 03.1996 &#8211; 10.2001, 1910 , 100<br \/>\n1.9 TD 75 S, A\u00f1o 03.1996 &#8211; 10.2001, 1910 , 75<br \/>\n2.0 HGT 20V, A\u00f1o 10.1995 &#8211; 07.1998, 1998 , 147<br \/>\n2.0 HGT 20V, A\u00f1o 07.1998 &#8211; 10.2001, 1998 , 154<br \/>\nFIAT Marea (185)<br \/>\n1.8 115 16V, A\u00f1o 09.1996 &#8211; 05.2002, 1747 , 113<br \/>\n1.9 JTD 105, A\u00f1o 04.1999 &#8211; 01.2001, 1910 , 105<br \/>\n1.9 JTD 110, A\u00f1o 01.2001 &#8211; 05.2002, 1910 , 110<br \/>\n1.9 TD 100, A\u00f1o 09.1996 &#8211; 05.2002, 1910 , 100<br \/>\n1.9 TD 75, A\u00f1o 09.1996 &#8211; 05.2002, 1910 , 75<br \/>\n2.0 150 20V, A\u00f1o 09.1996 &#8211; 04.1999, 1998 , 147<br \/>\n2.0 155 20V, A\u00f1o 04.1999 &#8211; 01.2001, 1998 , 154<br \/>\n2.4 JTD 130, A\u00f1o 04.1999 &#8211; 05.2002, 2387 , 130<br \/>\n2.4 TD 125, A\u00f1o 09.1996 &#8211; 04.1999, 2387 , 125<br \/>\nFIAT Ducato I Furg\u00f3n (290)<br \/>\n1.9 D, A\u00f1o 07.1990 &#8211; 03.1994, 1929 , 71<br \/>\nFIAT Palio I Hatchback (178)<br \/>\n1.2, A\u00f1o 07.1997 &#8211; 08.2002, 1242 , 60<br \/>\n1.2, A\u00f1o 06.1998 &#8211; &#8230;, 1242 , 73<br \/>\nFIAT Palio I Weekend (178)<br \/>\n1.2, A\u00f1o 07.1997 &#8211; 10.2004, 1242 , 60<br \/>\n1.2, A\u00f1o 06.1999 &#8211; 10.2002, 1242 , 68<br \/>\n1.2, A\u00f1o 04.1996 &#8211; 03.2001, 1242 , 73<br \/>\n1.2, A\u00f1o 09.2001 &#8211; 10.2004, 1242 , 80<br \/>\n1.7 TD, A\u00f1o 04.1996 &#8211; 03.2001, 1698 , 70<br \/>\n1.9 D, A\u00f1o 03.2001 &#8211; &#8230;, 1910 , 63<br \/>\n1.9 JTD, A\u00f1o 09.2001 &#8211; &#8230;, 1910 , 80<br \/>\nFIAT Seicento Hatchback (187) (A\u00f1o 01.1998 &#8211; 01.2010)<br \/>\n1.1, A\u00f1o 01.1998 &#8211; 01.2010, 1108 , 54<br \/>\nFIAT Coupe (175) (A\u00f1o 11.1993 &#8211; 08.2000)<br \/>\n1.8 16V, A\u00f1o 03.1996 &#8211; 08.2000, 1747 , 131<br \/>\n2.0 20V, A\u00f1o 08.1996 &#8211; 04.1998, 1998 , 147<br \/>\n2.0 20V, A\u00f1o 04.1998 &#8211; 08.2000, 1998 , 154<br \/>\n2.0 20V Turbo, A\u00f1o 08.1996 &#8211; 08.2000, 1998 , 220<br \/>\nFIAT Ducato I Cami\u00f3n de plataforma\/Chasis (290)<br \/>\n1.9 D, A\u00f1o 06.1990 &#8211; 05.1994, 1929 , 69<br \/>\nFIAT Ducato I Panorama (280)<br \/>\n1.9 D, A\u00f1o 03.1987 &#8211; 08.1990, 1929 , 71<br \/>\nFIAT Multipla (186)<br \/>\n1.9 JTD 105, A\u00f1o 04.1999 &#8211; 06.2010, 1910 , 105<br \/>\n1.9 JTD 110, A\u00f1o 03.2001 &#8211; 07.2002, 1910 , 110<br \/>\nFIAT Strada Pick-up (178)<br \/>\n1.2, A\u00f1o 04.2003 &#8211; &#8230;, 1242 , 60<br \/>\n1.7 TD, A\u00f1o 06.1999 &#8211; 12.2006, 1698 , 69<br \/>\n1.9 D, A\u00f1o 12.2000 &#8211; &#8230;, 1910 , 63<br \/>\n1.9 JTD, A\u00f1o 04.2003 &#8211; &#8230;, 1910 , 80<br \/>\nFIAT Punto II Hatchback (188)<br \/>\n1.2 60, A\u00f1o 09.1999 &#8211; 12.2010, 1242 , 60<br \/>\n1.2 Bipower (188BXA1A), A\u00f1o 08.2001 &#8211; 05.2003, 1242 , 60<br \/>\n1.2 Natural Power, A\u00f1o 09.2003 &#8211; 03.2012, 1242 , 60<br \/>\n1.8 130 HGT, A\u00f1o 09.1999 &#8211; 03.2012, 1747 , 130<br \/>\n1.9 DS 60, A\u00f1o 09.1999 &#8211; 03.2012, 1910 , 60<br \/>\n1.9 JTD, A\u00f1o 10.2001 &#8211; 03.2012, 1910 , 86<br \/>\n1.9 JTD 80, A\u00f1o 09.1999 &#8211; 03.2012, 1910 , 80<br \/>\nFIAT Doblo I (119, 223)<br \/>\n1.2, A\u00f1o 03.2001 &#8211; &#8230;, 1242 , 65<br \/>\n1.6 16V, A\u00f1o 10.2001 &#8211; &#8230;, 1596 , 103<br \/>\n1.6 Natural Power, A\u00f1o 09.2002 &#8211; &#8230;, 1596 , 103<br \/>\n1.9 D, A\u00f1o 03.2001 &#8211; &#8230;, 1910 , 63<br \/>\n1.9 JTD, A\u00f1o 07.2003 &#8211; &#8230;, 1910 , 105<br \/>\n1.9 JTD, A\u00f1o 10.2001 &#8211; &#8230;, 1910 , 100<br \/>\nFIAT Talento Cami\u00f3n de plataforma\/Chasis (290) (A\u00f1o 03.1989 &#8211; 03.1994)<br \/>\nFIAT Stilo Hatchback (192)<br \/>\n1.8 16V, A\u00f1o 10.2001 &#8211; 11.2006, 1747 , 133<br \/>\n2.4 20V, A\u00f1o 10.2001 &#8211; 11.2006, 2446 , 170<br \/>\nFIAT Stilo Multi Wagon (192)<br \/>\n1.6 16V, A\u00f1o 01.2003 &#8211; 08.2008, 1596 , 103<br \/>\n1.8 16V, A\u00f1o 01.2003 &#8211; 08.2008, 1747 , 133<br \/>\nFIAT Panda II (169)<br \/>\n1.1, A\u00f1o 09.2003 &#8211; &#8230;, 1108 , 54<br \/>\n1.2, A\u00f1o 09.2003 &#8211; &#8230;, 1242 , 60<br \/>\n1.2 4&#215;4, A\u00f1o 10.2004 &#8211; &#8230;, 1242 , 60<br \/>\n1.2 LPG, A\u00f1o 04.2009 &#8211; &#8230;, 1242 , 60<br \/>\n1.2 Natural Power, A\u00f1o 01.2007 &#8211; 12.2011, 1242 , 60<\/p>\n<p>ALFA ROMEO 145 (930)<br \/>\n1.4 i.e. 16V T.S. (930.A3A), A\u00f1o 12.1996 &#8211; 01.2001, 1370 , 103<br \/>\n1.6 16V T.S. (930.A2C), A\u00f1o 09.1997 &#8211; 12.2000, 1598 , 112<br \/>\n1.6 i.e. 16V T.S. (930.A2), A\u00f1o 12.1996 &#8211; 01.2001, 1598 , 120<br \/>\n1.8 i.e. 16V (930.A1A), A\u00f1o 03.1998 &#8211; 01.2001, 1747 , 144<br \/>\n1.8 i.e. 16V T.S. (930.A1A), A\u00f1o 12.1996 &#8211; 12.1998, 1747 , 140<br \/>\n1.9 JTD (930.A4B), A\u00f1o 03.1999 &#8211; 01.2001, 1910 , 105<br \/>\n2.0 16V (930.A5), A\u00f1o 03.1998 &#8211; 01.2001, 1970 , 155<br \/>\n2.0 16V T.S. (930.A5), A\u00f1o 10.1995 &#8211; 01.2001, 1970 , 150<br \/>\nALFA ROMEO 155 (167)<br \/>\n1.6 16V T.S. (167.A6A), A\u00f1o 05.1996 &#8211; 12.1997, 1598 , 120<br \/>\n1.7 T.S. 16V (167.A4N), A\u00f1o 05.1996 &#8211; 12.1997, 1747 , 140<br \/>\n2.0 T.S. 16V, A\u00f1o 03.1995 &#8211; 12.1997, 1970 , 150<br \/>\nALFA ROMEO 146 (930)<br \/>\n1.4 i.e. 16V T.S. (930.B3A), A\u00f1o 11.1996 &#8211; 01.2001, 1370 , 103<br \/>\n1.6 16V T.S. (930.B2C), A\u00f1o 09.1997 &#8211; 12.2000, 1598 , 112<br \/>\n1.6 i.e. 16V T.S. (930.B2B), A\u00f1o 11.1996 &#8211; 01.2001, 1598 , 120<br \/>\n1.8 i.e. 16V T.S. (930.B1A), A\u00f1o 11.1996 &#8211; 01.2001, 1747 , 140<br \/>\n1.8 i.e. 16V T.S. (930.B1A), A\u00f1o 03.1998 &#8211; 01.2001, 1747 , 144<br \/>\n1.9 JTD (930.B4B), A\u00f1o 03.1999 &#8211; 01.2001, 1910 , 105<br \/>\n2.0 16V (930.B5), A\u00f1o 03.1998 &#8211; 01.2001, 1970 , 155<br \/>\n2.0 16V T.S. (930.B5), A\u00f1o 10.1995 &#8211; 01.2001, 1970 , 150<br \/>\nALFA ROMEO GTV (916, 916C)<br \/>\n1.8 16V, A\u00f1o 05.1998 &#8211; 10.2005, 1747 , 144<br \/>\n2.0 JTS, A\u00f1o 04.2003 &#8211; 10.2005, 1970 , 165<br \/>\n2.0 T.SPARK 16V, A\u00f1o 06.1995 &#8211; 10.2005, 1970 , 150<br \/>\n2.0 T.SPARK 16V, A\u00f1o 05.1998 &#8211; 08.2000, 1970 , 155<br \/>\nALFA ROMEO Spider (916, 916S)<br \/>\n1.8 16V, A\u00f1o 05.1998 &#8211; 04.2005, 1747 , 144<br \/>\n2.0 JTS, A\u00f1o 04.2003 &#8211; 04.2005, 1970 , 165<br \/>\n2.0 T.SPARK 16V, A\u00f1o 05.1998 &#8211; 08.2000, 1970 , 155<br \/>\n2.0 T.SPARK 16V, A\u00f1o 06.1995 &#8211; 04.2005, 1970 , 150<br \/>\nALFA ROMEO 156 (932)<br \/>\n1.6 16V T.SPARK, A\u00f1o 09.1997 &#8211; 09.2005, 1598 , 112<br \/>\n1.6 16V T.SPARK, A\u00f1o 09.1997 &#8211; 09.2005, 1598 , 120<br \/>\n1.8 16V T.SPARK, A\u00f1o 09.1997 &#8211; 10.2000, 1747 , 144<br \/>\n1.8 16V T.SPARK, A\u00f1o 10.2000 &#8211; 09.2005, 1747 , 140<br \/>\n1.9 JTD, A\u00f1o 10.2000 &#8211; 05.2001, 1910 , 110<br \/>\n1.9 JTD, A\u00f1o 05.2001 &#8211; 09.2005, 1910 , 115<br \/>\n1.9 JTD, A\u00f1o 09.1997 &#8211; 10.2000, 1910 , 105<br \/>\n2.0 16V T.SPARK, A\u00f1o 09.1997 &#8211; 06.2002, 1970 , 155<br \/>\n2.0 16V T.SPARK, A\u00f1o 10.2000 &#8211; 03.2002, 1970 , 150<br \/>\n2.0 JTS, A\u00f1o 01.2002 &#8211; 09.2005, 1970 , 160<br \/>\n2.4 JTD, A\u00f1o 10.2003 &#8211; 09.2005, 2387 , 175<br \/>\n2.4 JTD, A\u00f1o 10.2000 &#8211; 09.2005, 2387 , 140<br \/>\n2.4 JTD, A\u00f1o 03.2002 &#8211; 09.2005, 2387 , 150<br \/>\n2.4 JTD, A\u00f1o 09.1997 &#8211; 09.2003, 2387 , 136<br \/>\n2.5 V6 24V, A\u00f1o 09.1997 &#8211; 12.2001, 2492 , 190<br \/>\n2.5 V6 24V, A\u00f1o 10.2000 &#8211; 09.2005, 2492 , 192<br \/>\nALFA ROMEO 166 (936)<br \/>\n2.0 T.Spark, A\u00f1o 09.1998 &#8211; 10.2000, 1970 , 155<br \/>\n2.0 T.Spark, A\u00f1o 10.2000 &#8211; 06.2007, 1970 , 150<br \/>\n2.4 JTD, A\u00f1o 04.2002 &#8211; 06.2007, 2387 , 150<br \/>\n2.4 JTD, A\u00f1o 09.1998 &#8211; 10.2000, 2387 , 136<br \/>\n2.4 JTD, A\u00f1o 10.2000 &#8211; 06.2007, 2387 , 140<br \/>\nALFA ROMEO 147 (937)<br \/>\n1.6 16V T.SPARK, A\u00f1o 01.2001 &#8211; 03.2010, 1598 , 120<br \/>\n1.6 16V T.SPARK ECO, A\u00f1o 01.2001 &#8211; 03.2010, 1598 , 105<br \/>\n1.6 LPG (937AXA1A), A\u00f1o 01.2009 &#8211; 03.2010, 1598 , 105<br \/>\n1.6 LPG (937BXB1A), A\u00f1o 03.2001 &#8211; 12.2009, 1598 , 120<br \/>\n2.0 16V T.SPARK, A\u00f1o 01.2001 &#8211; 03.2010, 1970 , 150<br \/>\n3.2 GTA (937.AXL1), A\u00f1o 03.2003 &#8211; 03.2010, 3179 , 250<br \/>\nALFA ROMEO GT (937)<br \/>\n1.8 TS, A\u00f1o 11.2003 &#8211; 09.2010, 1747 , 140<\/p>\n<p>LANCIA Kappa (838)<br \/>\n2.0 20V, A\u00f1o 10.1994 &#8211; 10.2001, 1998 , 146<br \/>\n2.0 20V, A\u00f1o 07.1996 &#8211; 10.2001, 1998 , 155<br \/>\n2.0 20V Turbo, A\u00f1o 06.1998 &#8211; 10.2001, 1998 , 220<br \/>\n2.4 20V, A\u00f1o 08.1994 &#8211; 10.2001, 2446 , 175<br \/>\n2.4 JTD, A\u00f1o 06.1998 &#8211; 10.2001, 2387 , 136<br \/>\n2.4 T.DS, A\u00f1o 08.1994 &#8211; 10.2001, 2387 , 124<br \/>\nLANCIA Delta II (836)<br \/>\n1.8 i.e. 16V, A\u00f1o 03.1996 &#8211; 08.1999, 1747 , 113<br \/>\n1.8 i.e. 16V GT, A\u00f1o 03.1996 &#8211; 08.1999, 1747 , 131<br \/>\nLANCIA Kappa Coup\u00e9 (838)<br \/>\n2.0 20V Turbo, A\u00f1o 06.1998 &#8211; 03.2001, 1998 , 220<br \/>\n2.4 20V, A\u00f1o 11.1996 &#8211; 03.2001, 2446 , 175<br \/>\nLANCIA Y (840)<br \/>\n1.2, A\u00f1o 03.1996 &#8211; 09.2003, 1242 , 60<br \/>\nLANCIA Lybra (839)<br \/>\n1.8 16V, A\u00f1o 07.1999 &#8211; 10.2005, 1747 , 131<br \/>\n1.9 JTD, A\u00f1o 07.1999 &#8211; 09.2000, 1910 , 105<br \/>\n1.9 JTD, A\u00f1o 09.2000 &#8211; 05.2001, 1910 , 110<br \/>\n2.0 20V, A\u00f1o 07.1999 &#8211; 09.2000, 1998 , 154<br \/>\n2.0 20V, A\u00f1o 09.2000 &#8211; 10.2005, 1998 , 150<br \/>\n2.4 JTD, A\u00f1o 07.1999 &#8211; 03.2001, 2387 , 135<br \/>\n2.4 JTD, A\u00f1o 09.2000 &#8211; 05.2002, 2387 , 140<br \/>\nLANCIA Thesis (841)<br \/>\n2.0 Turbo, A\u00f1o 07.2002 &#8211; 07.2009, 1998 , 185<br \/>\n2.4, A\u00f1o 07.2002 &#8211; 07.2009, 2446 , 170<br \/>\n2.4 JTD, A\u00f1o 09.2003 &#8211; 07.2009, 2387 , 163<br \/>\n2.4 JTD, A\u00f1o 07.2002 &#8211; 07.2009, 2387 , 150<br \/>\n3.0 V6, A\u00f1o 07.2002 &#8211; 07.2009, 2959 , 215<br \/>\n3.2 V6, A\u00f1o 05.2003 &#8211; 07.2009, 3179 , 230<br \/>\nLANCIA Ypsilon II (843)<br \/>\n1.2, A\u00f1o 10.2003 &#8211; 12.2011, 1242 , 60<\/p>\n<p>LA PIEZA ES NUEVA FILTRON.<\/p>\n","protected":false},"excerpt":{"rendered":"<p>Filtro de aceite Filtron OP 537\/1 de: Altura: 76mm Medida de rosca: M20 X 1.5 Di\u00e1m. int. 2: 69,5, 61,5mm Di\u00e1metro: 75mm FIAT Panda I Hatchback (141) 1.1, A\u00f1o 03.1995 &#8211; 09.2003, 1108 , 54 FIAT Fiorino II Furg\u00f3n (146) 65 1.7 TD, A\u00f1o 01.1997 &#8211; 05.2001, 1698 , 63 FIAT Barchetta (183) 1.8 16V, [&hellip;]<\/p>\n","protected":false},"featured_media":66658,"template":"","meta":{"_seopress_robots_primary_cat":"","_seopress_titles_title":"","_seopress_titles_desc":"","_seopress_robots_index":""},"product_cat":[45,46,44,48,49,57,16,80,81,82,85,118,87,88,20,91,50,55,119,21,120,95,96,98,99,101,106,56,108,109,110,125,127],"product_tag":[],"class_list":{"0":"post-46119","1":"product","2":"type-product","3":"status-publish","4":"has-post-thumbnail","6":"product_cat-recambios-alfa-romeo-145","7":"product_cat-recambios-alfa-romeo-146","8":"product_cat-recambios-alfa-romeo-147","9":"product_cat-recambios-alfa-romeo-155","10":"product_cat-recambios-alfa-romeo-156","11":"product_cat-recambios-alfa-romeo-166","12":"product_cat-recambios-alfa-romeo","13":"product_cat-recambios-fiat-barchetta","14":"product_cat-recambios-fiat-brava","15":"product_cat-recambios-fiat-bravo","16":"product_cat-recambios-fiat-coupe","17":"product_cat-recambios-lancia-delta","18":"product_cat-recambios-fiat-doblo","19":"product_cat-recambios-fiat-ducato","20":"product_cat-recambios-fiat","21":"product_cat-recambios-fiat-fiorino","22":"product_cat-recambios-alfa-romeo-gt","23":"product_cat-recambios-alfa-romeo-gtv","24":"product_cat-recambios-lancia-kappa","25":"product_cat-recambios-lancia","26":"product_cat-recambios-lancia-lybra","27":"product_cat-recambios-fiat-marea","28":"product_cat-recambios-fiat-multipla","29":"product_cat-recambios-fiat-palio","30":"product_cat-recambios-fiat-panda","31":"product_cat-recambios-fiat-punto","32":"product_cat-recambios-fiat-seicento","33":"product_cat-recambios-alfa-romeo-spider","34":"product_cat-recambios-fiat-stilo","35":"product_cat-recambios-fiat-strada","36":"product_cat-recambios-fiat-talento","37":"product_cat-recambios-lancia-thesis","38":"product_cat-recambios-lancia-ypsilon","40":"first","41":"instock","42":"taxable","43":"shipping-taxable","44":"purchasable","45":"product-type-simple"},"_links":{"self":[{"href":"https:\/\/galicianparts.com\/shop\/wp-json\/wp\/v2\/product\/46119"}],"collection":[{"href":"https:\/\/galicianparts.com\/shop\/wp-json\/wp\/v2\/product"}],"about":[{"href":"https:\/\/galicianparts.com\/shop\/wp-json\/wp\/v2\/types\/product"}],"wp:featuredmedia":[{"embeddable":true,"href":"https:\/\/galicianparts.com\/shop\/wp-json\/wp\/v2\/media\/66658"}],"wp:attachment":[{"href":"https:\/\/galicianparts.com\/shop\/wp-json\/wp\/v2\/media?parent=46119"}],"wp:term":[{"taxonomy":"product_cat","embeddable":true,"href":"https:\/\/galicianparts.com\/shop\/wp-json\/wp\/v2\/product_cat?post=46119"},{"taxonomy":"product_tag","embeddable":true,"href":"https:\/\/galicianparts.com\/shop\/wp-json\/wp\/v2\/product_tag?post=46119"}],"curies":[{"name":"wp","href":"https:\/\/api.w.org\/{rel}","templated":true}]}}