{"id":46208,"date":"2022-04-29T12:47:47","date_gmt":"2022-04-29T10:47:47","guid":{"rendered":"https:\/\/galicianparts.com\/shop\/producto\/71738156-kit-pastillas-freno-delantero-fiat-palio-siena-original\/"},"modified":"2022-04-29T13:06:17","modified_gmt":"2022-04-29T11:06:17","slug":"71738156-kit-pastillas-freno-delantero-fiat-palio-siena-original","status":"publish","type":"product","link":"https:\/\/galicianparts.com\/shop\/producto\/71738156-kit-pastillas-freno-delantero-fiat-palio-siena-original\/","title":{"rendered":"71738156 Kit pastillas freno delantero Fiat Palio \/ Siena ORIGINAL"},"content":{"rendered":"<p>Juego, set de pastillas de freno delanteras, con sensor de desgaste de:<br \/>\nFIAT Palio I Hatchback (178)<br \/>\n1.0, A\u00f1o 04.1996 &#8211; 10.2003, 994 , 61<br \/>\n1.2, A\u00f1o 07.1997 &#8211; 08.2002, 1242 , 60<br \/>\n1.4, A\u00f1o 04.1996 &#8211; 10.2002, 1372 , 69<br \/>\n1.4 CAT, A\u00f1o 04.1996 &#8211; 08.2001, 1372 , 69<br \/>\n1.6 16V, A\u00f1o 04.1996 &#8211; 10.2002, 1581 , 100<br \/>\nFIAT Palio I Weekend (178)<br \/>\n1.2, A\u00f1o 04.1996 &#8211; 03.2001, 1242 , 73<br \/>\n1.4, A\u00f1o 07.1997 &#8211; 08.2001, 1372 , 69<br \/>\n1.6 16V, A\u00f1o 07.1997 &#8211; 10.2003, 1581 , 92<br \/>\n1.6 16V, A\u00f1o 04.1996 &#8211; 03.2001, 1581 , 100<br \/>\n1.7 TD, A\u00f1o 04.1996 &#8211; 03.2001, 1698 , 70<br \/>\nFIAT Siena (178, 172)<br \/>\n1.2, A\u00f1o 09.1998 &#8211; 12.2009, 1242 , 73<br \/>\n1.4, A\u00f1o 04.1996 &#8211; 12.2009, 1372 , 69<br \/>\n1.4 CAT, A\u00f1o 04.1996 &#8211; 12.2009, 1372 , 69<br \/>\n1.6 16V, A\u00f1o 09.1998 &#8211; 12.2009, 1581 , 106<\/p>\n<p>LA PIEZA ES NUEVA Y ORIGINAL.<\/p>\n","protected":false},"excerpt":{"rendered":"<p>Juego, set de pastillas de freno delanteras, con sensor de desgaste de: FIAT Palio I Hatchback (178) 1.0, A\u00f1o 04.1996 &#8211; 10.2003, 994 , 61 1.2, A\u00f1o 07.1997 &#8211; 08.2002, 1242 , 60 1.4, A\u00f1o 04.1996 &#8211; 10.2002, 1372 , 69 1.4 CAT, A\u00f1o 04.1996 &#8211; 08.2001, 1372 , 69 1.6 16V, A\u00f1o 04.1996 &#8211; [&hellip;]<\/p>\n","protected":false},"featured_media":46209,"template":"","meta":{"_seopress_robots_primary_cat":"","_seopress_titles_title":"","_seopress_titles_desc":"","_seopress_robots_index":""},"product_cat":[20,98,107],"product_tag":[],"class_list":{"0":"post-46208","1":"product","2":"type-product","3":"status-publish","4":"has-post-thumbnail","6":"product_cat-recambios-fiat","7":"product_cat-recambios-fiat-palio","8":"product_cat-recambios-fiat-siena","10":"first","11":"instock","12":"taxable","13":"shipping-taxable","14":"purchasable","15":"product-type-simple"},"_links":{"self":[{"href":"https:\/\/galicianparts.com\/shop\/wp-json\/wp\/v2\/product\/46208"}],"collection":[{"href":"https:\/\/galicianparts.com\/shop\/wp-json\/wp\/v2\/product"}],"about":[{"href":"https:\/\/galicianparts.com\/shop\/wp-json\/wp\/v2\/types\/product"}],"wp:featuredmedia":[{"embeddable":true,"href":"https:\/\/galicianparts.com\/shop\/wp-json\/wp\/v2\/media\/46209"}],"wp:attachment":[{"href":"https:\/\/galicianparts.com\/shop\/wp-json\/wp\/v2\/media?parent=46208"}],"wp:term":[{"taxonomy":"product_cat","embeddable":true,"href":"https:\/\/galicianparts.com\/shop\/wp-json\/wp\/v2\/product_cat?post=46208"},{"taxonomy":"product_tag","embeddable":true,"href":"https:\/\/galicianparts.com\/shop\/wp-json\/wp\/v2\/product_tag?post=46208"}],"curies":[{"name":"wp","href":"https:\/\/api.w.org\/{rel}","templated":true}]}}