{"id":46220,"date":"2022-04-29T13:22:41","date_gmt":"2022-04-29T11:22:41","guid":{"rendered":"https:\/\/galicianparts.com\/shop\/producto\/4130541-junta-tapa-valvulas-fiat-124-131-242-238-seat-124-fura-ronda-128-131-original\/"},"modified":"2023-11-27T11:10:14","modified_gmt":"2023-11-27T09:10:14","slug":"4130541-junta-tapa-valvulas-fiat-124-131-242-238-seat-124-fura-ronda-128-131-original","status":"publish","type":"product","link":"https:\/\/galicianparts.com\/shop\/producto\/4130541-junta-tapa-valvulas-fiat-124-131-242-238-seat-124-fura-ronda-128-131-original\/","title":{"rendered":"4130541 Junta tapa v\u00e1lvulas Fiat 124 \/131 \/242 \/238 \/Seat 124 \/Fura \/Ronda \/128 \/131 ORIGINAL"},"content":{"rendered":"<p>Junta de la tapa de balancines de los modelos de:<br \/>\nSEAT Ronda (022A)<br \/>\n1.2, A\u00f1o 08.1983 &#8211; 05.1985, 1193 , 64<br \/>\n1.4, A\u00f1o 06.1982 &#8211; 11.1988, 1438 , 73<br \/>\nSEAT Fura (025A)<br \/>\n1.4, A\u00f1o 01.1982 &#8211; 06.1986, 1438 , 75<br \/>\nSEAT 131<br \/>\n1.5, A\u00f1o 03.1982 &#8211; 01.1985, 1438 , 75<br \/>\nSEAT Ritmo (138)<br \/>\n1.4, A\u00f1o 07.1978 &#8211; 09.1983, 1438 , 77<br \/>\nSEAT 124 Berlina<br \/>\n1.4 1430, A\u00f1o 01.1970 &#8211; 12.1976, 1438 , 75<br \/>\n1.2 D, A\u00f1o 01.1968 &#8211; 12.1976, 1197 , 60<br \/>\n1.2 LS, A\u00f1o 01.1968 &#8211; 10.1980, 1197 , 65<br \/>\nSEAT 124 Familiar<br \/>\n1.2 D, A\u00f1o 01.1970 &#8211; 12.1974, 1197 , 60<br \/>\n1.2 LS, A\u00f1o 01.1970 &#8211; 12.1976, 1197 , 65<br \/>\nSEAT 128 Berlina<br \/>\n1.2, A\u00f1o 01.1976 &#8211; 12.1980, 1197 , 67<br \/>\n1.4, A\u00f1o 01.1976 &#8211; 12.1980, 1438 , 77<\/p>\n<p>FIAT 131 Berlina (131)<br \/>\n1.3 Mirafiori, A\u00f1o 10.1974 &#8211; 09.1981, 1297 , 54<br \/>\n1.3 Mirafiori, A\u00f1o 10.1974 &#8211; 12.1982, 1297 , 65<br \/>\n1.3 Super Mirafiori, A\u00f1o 03.1978 &#8211; 12.1980, 1297 , 78<br \/>\n1.6, A\u00f1o 10.1974 &#8211; 09.1981, 1585 , 75<br \/>\nFIAT 131 Familiare \/ Panorama (131)<br \/>\n1.3 Mirafiori, A\u00f1o 03.1975 &#8211; 12.1978, 1297 , 54<br \/>\n1.3 Mirafiori, A\u00f1o 03.1975 &#8211; 03.1982, 1297 , 65<br \/>\n1.6 CL, A\u00f1o 03.1975 &#8211; 12.1978, 1585 , 75<br \/>\nFIAT 242<br \/>\n1.6, A\u00f1o 10.1975 &#8211; 07.1982, 1585 , 63<br \/>\nFIAT 124 Berlina (124)<br \/>\n1.2, A\u00f1o 02.1973 &#8211; 07.1975, 1197 , 65<br \/>\n1.2, A\u00f1o 07.1966 &#8211; 10.1973, 1197 , 60<br \/>\n1.4, A\u00f1o 12.1968 &#8211; 12.1972, 1438 , 70<br \/>\n1.4, A\u00f1o 01.1973 &#8211; 07.1975, 1438 , 75<br \/>\nFIAT &#8211; 238 E 1400 cc<br \/>\nFIAT 124 Familiare (124)<br \/>\n1.2, A\u00f1o 04.1967 &#8211; 05.1973, 1197 , 60<br \/>\n1.2, A\u00f1o 05.1973 &#8211; 03.1975, 1197 , 65<\/p>\n<p>LA PIEZA ES NUEVA Y ORIGINAL.<\/p>\n","protected":false},"excerpt":{"rendered":"<p>Junta de la tapa de balancines de los modelos de: SEAT Ronda (022A) 1.2, A\u00f1o 08.1983 &#8211; 05.1985, 1193 , 64 1.4, A\u00f1o 06.1982 &#8211; 11.1988, 1438 , 73 SEAT Fura (025A) 1.4, A\u00f1o 01.1982 &#8211; 06.1986, 1438 , 75 SEAT 131 1.5, A\u00f1o 03.1982 &#8211; 01.1985, 1438 , 75 SEAT Ritmo (138) 1.4, A\u00f1o [&hellip;]<\/p>\n","protected":false},"featured_media":45639,"template":"","meta":{"_seopress_robots_primary_cat":"","_seopress_titles_title":"","_seopress_titles_desc":"","_seopress_robots_index":""},"product_cat":[159,65,234,199,70,209,73,20,208,165,26],"product_tag":[],"class_list":{"0":"post-46220","1":"product","2":"type-product","3":"status-publish","4":"has-post-thumbnail","6":"product_cat-recambios-seat-124","7":"product_cat-recambios-fiat-124","8":"product_cat-recambios-seat-128","9":"product_cat-recambios-seat-131","10":"product_cat-recambios-fiat-131","11":"product_cat-recambios-fiat-238","12":"product_cat-recambios-fiat-242","13":"product_cat-recambios-fiat","14":"product_cat-recambios-seat-fura","15":"product_cat-recambios-seat-ronda","16":"product_cat-recambios-seat","18":"first","19":"outofstock","20":"taxable","21":"shipping-taxable","22":"purchasable","23":"product-type-simple"},"_links":{"self":[{"href":"https:\/\/galicianparts.com\/shop\/wp-json\/wp\/v2\/product\/46220"}],"collection":[{"href":"https:\/\/galicianparts.com\/shop\/wp-json\/wp\/v2\/product"}],"about":[{"href":"https:\/\/galicianparts.com\/shop\/wp-json\/wp\/v2\/types\/product"}],"wp:featuredmedia":[{"embeddable":true,"href":"https:\/\/galicianparts.com\/shop\/wp-json\/wp\/v2\/media\/45639"}],"wp:attachment":[{"href":"https:\/\/galicianparts.com\/shop\/wp-json\/wp\/v2\/media?parent=46220"}],"wp:term":[{"taxonomy":"product_cat","embeddable":true,"href":"https:\/\/galicianparts.com\/shop\/wp-json\/wp\/v2\/product_cat?post=46220"},{"taxonomy":"product_tag","embeddable":true,"href":"https:\/\/galicianparts.com\/shop\/wp-json\/wp\/v2\/product_tag?post=46220"}],"curies":[{"name":"wp","href":"https:\/\/api.w.org\/{rel}","templated":true}]}}