{"id":4644,"date":"2020-09-30T12:38:09","date_gmt":"2020-09-30T10:38:09","guid":{"rendered":"https:\/\/galicianparts.com\/shop\/producto\/181281380-mando-calefaccion-fiat-tempra-1989-1993-nuevo-original\/"},"modified":"2023-12-14T11:17:37","modified_gmt":"2023-12-14T09:17:37","slug":"181281380-mando-calefaccion-fiat-tempra-1989-1993-nuevo-original","status":"publish","type":"product","link":"https:\/\/galicianparts.com\/shop\/producto\/181281380-mando-calefaccion-fiat-tempra-1989-1993-nuevo-original\/","title":{"rendered":"181281380 Mando calefacci\u00f3n Fiat Tempra (1989-1993) NUEVO ORIGINAL"},"content":{"rendered":"<p>Bot\u00f3n, interruptor del m\u00f3dulo de la calefacci\u00f3n de:<br \/>\nFIAT &#8211; MV TEMPRA 1370-1580 (1989-1993)<br \/>\nFIAT &#8211; MW TEMPRA 1750-2000 (1989-1993)<br \/>\nFIAT &#8211; MX TEMPRA DIESEL-TURBO D. (1989-1993)<br \/>\nFIAT &#8211; NY TEMPRA MAQ.93 1370-1580 (&#8217;93-&#8217;96)<br \/>\nFIAT &#8211; NZ TEMPRA MAQ.93 1750-2000 (&#8217;93-&#8217;96)<br \/>\nFIAT &#8211; NJ TEMPRA MQ.93 D-TD (1993-1996)<\/p>\n<p>LA PIEZA ES NUEVA Y ORIGINAL.<\/p>\n","protected":false},"excerpt":{"rendered":"<p>Bot\u00f3n, interruptor del m\u00f3dulo de la calefacci\u00f3n de: FIAT &#8211; MV TEMPRA 1370-1580 (1989-1993) FIAT &#8211; MW TEMPRA 1750-2000 (1989-1993) FIAT &#8211; MX TEMPRA DIESEL-TURBO D. (1989-1993) FIAT &#8211; NY TEMPRA MAQ.93 1370-1580 (&#8217;93-&#8217;96) FIAT &#8211; NZ TEMPRA MAQ.93 1750-2000 (&#8217;93-&#8217;96) FIAT &#8211; NJ TEMPRA MQ.93 D-TD (1993-1996) LA PIEZA ES NUEVA Y ORIGINAL.<\/p>\n","protected":false},"featured_media":81112,"template":"","meta":{"_seopress_robots_primary_cat":"","_seopress_titles_title":"","_seopress_titles_desc":"","_seopress_robots_index":""},"product_cat":[20,111],"product_tag":[],"class_list":{"0":"post-4644","1":"product","2":"type-product","3":"status-publish","4":"has-post-thumbnail","6":"product_cat-recambios-fiat","7":"product_cat-recambios-fiat-tempra","9":"first","10":"instock","11":"taxable","12":"shipping-taxable","13":"purchasable","14":"product-type-simple"},"_links":{"self":[{"href":"https:\/\/galicianparts.com\/shop\/wp-json\/wp\/v2\/product\/4644"}],"collection":[{"href":"https:\/\/galicianparts.com\/shop\/wp-json\/wp\/v2\/product"}],"about":[{"href":"https:\/\/galicianparts.com\/shop\/wp-json\/wp\/v2\/types\/product"}],"wp:featuredmedia":[{"embeddable":true,"href":"https:\/\/galicianparts.com\/shop\/wp-json\/wp\/v2\/media\/81112"}],"wp:attachment":[{"href":"https:\/\/galicianparts.com\/shop\/wp-json\/wp\/v2\/media?parent=4644"}],"wp:term":[{"taxonomy":"product_cat","embeddable":true,"href":"https:\/\/galicianparts.com\/shop\/wp-json\/wp\/v2\/product_cat?post=4644"},{"taxonomy":"product_tag","embeddable":true,"href":"https:\/\/galicianparts.com\/shop\/wp-json\/wp\/v2\/product_tag?post=4644"}],"curies":[{"name":"wp","href":"https:\/\/api.w.org\/{rel}","templated":true}]}}