{"id":46476,"date":"2022-05-04T10:33:08","date_gmt":"2022-05-04T08:33:08","guid":{"rendered":"https:\/\/galicianparts.com\/shop\/producto\/ap-092-7-filtro-aire-filtron-ap-092-7-motor-1-3-multijet-fiat-lancia-alfa-romeo\/"},"modified":"2023-10-03T16:54:07","modified_gmt":"2023-10-03T14:54:07","slug":"ap-092-7-filtro-aire-filtron-ap-092-7-motor-1-3-multijet-fiat-lancia-alfa-romeo","status":"publish","type":"product","link":"https:\/\/galicianparts.com\/shop\/producto\/ap-092-7-filtro-aire-filtron-ap-092-7-motor-1-3-multijet-fiat-lancia-alfa-romeo\/","title":{"rendered":"AP 092\/7 Filtro aire FILTRON AP 092\/7 motor 1.3 Multijet Fiat \/ Lancia \/ Alfa Romeo"},"content":{"rendered":"<p>Filtro de aire de:<br \/>\nLongitud: 375mm<br \/>\nAncho: 147mm<br \/>\nAltura: 52mm<\/p>\n<p>FIAT Strada Pick-up (178)<br \/>\n1.3 D Multijet, A\u00f1o 05.2006 &#8211; &#8230;, 1248 , 85<br \/>\nFIAT Punto II Hatchback (188)<br \/>\n1.3 JTD 16V, A\u00f1o 06.2003 &#8211; 03.2012, 1248 , 70<br \/>\nFIAT Doblo I Familiar (119, 223)<br \/>\n1.3 D Multijet, A\u00f1o 10.2005 &#8211; &#8230;, 1248 , 84<br \/>\n1.3 JTD, A\u00f1o 05.2005 &#8211; &#8230;, 1248 , 75<br \/>\n1.3 JTD 16V, A\u00f1o 12.2004 &#8211; 05.2005, 1248 , 70<br \/>\nFIAT Doblo I Cargo (223)<br \/>\n1.3 D Multijet, A\u00f1o 10.2005 &#8211; 01.2010, 1248 , 75<br \/>\n1.3 JTD 16V, A\u00f1o 05.2004 &#8211; 12.2006, 1248 , 70<br \/>\n1.3 JTD 16V Multijet, A\u00f1o 08.2006 &#8211; &#8230;, 1248 , 84<br \/>\nFIAT Punto II Van (188)<br \/>\n1.3 JTD, A\u00f1o 06.2003 &#8211; 10.2005, 1248 , 69<br \/>\nFIAT Panda II (169)<br \/>\n1.3 D Multijet, A\u00f1o 09.2003 &#8211; &#8230;, 1248 , 70<br \/>\n1.3 D Multijet, A\u00f1o 06.2006 &#8211; 08.2013, 1248 , 75<br \/>\n1.3 D Multijet 4&#215;4, A\u00f1o 10.2004 &#8211; &#8230;, 1248 , 70<br \/>\n1.3 D Multijet 4&#215;4, A\u00f1o 09.2010 &#8211; 08.2013, 1248 , 75<br \/>\nFIAT Idea (350)<br \/>\n1.3 D Multijet, A\u00f1o 01.2004 &#8211; &#8230;, 1248 , 70<br \/>\n1.3 D Multijet, A\u00f1o 10.2005 &#8211; &#8230;, 1248 , 90<br \/>\n1.3 D Multijet, A\u00f1o 05.2008 &#8211; 12.2012, 1248 , 95<br \/>\nFIAT Grande Punto Hatchback (199)<br \/>\n1.3 D Multijet, A\u00f1o 07.2008 &#8211; &#8230;, 1248 , 69<br \/>\n1.3 D Multijet, A\u00f1o 10.2005 &#8211; &#8230;, 1248 , 75<br \/>\n1.3 D Multijet, A\u00f1o 10.2005 &#8211; 12.2010, 1248 , 90<br \/>\nFIAT 500 Hatchback (312)<br \/>\n1.3 D Multijet, A\u00f1o 10.2007 &#8211; &#8230;, 1248 , 75<br \/>\nFIAT Linea (323, 110)<br \/>\n1.3 D Multijet, A\u00f1o 06.2007 &#8211; &#8230;, 1248 , 90<br \/>\n1.3 JTD Multijet (323AXB1A), A\u00f1o 10.2006 &#8211; &#8230;, 1248 , 86<br \/>\nFIAT Fiorino III Furg\u00f3n \/ Familiar (225)<br \/>\n1.3 D Multijet, A\u00f1o 11.2007 &#8211; &#8230;, 1248 , 75<br \/>\nFIAT Qubo (225)<br \/>\n1.3 D Multijet, A\u00f1o 02.2008 &#8211; &#8230;, 1248 , 75<br \/>\nFIAT Punto Evo Hatchback (199)<br \/>\n1.3 D Multijet, A\u00f1o 07.2008 &#8211; 02.2012, 1248 , 69<br \/>\n1.3 D Multijet, A\u00f1o 10.2009 &#8211; 02.2012, 1248 , 75<br \/>\n1.3 D Multijet, A\u00f1o 10.2009 &#8211; &#8230;, 1248 , 76<br \/>\n1.3 D Multijet, A\u00f1o 10.2009 &#8211; 02.2012, 1248 , 90<br \/>\nFIAT 500 C Cabrio (312)<br \/>\n1.3 D Multijet, A\u00f1o 09.2009 &#8211; &#8230;, 1248 , 75<br \/>\nFIAT Doblo II Furg\u00f3n \/ Familiar (263)<br \/>\n1.3 D Multijet, A\u00f1o 11.2013 &#8211; &#8230;, 1248 , 75<br \/>\n1.3 D Multijet, A\u00f1o 02.2010 &#8211; &#8230;, 1248 , 90<br \/>\nFIAT Punto III Furg\u00f3n (199)<br \/>\n1.3 D Multijet, A\u00f1o 04.2008 &#8211; &#8230;, 1248 , 75<br \/>\n1.3 D Multijet, A\u00f1o 01.2010 &#8211; 02.2012, 1248 , 90<br \/>\nFIAT Punto III Hatchback (199)<br \/>\n1.3 D Multijet, A\u00f1o 03.2012 &#8211; &#8230;, 1248 , 75<br \/>\nFIAT Grande Punto Furg\u00f3n \/ Hatchback (199)<br \/>\n1.3 JTD Multijet, A\u00f1o 02.2006 &#8211; 06.2013, 1248 , 75<br \/>\n1.3 JTD Multijet (199CXD1B), A\u00f1o 02.2006 &#8211; 08.2010, 1248 , 90<\/p>\n<p>ALFA ROMEO MiTo (955)<br \/>\n1.3 MultiJet, A\u00f1o 09.2008 &#8211; 08.2010, 1248 , 90<br \/>\n1.3 MultiJet, A\u00f1o 10.2009 &#8211; 12.2018, 1248 , 95<\/p>\n<p>LANCIA Ypsilon II (843)<br \/>\n1.3 D Multijet, A\u00f1o 09.2006 &#8211; 12.2011, 1248 , 75<br \/>\n1.3 D Multijet, A\u00f1o 09.2006 &#8211; 12.2011, 1248 , 90<br \/>\n1.3 D Multijet, A\u00f1o 05.2007 &#8211; 12.2011, 1248 , 105<br \/>\n1.3 JTD, A\u00f1o 10.2003 &#8211; 12.2011, 1248 , 70<br \/>\nLANCIA Musa (350)<br \/>\n1.3 D Multijet, A\u00f1o 10.2004 &#8211; 09.2012, 1248 , 70<br \/>\n1.3 D Multijet, A\u00f1o 09.2006 &#8211; 09.2012, 1248 , 90<\/p>\n<p>LA PIEZA ES NUEVA FILTRON.<\/p>\n","protected":false},"excerpt":{"rendered":"<p>Filtro de aire de: Longitud: 375mm Ancho: 147mm Altura: 52mm FIAT Strada Pick-up (178) 1.3 D Multijet, A\u00f1o 05.2006 &#8211; &#8230;, 1248 , 85 FIAT Punto II Hatchback (188) 1.3 JTD 16V, A\u00f1o 06.2003 &#8211; 03.2012, 1248 , 70 FIAT Doblo I Familiar (119, 223) 1.3 D Multijet, A\u00f1o 10.2005 &#8211; &#8230;, 1248 , 84 [&hellip;]<\/p>\n","protected":false},"featured_media":46477,"template":"","meta":{"_seopress_robots_primary_cat":"","_seopress_titles_title":"","_seopress_titles_desc":"","_seopress_robots_index":""},"product_cat":[74,16,87,20,91,92,93,21,94,47,121,99,101,346,109,127],"product_tag":[],"class_list":{"0":"post-46476","1":"product","2":"type-product","3":"status-publish","4":"has-post-thumbnail","6":"product_cat-recambios-fiat-500","7":"product_cat-recambios-alfa-romeo","8":"product_cat-recambios-fiat-doblo","9":"product_cat-recambios-fiat","10":"product_cat-recambios-fiat-fiorino","11":"product_cat-recambios-fiat-grande-punto","12":"product_cat-recambios-fiat-idea","13":"product_cat-recambios-lancia","14":"product_cat-recambios-fiat-linea","15":"product_cat-recambios-alfa-romeo-mito","16":"product_cat-recambios-lancia-musa","17":"product_cat-recambios-fiat-panda","18":"product_cat-recambios-fiat-punto","19":"product_cat-recambios-fiat-qubo","20":"product_cat-recambios-fiat-strada","21":"product_cat-recambios-lancia-ypsilon","23":"first","24":"outofstock","25":"taxable","26":"shipping-taxable","27":"purchasable","28":"product-type-simple"},"_links":{"self":[{"href":"https:\/\/galicianparts.com\/shop\/wp-json\/wp\/v2\/product\/46476"}],"collection":[{"href":"https:\/\/galicianparts.com\/shop\/wp-json\/wp\/v2\/product"}],"about":[{"href":"https:\/\/galicianparts.com\/shop\/wp-json\/wp\/v2\/types\/product"}],"wp:featuredmedia":[{"embeddable":true,"href":"https:\/\/galicianparts.com\/shop\/wp-json\/wp\/v2\/media\/46477"}],"wp:attachment":[{"href":"https:\/\/galicianparts.com\/shop\/wp-json\/wp\/v2\/media?parent=46476"}],"wp:term":[{"taxonomy":"product_cat","embeddable":true,"href":"https:\/\/galicianparts.com\/shop\/wp-json\/wp\/v2\/product_cat?post=46476"},{"taxonomy":"product_tag","embeddable":true,"href":"https:\/\/galicianparts.com\/shop\/wp-json\/wp\/v2\/product_tag?post=46476"}],"curies":[{"name":"wp","href":"https:\/\/api.w.org\/{rel}","templated":true}]}}