{"id":46586,"date":"2022-05-04T18:39:32","date_gmt":"2022-05-04T16:39:32","guid":{"rendered":"https:\/\/galicianparts.com\/shop\/producto\/82405462-taco-motor-2-5-d-td-lancia-thema-fiat-croma-nuevo-original\/"},"modified":"2022-05-04T18:41:42","modified_gmt":"2022-05-04T16:41:42","slug":"82405462-taco-motor-2-5-d-td-lancia-thema-fiat-croma-nuevo-original","status":"publish","type":"product","link":"https:\/\/galicianparts.com\/shop\/producto\/82405462-taco-motor-2-5-d-td-lancia-thema-fiat-croma-nuevo-original\/","title":{"rendered":"82405462 Taco motor 2.5 D\/TD Lancia Thema \/ Fiat Croma NUEVO ORIGINAL"},"content":{"rendered":"<p>Taco del soporte de motor de:<br \/>\nFIAT Croma I Hatchback (154)<br \/>\n2.5 D, A\u00f1o 12.1985 &#8211; 12.1989, 2499 , 75<br \/>\n2.5 TD, A\u00f1o 12.1985 &#8211; 08.1989, 2445 , 101<\/p>\n<p>LANCIA Thema Berlina (834)<br \/>\n2.4 2500 Turbo D, A\u00f1o 11.1984 &#8211; 09.1988, 2445 , 101<br \/>\n2.5 Turbo DS, A\u00f1o 06.1988 &#8211; 05.1992, 2499 , 115<br \/>\n2.5 Turbo DS, A\u00f1o 05.1988 &#8211; 07.1992, 2500 , 105<br \/>\nLANCIA Thema Familiar (834)<br \/>\n2.5 Turbo DS, A\u00f1o 06.1988 &#8211; 05.1992, 2499 , 115<\/p>\n<p>LA PIEZA ES NUEVA Y ORIGINAL.<\/p>\n","protected":false},"excerpt":{"rendered":"<p>Taco del soporte de motor de: FIAT Croma I Hatchback (154) 2.5 D, A\u00f1o 12.1985 &#8211; 12.1989, 2499 , 75 2.5 TD, A\u00f1o 12.1985 &#8211; 08.1989, 2445 , 101 LANCIA Thema Berlina (834) 2.4 2500 Turbo D, A\u00f1o 11.1984 &#8211; 09.1988, 2445 , 101 2.5 Turbo DS, A\u00f1o 06.1988 &#8211; 05.1992, 2499 , 115 2.5 [&hellip;]<\/p>\n","protected":false},"featured_media":46588,"template":"","meta":{"_seopress_robots_primary_cat":"","_seopress_titles_title":"","_seopress_titles_desc":"","_seopress_robots_index":""},"product_cat":[86,20,21,124],"product_tag":[],"class_list":{"0":"post-46586","1":"product","2":"type-product","3":"status-publish","4":"has-post-thumbnail","6":"product_cat-recambios-fiat-croma","7":"product_cat-recambios-fiat","8":"product_cat-recambios-lancia","9":"product_cat-recambios-lancia-thema","11":"first","12":"instock","13":"taxable","14":"shipping-taxable","15":"purchasable","16":"product-type-simple"},"_links":{"self":[{"href":"https:\/\/galicianparts.com\/shop\/wp-json\/wp\/v2\/product\/46586"}],"collection":[{"href":"https:\/\/galicianparts.com\/shop\/wp-json\/wp\/v2\/product"}],"about":[{"href":"https:\/\/galicianparts.com\/shop\/wp-json\/wp\/v2\/types\/product"}],"wp:featuredmedia":[{"embeddable":true,"href":"https:\/\/galicianparts.com\/shop\/wp-json\/wp\/v2\/media\/46588"}],"wp:attachment":[{"href":"https:\/\/galicianparts.com\/shop\/wp-json\/wp\/v2\/media?parent=46586"}],"wp:term":[{"taxonomy":"product_cat","embeddable":true,"href":"https:\/\/galicianparts.com\/shop\/wp-json\/wp\/v2\/product_cat?post=46586"},{"taxonomy":"product_tag","embeddable":true,"href":"https:\/\/galicianparts.com\/shop\/wp-json\/wp\/v2\/product_tag?post=46586"}],"curies":[{"name":"wp","href":"https:\/\/api.w.org\/{rel}","templated":true}]}}