{"id":46612,"date":"2022-05-05T12:48:24","date_gmt":"2022-05-05T10:48:24","guid":{"rendered":"https:\/\/galicianparts.com\/shop\/producto\/7589497-polea-arbol-de-levas-fiat-127-sport-nueva-original\/"},"modified":"2025-10-29T12:30:22","modified_gmt":"2025-10-29T10:30:22","slug":"7589497-polea-arbol-de-levas-fiat-127-sport-nueva-original","status":"publish","type":"product","link":"https:\/\/galicianparts.com\/shop\/producto\/7589497-polea-arbol-de-levas-fiat-127-sport-nueva-original\/","title":{"rendered":"7589497 Polea \u00e1rbol de levas Fiat 127 Sport NUEVA ORIGINAL"},"content":{"rendered":"<p>Pi\u00f1\u00f3n, engranaje superior de la correa de la distribuci\u00f3n de:<br \/>\nDientes: 50<br \/>\nDi\u00e1metro: 120,9mm<br \/>\nDi\u00e1metro interior: 30mm<\/p>\n<p>FIAT 127 SPORT<\/p>\n<p>LA PIEZA ES NUEVA Y ORIGINAL.<\/p>\n","protected":false},"excerpt":{"rendered":"<p>Pi\u00f1\u00f3n, engranaje superior de la correa de la distribuci\u00f3n de: Dientes: 50 Di\u00e1metro: 120,9mm Di\u00e1metro interior: 30mm FIAT 127 SPORT LA PIEZA ES NUEVA Y ORIGINAL.<\/p>\n","protected":false},"featured_media":46613,"template":"","meta":{"_seopress_robots_primary_cat":"","_seopress_titles_title":"","_seopress_titles_desc":"","_seopress_robots_index":""},"product_cat":[68,20],"product_tag":[],"class_list":{"0":"post-46612","1":"product","2":"type-product","3":"status-publish","4":"has-post-thumbnail","6":"product_cat-recambios-fiat-127","7":"product_cat-recambios-fiat","9":"first","10":"outofstock","11":"taxable","12":"shipping-taxable","13":"purchasable","14":"product-type-simple"},"_links":{"self":[{"href":"https:\/\/galicianparts.com\/shop\/wp-json\/wp\/v2\/product\/46612"}],"collection":[{"href":"https:\/\/galicianparts.com\/shop\/wp-json\/wp\/v2\/product"}],"about":[{"href":"https:\/\/galicianparts.com\/shop\/wp-json\/wp\/v2\/types\/product"}],"wp:featuredmedia":[{"embeddable":true,"href":"https:\/\/galicianparts.com\/shop\/wp-json\/wp\/v2\/media\/46613"}],"wp:attachment":[{"href":"https:\/\/galicianparts.com\/shop\/wp-json\/wp\/v2\/media?parent=46612"}],"wp:term":[{"taxonomy":"product_cat","embeddable":true,"href":"https:\/\/galicianparts.com\/shop\/wp-json\/wp\/v2\/product_cat?post=46612"},{"taxonomy":"product_tag","embeddable":true,"href":"https:\/\/galicianparts.com\/shop\/wp-json\/wp\/v2\/product_tag?post=46612"}],"curies":[{"name":"wp","href":"https:\/\/api.w.org\/{rel}","templated":true}]}}