{"id":46684,"date":"2022-05-06T10:34:46","date_gmt":"2022-05-06T08:34:46","guid":{"rendered":"https:\/\/galicianparts.com\/shop\/producto\/61-789-1-kit-pastillas-freno-delantero-fiat-punto-1999-2012-cecauto-61-789-1\/"},"modified":"2023-04-26T17:40:46","modified_gmt":"2023-04-26T15:40:46","slug":"61-789-1-kit-pastillas-freno-delantero-fiat-punto-1999-2012-cecauto-61-789-1","status":"publish","type":"product","link":"https:\/\/galicianparts.com\/shop\/producto\/61-789-1-kit-pastillas-freno-delantero-fiat-punto-1999-2012-cecauto-61-789-1\/","title":{"rendered":"61.789.1 Kit pastillas freno delantero Fiat Punto (1999-2012) CECAUTO 61.789.1"},"content":{"rendered":"<p>Juego, set de pastillas de freno delanteras, CECAUTO 61.789.1 de:<br \/>\nFIAT Punto II Hatchback (188)<br \/>\n1.3 JTD 16V, A\u00f1o 06.2003 &#8211; 03.2012, 1248 , 70<br \/>\n1.4, A\u00f1o 09.2003 &#8211; 03.2012, 1368 , 95<br \/>\n1.4, A\u00f1o 11.2005 &#8211; 03.2012, 1368 , 97<br \/>\n1.9 JTD, A\u00f1o 10.2001 &#8211; 03.2012, 1910 , 86<br \/>\n1.9 JTD 80, A\u00f1o 09.1999 &#8211; 03.2012, 1910 , 80<br \/>\nFIAT Punto II Van (188)<br \/>\n1.3 JTD, A\u00f1o 06.2003 &#8211; 10.2005, 1248 , 69<br \/>\n1.9 JTD, A\u00f1o 02.2000 &#8211; 10.2009, 1910 , 86<\/p>\n<p>LA PIEZA ES NUEVA CECAUTO<\/p>\n","protected":false},"excerpt":{"rendered":"<p>Juego, set de pastillas de freno delanteras, CECAUTO 61.789.1 de: FIAT Punto II Hatchback (188) 1.3 JTD 16V, A\u00f1o 06.2003 &#8211; 03.2012, 1248 , 70 1.4, A\u00f1o 09.2003 &#8211; 03.2012, 1368 , 95 1.4, A\u00f1o 11.2005 &#8211; 03.2012, 1368 , 97 1.9 JTD, A\u00f1o 10.2001 &#8211; 03.2012, 1910 , 86 1.9 JTD 80, A\u00f1o 09.1999 [&hellip;]<\/p>\n","protected":false},"featured_media":46685,"template":"","meta":{"_seopress_robots_primary_cat":"","_seopress_titles_title":"","_seopress_titles_desc":"","_seopress_robots_index":""},"product_cat":[20,101],"product_tag":[],"class_list":{"0":"post-46684","1":"product","2":"type-product","3":"status-publish","4":"has-post-thumbnail","6":"product_cat-recambios-fiat","7":"product_cat-recambios-fiat-punto","9":"first","10":"outofstock","11":"taxable","12":"shipping-taxable","13":"purchasable","14":"product-type-simple"},"_links":{"self":[{"href":"https:\/\/galicianparts.com\/shop\/wp-json\/wp\/v2\/product\/46684"}],"collection":[{"href":"https:\/\/galicianparts.com\/shop\/wp-json\/wp\/v2\/product"}],"about":[{"href":"https:\/\/galicianparts.com\/shop\/wp-json\/wp\/v2\/types\/product"}],"wp:featuredmedia":[{"embeddable":true,"href":"https:\/\/galicianparts.com\/shop\/wp-json\/wp\/v2\/media\/46685"}],"wp:attachment":[{"href":"https:\/\/galicianparts.com\/shop\/wp-json\/wp\/v2\/media?parent=46684"}],"wp:term":[{"taxonomy":"product_cat","embeddable":true,"href":"https:\/\/galicianparts.com\/shop\/wp-json\/wp\/v2\/product_cat?post=46684"},{"taxonomy":"product_tag","embeddable":true,"href":"https:\/\/galicianparts.com\/shop\/wp-json\/wp\/v2\/product_tag?post=46684"}],"curies":[{"name":"wp","href":"https:\/\/api.w.org\/{rel}","templated":true}]}}