{"id":46689,"date":"2022-05-06T10:44:46","date_gmt":"2022-05-06T08:44:46","guid":{"rendered":"https:\/\/galicianparts.com\/shop\/producto\/71769490-junta-bomba-agua-m0-9-fiat-panda-punto-500-alfa-mito-lancia-ypsilon-original\/"},"modified":"2022-05-06T10:47:24","modified_gmt":"2022-05-06T08:47:24","slug":"71769490-junta-bomba-agua-m0-9-fiat-panda-punto-500-alfa-mito-lancia-ypsilon-original","status":"publish","type":"product","link":"https:\/\/galicianparts.com\/shop\/producto\/71769490-junta-bomba-agua-m0-9-fiat-panda-punto-500-alfa-mito-lancia-ypsilon-original\/","title":{"rendered":"71769490 Junta bomba agua M0.9 Fiat Panda \/Punto \/500 \/Alfa Mito \/Lancia Ypsilon ORIGINAL"},"content":{"rendered":"<p>Junta t\u00f3rica de goma de la bomba de agua de:<br \/>\nDi\u00e1metro exterior: 40 mm.<br \/>\nDi\u00e1metro interior: 35 mm.<br \/>\nEspesor: 2,7 mm.<br \/>\nFIAT &#8211; 83 500 MY2012 (2012-&#8230;.) 0.9 TURBO 85 CV \/ TURBO \/ BENZINA \/<br \/>\nFIAT &#8211; 83 500 MY2012 (2012-&#8230;.) ASPIRATO \/ BENZINA<br \/>\nFIAT &#8211; 83 500 MY2012 (2012-&#8230;.) 0.9 TURBO 85 CV \/ TURBO \/ BENZINA \/ EURO 6<br \/>\nFIAT &#8211; 73 500L (2012-&#8230;.) TURBO \/ BENZINA<br \/>\nFIAT &#8211; 73 500L (2012-&#8230;.) TURBO \/ BENZINA \/ METANO<br \/>\nFIAT &#8211; 3P NUOVA 500 (2007-2012) 0.9 TURBO 85 CV \/ TURBO \/ GASOLINA<br \/>\nFIAT &#8211; 3P NUOVA 500 (2007-2012) ASPIRADO \/ GASOLINA<br \/>\nFIAT &#8211; 33 NUOVA PANDA (2012-&#8230;.) TURBO \/ LIM. CEE FASE 6 \/ GASOLINA \/ GASOLINA \/ METANO<br \/>\nFIAT &#8211; 33 NUOVA PANDA (2012-&#8230;.) ASPIRADO \/ GASOLINA<br \/>\nFIAT &#8211; 51 NUOVA PUNTO MY2012 (2012-2013) 900 \/ 0.9 8V EURO5      85CV \/ TURBO \/ GASOLINA<br \/>\nFIAT &#8211; 6U PUNTO MY 2013 (2013-&#8230;.) 900 \/ LIM.CEE FASE 5 \/ TURBO \/ BENZINA<br \/>\nFIAT &#8211; 6U PUNTO MY 2013 (2013-&#8230;.) 900 \/ LIM.CEE FASE 6 \/ TURBO \/ BENZINA<br \/>\nALFA ROMEO &#8211; QZ MITO MY2011 (2011-2013) 875 \/ 0.9 TWINAIR 85CV \/ TURBO \/ GASOLINA<br \/>\nALFA ROMEO &#8211; 10 MITO MY2013 (2013-&#8230;.) 875 \/ 1.3\u00a0SDE\u00a085HP\u00a0EURO5 \/ TURBO \/ BENZINA<br \/>\nALFA ROMEO &#8211; 10 MITO MY2013 (2013-&#8230;.) 875 \/ TURBO \/ 0.9 TWINAIR 105CV \/ BENZINA<br \/>\nLANCIA &#8211; TK NEW YPSILON (2011-&#8230;.)  900 BICIL\u00cdNDRICO \/  \/ GASOLINA \/ GASOLINA \/ METANO<br \/>\nLANCIA &#8211; TK NEW YPSILON (2011-&#8230;.)  900 BICIL\u00cdNDRICO \/ EURO 6 \/ GASOLINA \/ GASOLINA \/ METANO<\/p>\n<p>LA PIEZA ES NUEVA Y ORIGINAL.<\/p>\n","protected":false},"excerpt":{"rendered":"<p>Junta t\u00f3rica de goma de la bomba de agua de: Di\u00e1metro exterior: 40 mm. Di\u00e1metro interior: 35 mm. Espesor: 2,7 mm. FIAT &#8211; 83 500 MY2012 (2012-&#8230;.) 0.9 TURBO 85 CV \/ TURBO \/ BENZINA \/ FIAT &#8211; 83 500 MY2012 (2012-&#8230;.) ASPIRATO \/ BENZINA FIAT &#8211; 83 500 MY2012 (2012-&#8230;.) 0.9 TURBO 85 CV [&hellip;]<\/p>\n","protected":false},"featured_media":46691,"template":"","meta":{"_seopress_robots_primary_cat":"","_seopress_titles_title":"","_seopress_titles_desc":"","_seopress_robots_index":""},"product_cat":[74,16,20,21,47,99,101,127],"product_tag":[],"class_list":{"0":"post-46689","1":"product","2":"type-product","3":"status-publish","4":"has-post-thumbnail","6":"product_cat-recambios-fiat-500","7":"product_cat-recambios-alfa-romeo","8":"product_cat-recambios-fiat","9":"product_cat-recambios-lancia","10":"product_cat-recambios-alfa-romeo-mito","11":"product_cat-recambios-fiat-panda","12":"product_cat-recambios-fiat-punto","13":"product_cat-recambios-lancia-ypsilon","15":"first","16":"instock","17":"taxable","18":"shipping-taxable","19":"purchasable","20":"product-type-simple"},"_links":{"self":[{"href":"https:\/\/galicianparts.com\/shop\/wp-json\/wp\/v2\/product\/46689"}],"collection":[{"href":"https:\/\/galicianparts.com\/shop\/wp-json\/wp\/v2\/product"}],"about":[{"href":"https:\/\/galicianparts.com\/shop\/wp-json\/wp\/v2\/types\/product"}],"wp:featuredmedia":[{"embeddable":true,"href":"https:\/\/galicianparts.com\/shop\/wp-json\/wp\/v2\/media\/46691"}],"wp:attachment":[{"href":"https:\/\/galicianparts.com\/shop\/wp-json\/wp\/v2\/media?parent=46689"}],"wp:term":[{"taxonomy":"product_cat","embeddable":true,"href":"https:\/\/galicianparts.com\/shop\/wp-json\/wp\/v2\/product_cat?post=46689"},{"taxonomy":"product_tag","embeddable":true,"href":"https:\/\/galicianparts.com\/shop\/wp-json\/wp\/v2\/product_tag?post=46689"}],"curies":[{"name":"wp","href":"https:\/\/api.w.org\/{rel}","templated":true}]}}