{"id":46702,"date":"2022-05-06T11:04:45","date_gmt":"2022-05-06T09:04:45","guid":{"rendered":"https:\/\/galicianparts.com\/shop\/producto\/61-484-2-kit-pastillas-freno-trasero-alfa-romeo-164-1987-1997-cecauto-61-484-2\/"},"modified":"2022-05-06T11:08:13","modified_gmt":"2022-05-06T09:08:13","slug":"61-484-2-kit-pastillas-freno-trasero-alfa-romeo-164-1987-1997-cecauto-61-484-2","status":"publish","type":"product","link":"https:\/\/galicianparts.com\/shop\/producto\/61-484-2-kit-pastillas-freno-trasero-alfa-romeo-164-1987-1997-cecauto-61-484-2\/","title":{"rendered":"61.484.2 Kit pastillas freno trasero Alfa Romeo 164 (1987.1997) CECAUTO 61.484.2"},"content":{"rendered":"<p>9945750 Juego, set de pastillas de freno traseras, CECAUTO 61.484.2 de:<br \/>\nAltura: 66,8mm<br \/>\nAncho: 87,5mm<br \/>\nEspesor: 16,3mm<\/p>\n<p>ALFA ROMEO 164 (164)<br \/>\n2.0, A\u00f1o 06.1987 &#8211; 09.1998, 1962 , 138<br \/>\n2.0, A\u00f1o 11.1987 &#8211; 10.1992, 1995 , 143<br \/>\n2.0 T.S., A\u00f1o 06.1987 &#8211; 09.1992, 1995 , 143<br \/>\n2.0 T.S., A\u00f1o 06.1987 &#8211; 09.1992, 1995 , 148<br \/>\n2.0 T.S., A\u00f1o 09.1992 &#8211; 09.1998, 1995 , 144<br \/>\n2.0 Turbo, A\u00f1o 10.1987 &#8211; 09.1998, 1995 , 174<br \/>\n2.0 Turbo, A\u00f1o 02.1988 &#8211; 10.1992, 1995 , 175<br \/>\n2.0 Twin Spark, A\u00f1o 07.1990 &#8211; 10.1992, 1962 , 143<br \/>\n2.0 Twin Spark, A\u00f1o 06.1987 &#8211; 09.1992, 1995 , 148<br \/>\n2.0 Twin Spark (164A2C), A\u00f1o 07.1990 &#8211; 10.1992, 1962 , 144<br \/>\n2.0 V6 Turbo, A\u00f1o 03.1991 &#8211; 09.1992, 1996 , 204<br \/>\n2.0 V6 Turbo, A\u00f1o 09.1992 &#8211; 09.1998, 1996 , 201<br \/>\n2.5 TD, A\u00f1o 06.1987 &#8211; 09.1992, 2499 , 114<br \/>\n2.5 TD, A\u00f1o 09.1992 &#8211; 09.1998, 2499 , 125<br \/>\n3.0, A\u00f1o 09.1990 &#8211; 12.1993, 2959 , 185<br \/>\n3.0, A\u00f1o 11.1987 &#8211; 09.1991, 2959 , 188<br \/>\n3.0, A\u00f1o 09.1991 &#8211; 10.1995, 2959 , 207<br \/>\n3.0, A\u00f1o 09.1993 &#8211; 12.1995, 2959 , 212<br \/>\n3.0, A\u00f1o 04.1993 &#8211; 02.1995, 2959 , 228<br \/>\n3.0, A\u00f1o 03.1995 &#8211; 08.1997, 2959 , 231<br \/>\n3.0 24V, A\u00f1o 03.1995 &#8211; 10.1997, 2959 , 209<br \/>\n3.0 24V, A\u00f1o 09.1992 &#8211; 09.1998, 2959 , 211<br \/>\n3.0 24V, A\u00f1o 11.1992 &#8211; 10.1997, 2959 , 204<br \/>\n3.0 24V Q4, A\u00f1o 02.1994 &#8211; 09.1998, 2959 , 231<br \/>\n3.0 i.e. QV, A\u00f1o 09.1990 &#8211; 09.1992, 2959 , 200<br \/>\n3.0 V6, A\u00f1o 06.1987 &#8211; 09.1992, 2959 , 192<br \/>\n3.0 V6, A\u00f1o 06.1987 &#8211; 09.1992, 2959 , 184<br \/>\n3.0 V6, A\u00f1o 09.1992 &#8211; 09.1998, 2959 , 180<\/p>\n<p>LA PIEZA ES NUEVA CECAUTO<\/p>\n","protected":false},"excerpt":{"rendered":"<p>9945750 Juego, set de pastillas de freno traseras, CECAUTO 61.484.2 de: Altura: 66,8mm Ancho: 87,5mm Espesor: 16,3mm ALFA ROMEO 164 (164) 2.0, A\u00f1o 06.1987 &#8211; 09.1998, 1962 , 138 2.0, A\u00f1o 11.1987 &#8211; 10.1992, 1995 , 143 2.0 T.S., A\u00f1o 06.1987 &#8211; 09.1992, 1995 , 143 2.0 T.S., A\u00f1o 06.1987 &#8211; 09.1992, 1995 , 148 [&hellip;]<\/p>\n","protected":false},"featured_media":46703,"template":"","meta":{"_seopress_robots_primary_cat":"","_seopress_titles_title":"","_seopress_titles_desc":"","_seopress_robots_index":""},"product_cat":[54,16],"product_tag":[],"class_list":{"0":"post-46702","1":"product","2":"type-product","3":"status-publish","4":"has-post-thumbnail","6":"product_cat-recambios-alfa-romeo-164","7":"product_cat-recambios-alfa-romeo","9":"first","10":"instock","11":"taxable","12":"shipping-taxable","13":"purchasable","14":"product-type-simple"},"_links":{"self":[{"href":"https:\/\/galicianparts.com\/shop\/wp-json\/wp\/v2\/product\/46702"}],"collection":[{"href":"https:\/\/galicianparts.com\/shop\/wp-json\/wp\/v2\/product"}],"about":[{"href":"https:\/\/galicianparts.com\/shop\/wp-json\/wp\/v2\/types\/product"}],"wp:featuredmedia":[{"embeddable":true,"href":"https:\/\/galicianparts.com\/shop\/wp-json\/wp\/v2\/media\/46703"}],"wp:attachment":[{"href":"https:\/\/galicianparts.com\/shop\/wp-json\/wp\/v2\/media?parent=46702"}],"wp:term":[{"taxonomy":"product_cat","embeddable":true,"href":"https:\/\/galicianparts.com\/shop\/wp-json\/wp\/v2\/product_cat?post=46702"},{"taxonomy":"product_tag","embeddable":true,"href":"https:\/\/galicianparts.com\/shop\/wp-json\/wp\/v2\/product_tag?post=46702"}],"curies":[{"name":"wp","href":"https:\/\/api.w.org\/{rel}","templated":true}]}}