{"id":46732,"date":"2022-05-06T11:48:07","date_gmt":"2022-05-06T09:48:07","guid":{"rendered":"https:\/\/galicianparts.com\/shop\/producto\/61-366-2-kit-pastillas-freno-delantero-lancia-delta-i-prisma-seat-fura-ibiza-cecauto-61-366-2\/"},"modified":"2022-05-06T11:52:15","modified_gmt":"2022-05-06T09:52:15","slug":"61-366-2-kit-pastillas-freno-delantero-lancia-delta-i-prisma-seat-fura-ibiza-cecauto-61-366-2","status":"publish","type":"product","link":"https:\/\/galicianparts.com\/shop\/producto\/61-366-2-kit-pastillas-freno-delantero-lancia-delta-i-prisma-seat-fura-ibiza-cecauto-61-366-2\/","title":{"rendered":"61.366.2 Kit pastillas freno delantero Lancia Delta I \/Prisma \/Seat Fura \/ Ibiza CECAUTO 61.366.2"},"content":{"rendered":"<p>Juego, set de pastillas de freno delanteras, CECAUTO 61.366.2 con sensor de desgaste de:<br \/>\nLANCIA Delta I (831)<br \/>\n1.1, A\u00f1o 01.1986 &#8211; 12.1990, 1116 ccm, 64 CV<br \/>\n1.3, A\u00f1o 09.1983 &#8211; 08.1992, 1301 ccm, 79 CV<br \/>\n1.3, A\u00f1o 09.1979 &#8211; 08.1992, 1301 ccm, 75 CV<br \/>\n1.5, A\u00f1o 09.1979 &#8211; 12.1992, 1498 ccm, 86 CV<br \/>\nLANCIA Prisma (831)<br \/>\n1.3, A\u00f1o 01.1983 &#8211; 12.1989, 1301 ccm, 79 CV<br \/>\n1.5, A\u00f1o 01.1983 &#8211; 04.1986, 1498 ccm, 86 CV<br \/>\nSEAT FURA L \/ GL<br \/>\nSEAT IBIZA I<\/p>\n<p>LA PIEZA ES NUEVA CECAUTO<\/p>\n","protected":false},"excerpt":{"rendered":"<p>Juego, set de pastillas de freno delanteras, CECAUTO 61.366.2 con sensor de desgaste de: LANCIA Delta I (831) 1.1, A\u00f1o 01.1986 &#8211; 12.1990, 1116 ccm, 64 CV 1.3, A\u00f1o 09.1983 &#8211; 08.1992, 1301 ccm, 79 CV 1.3, A\u00f1o 09.1979 &#8211; 08.1992, 1301 ccm, 75 CV 1.5, A\u00f1o 09.1979 &#8211; 12.1992, 1498 ccm, 86 CV LANCIA [&hellip;]<\/p>\n","protected":false},"featured_media":46733,"template":"","meta":{"_seopress_robots_primary_cat":"","_seopress_titles_title":"","_seopress_titles_desc":"","_seopress_robots_index":""},"product_cat":[118,208,162,21,123,26],"product_tag":[],"class_list":{"0":"post-46732","1":"product","2":"type-product","3":"status-publish","4":"has-post-thumbnail","6":"product_cat-recambios-lancia-delta","7":"product_cat-recambios-seat-fura","8":"product_cat-recambios-seat-ibiza","9":"product_cat-recambios-lancia","10":"product_cat-recambios-lancia-prisma","11":"product_cat-recambios-seat","13":"first","14":"instock","15":"taxable","16":"shipping-taxable","17":"purchasable","18":"product-type-simple"},"_links":{"self":[{"href":"https:\/\/galicianparts.com\/shop\/wp-json\/wp\/v2\/product\/46732"}],"collection":[{"href":"https:\/\/galicianparts.com\/shop\/wp-json\/wp\/v2\/product"}],"about":[{"href":"https:\/\/galicianparts.com\/shop\/wp-json\/wp\/v2\/types\/product"}],"wp:featuredmedia":[{"embeddable":true,"href":"https:\/\/galicianparts.com\/shop\/wp-json\/wp\/v2\/media\/46733"}],"wp:attachment":[{"href":"https:\/\/galicianparts.com\/shop\/wp-json\/wp\/v2\/media?parent=46732"}],"wp:term":[{"taxonomy":"product_cat","embeddable":true,"href":"https:\/\/galicianparts.com\/shop\/wp-json\/wp\/v2\/product_cat?post=46732"},{"taxonomy":"product_tag","embeddable":true,"href":"https:\/\/galicianparts.com\/shop\/wp-json\/wp\/v2\/product_tag?post=46732"}],"curies":[{"name":"wp","href":"https:\/\/api.w.org\/{rel}","templated":true}]}}