{"id":46777,"date":"2022-05-06T13:31:25","date_gmt":"2022-05-06T11:31:25","guid":{"rendered":"https:\/\/galicianparts.com\/shop\/producto\/61-484-0-kit-pastillas-freno-trasero-lancia-thema-alfa-romeo-164-fiat-croma-cecauto-61-484-0\/"},"modified":"2022-05-06T13:36:08","modified_gmt":"2022-05-06T11:36:08","slug":"61-484-0-kit-pastillas-freno-trasero-lancia-thema-alfa-romeo-164-fiat-croma-cecauto-61-484-0","status":"publish","type":"product","link":"https:\/\/galicianparts.com\/shop\/producto\/61-484-0-kit-pastillas-freno-trasero-lancia-thema-alfa-romeo-164-fiat-croma-cecauto-61-484-0\/","title":{"rendered":"61.484.0 Kit pastillas freno trasero Lancia Thema \/ Alfa Romeo 164 \/ Fiat Croma CECAUTO 61.484.0"},"content":{"rendered":"<p>Juego, set de pastillas de freno traseras, CECAUTO 61.484.0 de:<br \/>\nLANCIA Thema Berlina (834)<br \/>\n2.0 16V, A\u00f1o 08.1992 &#8211; 12.1993, 1995 , 152<br \/>\n2.0 16V Turbo, A\u00f1o 12.1988 &#8211; 06.1990, 1995 , 181<br \/>\n2.0 16V Turbo, A\u00f1o 10.1992 &#8211; 07.1994, 1995 , 201<br \/>\n2.0 i.e, A\u00f1o 09.1988 &#8211; 05.1992, 1995 , 117<br \/>\n2.0 i.e., A\u00f1o 11.1984 &#8211; 09.1988, 1995 , 120<br \/>\n2.0 i.e., A\u00f1o 09.1987 &#8211; 05.1992, 1995 , 115<br \/>\n2.0 i.e. 16V, A\u00f1o 05.1988 &#8211; 08.1992, 1995 , 147<br \/>\n2.0 i.e. 16V, A\u00f1o 02.1989 &#8211; 05.1992, 1995 , 141<br \/>\n2.0 i.e. 16V Turbo, A\u00f1o 04.1989 &#8211; 05.1992, 1995 , 177<br \/>\n2.0 i.e. Turbo, A\u00f1o 11.1984 &#8211; 12.1989, 1995 , 166<br \/>\n2.0 i.e.Turbo, A\u00f1o 07.1986 &#8211; 05.1990, 1995 , 150<br \/>\n2.4 2500 Turbo D, A\u00f1o 11.1984 &#8211; 09.1988, 2445 , 101<br \/>\n2.5 Turbo DS, A\u00f1o 05.1988 &#8211; 07.1992, 2500 , 105<br \/>\n2.8 2850 V6 i.e., A\u00f1o 06.1988 &#8211; 05.1992, 2849 , 147<br \/>\n2.8 2850 V6 i.e., A\u00f1o 11.1984 &#8211; 09.1988, 2849 , 150<br \/>\n3.0 V6, A\u00f1o 08.1992 &#8211; 07.1994, 2959 , 171<br \/>\n8.32, A\u00f1o 09.1987 &#8211; 05.1989, 2927 , 215 FERRARI<br \/>\n8.32, A\u00f1o 10.1987 &#8211; 05.1992, 2927 , 205 FERRARI<br \/>\nLANCIA Thema Familiar (834)<br \/>\n2.0 i.e. 16V, A\u00f1o 05.1989 &#8211; 08.1992, 1995 , 147<br \/>\n2.0 i.e. 16V Turbo, A\u00f1o 12.1988 &#8211; 06.1990, 1995 , 181<br \/>\n2.0 i.e. 16V Turbo, A\u00f1o 04.1989 &#8211; 03.1993, 1995 , 177<br \/>\n2.0 Turbo, A\u00f1o 12.1988 &#8211; 03.1992, 1995 , 150<br \/>\n2.0 Turbo 16V, A\u00f1o 11.1992 &#8211; 07.1994, 1995 , 201<br \/>\n3.0 V6, A\u00f1o 09.1992 &#8211; 07.1994, 2959 , 171<br \/>\nALFA ROMEO 164 (164)<br \/>\n2.0, A\u00f1o 06.1987 &#8211; 09.1998, 1962 , 138<br \/>\n2.0, A\u00f1o 11.1987 &#8211; 10.1992, 1995 , 143<br \/>\n2.0 T.S., A\u00f1o 06.1987 &#8211; 09.1992, 1995 , 143<br \/>\n2.0 T.S., A\u00f1o 06.1987 &#8211; 09.1992, 1995 , 148<br \/>\n2.0 T.S., A\u00f1o 09.1992 &#8211; 09.1998, 1995 , 144<br \/>\n2.0 Turbo, A\u00f1o 10.1987 &#8211; 09.1998, 1995 , 174<br \/>\n2.0 Turbo, A\u00f1o 02.1988 &#8211; 10.1992, 1995 , 175<br \/>\n2.0 Twin Spark, A\u00f1o 07.1990 &#8211; 10.1992, 1962 , 143<br \/>\n2.0 Twin Spark, A\u00f1o 06.1987 &#8211; 09.1992, 1995 , 148<br \/>\n2.0 V6 Turbo, A\u00f1o 03.1991 &#8211; 09.1992, 1996 , 204<br \/>\n2.0 V6 Turbo, A\u00f1o 09.1992 &#8211; 09.1998, 1996 , 201<br \/>\n2.5 TD, A\u00f1o 06.1987 &#8211; 09.1992, 2499 , 114<br \/>\n2.5 TD, A\u00f1o 09.1992 &#8211; 09.1998, 2499 , 125<br \/>\n2.5 V6, A\u00f1o 09.1992 &#8211; 09.1998, 2492 , 163<br \/>\n3.0, A\u00f1o 09.1990 &#8211; 12.1993, 2959 , 185<br \/>\n3.0, A\u00f1o 11.1987 &#8211; 09.1991, 2959 , 188<br \/>\n3.0, A\u00f1o 10.1994 &#8211; 08.1997, 2959 , 197<br \/>\n3.0 24V, A\u00f1o 03.1995 &#8211; 10.1997, 2959 , 209<br \/>\n3.0 24V, A\u00f1o 09.1992 &#8211; 09.1998, 2959 , 211<br \/>\n3.0 i.e. QV, A\u00f1o 09.1990 &#8211; 09.1992, 2959 , 200<br \/>\n3.0 V6, A\u00f1o 06.1987 &#8211; 09.1992, 2959 , 192<br \/>\n3.0 V6, A\u00f1o 06.1987 &#8211; 09.1992, 2959 , 184<br \/>\n3.0 V6, A\u00f1o 09.1992 &#8211; 09.1998, 2959 , 180<br \/>\nFIAT Croma I Hatchback (154)<br \/>\n1.6, A\u00f1o 12.1985 &#8211; 12.1990, 1585 , 83<br \/>\n1.9 TD i.d., A\u00f1o 11.1992 &#8211; 12.1996, 1929 , 94<br \/>\n1.9 TD i.d., A\u00f1o 08.1987 &#8211; 10.1992, 1929 , 90<br \/>\n2.0 16V, A\u00f1o 08.1992 &#8211; 08.1996, 1995 , 137<br \/>\n2.0 CHT, A\u00f1o 12.1985 &#8211; 02.1989, 1995 , 90<br \/>\n2.0 i.e., A\u00f1o 03.1987 &#8211; 09.1992, 1995 , 120<br \/>\n2.0 i.e., A\u00f1o 03.1986 &#8211; 09.1990, 1995 , 113<br \/>\n2.0 i.e., A\u00f1o 10.1987 &#8211; 08.1996, 1995 , 116<br \/>\n2.0 i.e. Turbo, A\u00f1o 11.1986 &#8211; 11.1988, 1995 , 151<br \/>\n2.0 i.e. Turbo, A\u00f1o 12.1985 &#8211; 06.1990, 1995 , 155<br \/>\n2.0 i.e. Turbo, A\u00f1o 06.1987 &#8211; 08.1996, 1995 , 150<br \/>\n2.5 D, A\u00f1o 12.1985 &#8211; 12.1989, 2499 , 75<br \/>\n2.5 TD, A\u00f1o 12.1985 &#8211; 08.1989, 2445 , 101<br \/>\n2.5 V6, A\u00f1o 06.1993 &#8211; 08.1996, 2492 , 162<\/p>\n<p>LA PIEZA ES NUEVA CECAUTO<\/p>\n","protected":false},"excerpt":{"rendered":"<p>Juego, set de pastillas de freno traseras, CECAUTO 61.484.0 de: LANCIA Thema Berlina (834) 2.0 16V, A\u00f1o 08.1992 &#8211; 12.1993, 1995 , 152 2.0 16V Turbo, A\u00f1o 12.1988 &#8211; 06.1990, 1995 , 181 2.0 16V Turbo, A\u00f1o 10.1992 &#8211; 07.1994, 1995 , 201 2.0 i.e, A\u00f1o 09.1988 &#8211; 05.1992, 1995 , 117 2.0 i.e., A\u00f1o [&hellip;]<\/p>\n","protected":false},"featured_media":46779,"template":"","meta":{"_seopress_robots_primary_cat":"","_seopress_titles_title":"","_seopress_titles_desc":"","_seopress_robots_index":""},"product_cat":[54,16,86,20,21,124],"product_tag":[],"class_list":{"0":"post-46777","1":"product","2":"type-product","3":"status-publish","4":"has-post-thumbnail","6":"product_cat-recambios-alfa-romeo-164","7":"product_cat-recambios-alfa-romeo","8":"product_cat-recambios-fiat-croma","9":"product_cat-recambios-fiat","10":"product_cat-recambios-lancia","11":"product_cat-recambios-lancia-thema","13":"first","14":"instock","15":"taxable","16":"shipping-taxable","17":"purchasable","18":"product-type-simple"},"_links":{"self":[{"href":"https:\/\/galicianparts.com\/shop\/wp-json\/wp\/v2\/product\/46777"}],"collection":[{"href":"https:\/\/galicianparts.com\/shop\/wp-json\/wp\/v2\/product"}],"about":[{"href":"https:\/\/galicianparts.com\/shop\/wp-json\/wp\/v2\/types\/product"}],"wp:featuredmedia":[{"embeddable":true,"href":"https:\/\/galicianparts.com\/shop\/wp-json\/wp\/v2\/media\/46779"}],"wp:attachment":[{"href":"https:\/\/galicianparts.com\/shop\/wp-json\/wp\/v2\/media?parent=46777"}],"wp:term":[{"taxonomy":"product_cat","embeddable":true,"href":"https:\/\/galicianparts.com\/shop\/wp-json\/wp\/v2\/product_cat?post=46777"},{"taxonomy":"product_tag","embeddable":true,"href":"https:\/\/galicianparts.com\/shop\/wp-json\/wp\/v2\/product_tag?post=46777"}],"curies":[{"name":"wp","href":"https:\/\/api.w.org\/{rel}","templated":true}]}}