{"id":46793,"date":"2022-05-09T09:05:13","date_gmt":"2022-05-09T07:05:13","guid":{"rendered":"https:\/\/galicianparts.com\/shop\/producto\/7903027351-pack-4-tornillos-m8-colectores-fiat-ducato-scudo-ulysse-citroen-peugeot-original\/"},"modified":"2024-09-09T11:36:26","modified_gmt":"2024-09-09T09:36:26","slug":"7903027351-pack-4-tornillos-m8-colectores-fiat-ducato-scudo-ulysse-citroen-peugeot-original","status":"publish","type":"product","link":"https:\/\/galicianparts.com\/shop\/producto\/7903027351-pack-4-tornillos-m8-colectores-fiat-ducato-scudo-ulysse-citroen-peugeot-original\/","title":{"rendered":"7903027351 Pack 4 tornillos M8 colectores Fiat Ducato \/Scudo \/Ulysse \/Citro\u00ebn \/Peugeot ORIGINAL"},"content":{"rendered":"<p>Juego, set de 4 esp\u00e1rragos del colector de escape y admisi\u00f3n de:<br \/>\nM\u00e9trica: 8.<br \/>\nLargo total: 81 mm.<br \/>\nLargo rosca 1: 16 mm.<br \/>\nFIAT &#8211; PG ULYSSE (1994-2002) 1905 T.D.EM.08 \/ 1905 T.D.USA 87 \/ 1905 T.D. CEE FASE 2<br \/>\nFIAT PROFESSIONAL &#8211; PE DUCATO&#8217;94 DIESEL (1994-2002) 1905 W3<br \/>\nFIAT PROFESSIONAL &#8211; PE DUCATO&#8217;94 DIESEL (1994-2002) 1905 TD W3<br \/>\nFIAT PROFESSIONAL &#8211; PL SCUDO (1995-2004) 1905 TURBO DS EM.09 \/ 1905 TURBO DS CEE FASE 2<br \/>\nFIAT PROFESSIONAL &#8211; PL SCUDO (1995-2004) 1867 DS CF2 \/ 1867 DS CF3<br \/>\nFIAT PROFESSIONAL &#8211; PL SCUDO (1995-2004) 1905 DS<br \/>\nFIAT PROFESSIONAL &#8211; PL SCUDO (1995-2004) 1905 DS<br \/>\nFIAT PROFESSIONAL &#8211; 2X SCUDO FL.2004 (2004-2006) 1867 DS CF3<br \/>\nPEUGEOT &#8211; EXPERT<br \/>\nCITROEN &#8211; JUMPY<\/p>\n<p>LA PIEZA ES NUEVA Y ORIGINAL.<\/p>\n","protected":false},"excerpt":{"rendered":"<p>Juego, set de 4 esp\u00e1rragos del colector de escape y admisi\u00f3n de: M\u00e9trica: 8. Largo total: 81 mm. Largo rosca 1: 16 mm. FIAT &#8211; PG ULYSSE (1994-2002) 1905 T.D.EM.08 \/ 1905 T.D.USA 87 \/ 1905 T.D. CEE FASE 2 FIAT PROFESSIONAL &#8211; PE DUCATO&#8217;94 DIESEL (1994-2002) 1905 W3 FIAT PROFESSIONAL &#8211; PE DUCATO&#8217;94 DIESEL [&hellip;]<\/p>\n","protected":false},"featured_media":46794,"template":"","meta":{"_seopress_robots_primary_cat":"","_seopress_titles_title":"","_seopress_titles_desc":"","_seopress_robots_index":""},"product_cat":[23,88,156,20,138,24,104,113],"product_tag":[],"class_list":{"0":"post-46793","1":"product","2":"type-product","3":"status-publish","4":"has-post-thumbnail","6":"product_cat-recambios-citroen","7":"product_cat-recambios-fiat-ducato","8":"product_cat-recambios-peugeot-expert","9":"product_cat-recambios-fiat","10":"product_cat-recambios-citroen-jumpy","11":"product_cat-recambios-peugeot","12":"product_cat-recambios-fiat-scudo","13":"product_cat-recambios-fiat-ulysse","15":"first","16":"outofstock","17":"taxable","18":"shipping-taxable","19":"purchasable","20":"product-type-simple"},"_links":{"self":[{"href":"https:\/\/galicianparts.com\/shop\/wp-json\/wp\/v2\/product\/46793"}],"collection":[{"href":"https:\/\/galicianparts.com\/shop\/wp-json\/wp\/v2\/product"}],"about":[{"href":"https:\/\/galicianparts.com\/shop\/wp-json\/wp\/v2\/types\/product"}],"wp:featuredmedia":[{"embeddable":true,"href":"https:\/\/galicianparts.com\/shop\/wp-json\/wp\/v2\/media\/46794"}],"wp:attachment":[{"href":"https:\/\/galicianparts.com\/shop\/wp-json\/wp\/v2\/media?parent=46793"}],"wp:term":[{"taxonomy":"product_cat","embeddable":true,"href":"https:\/\/galicianparts.com\/shop\/wp-json\/wp\/v2\/product_cat?post=46793"},{"taxonomy":"product_tag","embeddable":true,"href":"https:\/\/galicianparts.com\/shop\/wp-json\/wp\/v2\/product_tag?post=46793"}],"curies":[{"name":"wp","href":"https:\/\/api.w.org\/{rel}","templated":true}]}}