{"id":46854,"date":"2022-05-09T11:37:02","date_gmt":"2022-05-09T09:37:02","guid":{"rendered":"https:\/\/galicianparts.com\/shop\/producto\/7586360-mecanismo-regulacion-guia-asientos-fiat-ducato-90-94-peugeot-citroen-original\/"},"modified":"2025-05-27T22:15:44","modified_gmt":"2025-05-27T20:15:44","slug":"7586360-mecanismo-regulacion-guia-asientos-fiat-ducato-90-94-peugeot-citroen-original","status":"publish","type":"product","link":"https:\/\/galicianparts.com\/shop\/producto\/7586360-mecanismo-regulacion-guia-asientos-fiat-ducato-90-94-peugeot-citroen-original\/","title":{"rendered":"7586360 Mecanismo regulaci\u00f3n gu\u00eda asientos Fiat Ducato (90-94) Peugeot \/ Citro\u00ebn ORIGINAL"},"content":{"rendered":"<p>Mecanismo de regulaci\u00f3n de las gu\u00edas de los asientos delanteros de:<br \/>\nFIAT PROFESSIONAL &#8211; ND DUCATO 4X4 R.90 (1990-1994) FRONT SEATS BACK W\/MEMORY<br \/>\nFIAT PROFESSIONAL &#8211; NB NUOVO DUCATO BZ R.90 (1990-1994) FRONT SEATS BACK W\/MEMORY<br \/>\nFIAT PROFESSIONAL &#8211; NB NUOVO DUCATO BZ R.90 (1990-1994) PANORAMA<br \/>\nFIAT PROFESSIONAL &#8211; NA NUOVO DUCATO DS.R.90 (1990-1994) FRONT SEATS BACK W\/MEMORY<br \/>\nFIAT PROFESSIONAL &#8211; NA NUOVO DUCATO DS.R.90 (1990-1994) PANORAMA<br \/>\nFIAT PROFESSIONAL &#8211; NC TALENTO R.90 (1990-1994)<br \/>\nCITROEN &#8211; C25<br \/>\nPEUGEOT &#8211; J5<\/p>\n<p>LA PIEZA ES NUEVA Y ORIGINAL.<\/p>\n","protected":false},"excerpt":{"rendered":"<p>Mecanismo de regulaci\u00f3n de las gu\u00edas de los asientos delanteros de: FIAT PROFESSIONAL &#8211; ND DUCATO 4X4 R.90 (1990-1994) FRONT SEATS BACK W\/MEMORY FIAT PROFESSIONAL &#8211; NB NUOVO DUCATO BZ R.90 (1990-1994) FRONT SEATS BACK W\/MEMORY FIAT PROFESSIONAL &#8211; NB NUOVO DUCATO BZ R.90 (1990-1994) PANORAMA FIAT PROFESSIONAL &#8211; NA NUOVO DUCATO DS.R.90 (1990-1994) FRONT [&hellip;]<\/p>\n","protected":false},"featured_media":46857,"template":"","meta":{"_seopress_robots_primary_cat":"","_seopress_titles_title":"","_seopress_titles_desc":"","_seopress_robots_index":""},"product_cat":[132,23,88,20,157,24,110],"product_tag":[],"class_list":{"0":"post-46854","1":"product","2":"type-product","3":"status-publish","4":"has-post-thumbnail","6":"product_cat-recambios-citroen-c25","7":"product_cat-recambios-citroen","8":"product_cat-recambios-fiat-ducato","9":"product_cat-recambios-fiat","10":"product_cat-recambios-peugeot-j5","11":"product_cat-recambios-peugeot","12":"product_cat-recambios-fiat-talento","14":"first","15":"outofstock","16":"taxable","17":"shipping-taxable","18":"purchasable","19":"product-type-simple"},"_links":{"self":[{"href":"https:\/\/galicianparts.com\/shop\/wp-json\/wp\/v2\/product\/46854"}],"collection":[{"href":"https:\/\/galicianparts.com\/shop\/wp-json\/wp\/v2\/product"}],"about":[{"href":"https:\/\/galicianparts.com\/shop\/wp-json\/wp\/v2\/types\/product"}],"wp:featuredmedia":[{"embeddable":true,"href":"https:\/\/galicianparts.com\/shop\/wp-json\/wp\/v2\/media\/46857"}],"wp:attachment":[{"href":"https:\/\/galicianparts.com\/shop\/wp-json\/wp\/v2\/media?parent=46854"}],"wp:term":[{"taxonomy":"product_cat","embeddable":true,"href":"https:\/\/galicianparts.com\/shop\/wp-json\/wp\/v2\/product_cat?post=46854"},{"taxonomy":"product_tag","embeddable":true,"href":"https:\/\/galicianparts.com\/shop\/wp-json\/wp\/v2\/product_tag?post=46854"}],"curies":[{"name":"wp","href":"https:\/\/api.w.org\/{rel}","templated":true}]}}