{"id":46976,"date":"2022-05-09T19:43:12","date_gmt":"2022-05-09T17:43:12","guid":{"rendered":"https:\/\/galicianparts.com\/shop\/producto\/mdb2238-kit-pastillas-freno-trasero-fiat-stilo-bravo-multipla-alfa-mito-lancia-delta-mintex\/"},"modified":"2022-06-15T10:16:15","modified_gmt":"2022-06-15T08:16:15","slug":"mdb2238-kit-pastillas-freno-trasero-fiat-stilo-bravo-multipla-alfa-mito-lancia-delta-mintex","status":"publish","type":"product","link":"https:\/\/galicianparts.com\/shop\/producto\/mdb2238-kit-pastillas-freno-trasero-fiat-stilo-bravo-multipla-alfa-mito-lancia-delta-mintex\/","title":{"rendered":"MDB2238 Kit pastillas freno trasero Fiat Stilo \/Bravo \/Multipla \/Alfa Mito \/Lancia Delta MINTEX"},"content":{"rendered":"<p>Juego, set de pastillas de freno traseras, MINTEX MDB2238 de:<br \/>\nLongitud: 95,1mm<br \/>\nAltura: 42,8mm<br \/>\nEspesor: 16,3mm<br \/>\nN\u00famero de WVA: 23714 155<\/p>\n<p>FIAT Multipla (186)<br \/>\n1.6, A\u00f1o 09.2000 &#8211; 06.2010, 1596 , 103<br \/>\n1.6 100 16V, A\u00f1o 04.1999 &#8211; 06.2010, 1581 , 103<br \/>\n1.6 16V, A\u00f1o 04.2002 &#8211; 06.2010, 1596 , 95<br \/>\n1.6 16V Bipower, A\u00f1o 04.1999 &#8211; 06.2010, 1581 , 103<br \/>\n1.6 16V Bipower, A\u00f1o 10.2001 &#8211; 06.2010, 1596 , 103<br \/>\n1.6 16V Blupower, A\u00f1o 04.1999 &#8211; 06.2010, 1581 , 95<br \/>\n1.9 JTD, A\u00f1o 04.2002 &#8211; 06.2010, 1910 , 120<br \/>\n1.9 JTD 105, A\u00f1o 04.1999 &#8211; 06.2010, 1910 , 105<br \/>\n1.9 JTD 110, A\u00f1o 03.2001 &#8211; 07.2002, 1910 , 110<br \/>\n1.9 JTD 115, A\u00f1o 07.2002 &#8211; 06.2010, 1910 , 115<br \/>\nFIAT Stilo Hatchback (192)<br \/>\n1.2 16V, A\u00f1o 02.2002 &#8211; 11.2006, 1242 , 80<br \/>\n1.4 16V, A\u00f1o 03.2005 &#8211; 11.2006, 1368 , 90<br \/>\n1.4 16V, A\u00f1o 01.2004 &#8211; 11.2006, 1368 , 95<br \/>\n1.6 16V, A\u00f1o 10.2001 &#8211; 11.2006, 1596 , 103<br \/>\n1.8 16V, A\u00f1o 10.2001 &#8211; 11.2006, 1747 , 133<br \/>\n1.9 D Multijet, A\u00f1o 09.2005 &#8211; 11.2006, 1910 , 100<br \/>\n1.9 D Multijet, A\u00f1o 09.2005 &#8211; 11.2006, 1910 , 120<br \/>\n1.9 D Multijet, A\u00f1o 09.2005 &#8211; 11.2006, 1910 , 150<br \/>\n1.9 JTD, A\u00f1o 09.2003 &#8211; 11.2006, 1910 , 126<br \/>\n1.9 JTD, A\u00f1o 04.2004 &#8211; 11.2006, 1910 , 136<br \/>\n1.9 JTD, A\u00f1o 01.2004 &#8211; 11.2006, 1910 , 140<br \/>\n1.9 JTD, A\u00f1o 09.2004 &#8211; 11.2006, 1910 , 90<br \/>\n1.9 JTD, A\u00f1o 10.2001 &#8211; 11.2006, 1910 , 115<br \/>\n1.9 JTD, A\u00f1o 02.2002 &#8211; 11.2006, 1910 , 80<br \/>\n2.4 20V, A\u00f1o 10.2001 &#8211; 11.2006, 2446 , 170<br \/>\nFIAT Stilo Multi Wagon (192)<br \/>\n1.4 16V, A\u00f1o 03.2005 &#8211; 08.2008, 1368 , 90<br \/>\n1.4 16V, A\u00f1o 01.2004 &#8211; 08.2008, 1368 , 95<br \/>\n1.6 16V, A\u00f1o 01.2003 &#8211; 08.2008, 1596 , 103<br \/>\n1.8 16V, A\u00f1o 01.2003 &#8211; 08.2008, 1747 , 133<br \/>\n1.9 D Multijet, A\u00f1o 09.2005 &#8211; 08.2008, 1910 , 100<br \/>\n1.9 D Multijet, A\u00f1o 09.2005 &#8211; 08.2008, 1910 , 120<br \/>\n1.9 D Multijet (192DXT1B), A\u00f1o 09.2005 &#8211; 08.2008, 1910 , 150<br \/>\n1.9 JTD, A\u00f1o 01.2003 &#8211; 08.2008, 1910 , 80<br \/>\n1.9 JTD, A\u00f1o 01.2003 &#8211; 08.2008, 1910 , 115<br \/>\n1.9 JTD, A\u00f1o 09.2003 &#8211; 08.2008, 1910 , 126<br \/>\n1.9 JTD, A\u00f1o 04.2004 &#8211; 08.2008, 1910 , 136<br \/>\n1.9 JTD, A\u00f1o 01.2004 &#8211; 08.2008, 1910 , 140<br \/>\nFIAT Bravo II Hatchback (198)<br \/>\n1.4, A\u00f1o 04.2007 &#8211; 12.2014, 1368 , 90<br \/>\n1.4 16V, A\u00f1o 03.2008 &#8211; 12.2014, 1368 , 140<br \/>\n1.4 LPG, A\u00f1o 12.2008 &#8211; 12.2014, 1368 , 90<br \/>\n1.4 T-Jet, A\u00f1o 09.2007 &#8211; 12.2014, 1368 , 120<br \/>\n1.4 T-Jet, A\u00f1o 09.2007 &#8211; 12.2014, 1368 , 150<br \/>\n1.6 D Multijet, A\u00f1o 03.2008 &#8211; 12.2014, 1598 , 90<br \/>\n1.6 D Multijet, A\u00f1o 09.2007 &#8211; 12.2014, 1598 , 105<br \/>\n1.6 D Multijet, A\u00f1o 03.2008 &#8211; 12.2014, 1598 , 120<br \/>\n1.9 D Multijet, A\u00f1o 04.2007 &#8211; 12.2008, 1910 , 90<br \/>\n1.9 D Multijet, A\u00f1o 11.2006 &#8211; 12.2009, 1910 , 116<br \/>\n1.9 D Multijet, A\u00f1o 04.2007 &#8211; 12.2014, 1910 , 120<br \/>\n1.9 D Multijet, A\u00f1o 04.2007 &#8211; 12.2014, 1910 , 150<br \/>\n2.0 D Multijet, A\u00f1o 09.2008 &#8211; 12.2014, 1956 , 163<br \/>\n2.0 D Multijet, A\u00f1o 09.2008 &#8211; 12.2014, 1956 , 165<br \/>\nFIAT Linea (323, 110)<br \/>\n1.4 T-Jet, A\u00f1o 09.2007 &#8211; &#8230;, 1368 , 120<br \/>\n1.6 D Multijet, A\u00f1o 06.2009 &#8211; &#8230;, 1598 , 105<\/p>\n<p>ALFA ROMEO MiTo (955)<br \/>\n0.9 TwinAir, A\u00f1o 07.2011 &#8211; &#8230;, 875 , 86<br \/>\n1.3 MultiJet, A\u00f1o 01.2011 &#8211; &#8230;, 1248 , 84<br \/>\n1.3 MultiJet, A\u00f1o 09.2008 &#8211; 08.2010, 1248 , 90<br \/>\n1.3 MultiJet, A\u00f1o 10.2009 &#8211; 12.2018, 1248 , 95<br \/>\n1.4, A\u00f1o 05.2011 &#8211; &#8230;, 1368 , 69<br \/>\n1.4 16V, A\u00f1o 09.2008 &#8211; 08.2013, 1368 , 78<br \/>\n1.4 16V, A\u00f1o 09.2008 &#8211; 08.2013, 1368 , 95<br \/>\n1.4 Bifuel, A\u00f1o 07.2011 &#8211; &#8230;, 1368 , 120<br \/>\n1.4 MultiAir, A\u00f1o 08.2010 &#8211; 08.2013, 1368 , 105<br \/>\n1.4 TJet, A\u00f1o 09.2008 &#8211; &#8230;, 1368 , 120<br \/>\n1.4 TJet, A\u00f1o 09.2008 &#8211; 06.2011, 1368 , 150<br \/>\n1.4 TJet, A\u00f1o 09.2008 &#8211; 06.2011, 1368 , 155<br \/>\n1.4 Turbo MultiAir, A\u00f1o 10.2009 &#8211; &#8230;, 1368 , 135<br \/>\n1.4 Turbo MultiAir, A\u00f1o 10.2009 &#8211; &#8230;, 1368 , 163<br \/>\n1.4 Turbo MultiAir, A\u00f1o 10.2009 &#8211; &#8230;, 1368 , 170<br \/>\n1.6 JTDM, A\u00f1o 09.2008 &#8211; &#8230;, 1598 , 115<br \/>\n1.6 JTDM, A\u00f1o 09.2008 &#8211; &#8230;, 1598 , 120<\/p>\n<p>LANCIA Delta III (844)<br \/>\n1.4, A\u00f1o 09.2008 &#8211; 08.2014, 1368 , 120<br \/>\n1.4, A\u00f1o 09.2008 &#8211; 08.2014, 1368 , 150<br \/>\n1.4 16V, A\u00f1o 07.2010 &#8211; 08.2014, 1368 , 140<br \/>\n1.6 D Multijet, A\u00f1o 04.2011 &#8211; 08.2014, 1598 , 105<br \/>\n1.6 D Multijet, A\u00f1o 08.2008 &#8211; 08.2014, 1598 , 116<br \/>\n1.6 D Multijet, A\u00f1o 09.2008 &#8211; 08.2014, 1598 , 120<br \/>\n1.8, A\u00f1o 01.2009 &#8211; 08.2014, 1742 , 200<br \/>\n1.9 D Multijet, A\u00f1o 01.2009 &#8211; 08.2014, 1910 , 190<br \/>\n2.0 D Multijet, A\u00f1o 09.2008 &#8211; 08.2014, 1956 , 163<br \/>\n2.0 D Multijet, A\u00f1o 09.2008 &#8211; 08.2014, 1956 , 165<\/p>\n<p>LA PIEZA ES NUEVA MINTEX.<\/p>\n","protected":false},"excerpt":{"rendered":"<p>Juego, set de pastillas de freno traseras, MINTEX MDB2238 de: Longitud: 95,1mm Altura: 42,8mm Espesor: 16,3mm N\u00famero de WVA: 23714 155 FIAT Multipla (186) 1.6, A\u00f1o 09.2000 &#8211; 06.2010, 1596 , 103 1.6 100 16V, A\u00f1o 04.1999 &#8211; 06.2010, 1581 , 103 1.6 16V, A\u00f1o 04.2002 &#8211; 06.2010, 1596 , 95 1.6 16V Bipower, A\u00f1o [&hellip;]<\/p>\n","protected":false},"featured_media":46977,"template":"","meta":{"_seopress_robots_primary_cat":"","_seopress_titles_title":"","_seopress_titles_desc":"","_seopress_robots_index":""},"product_cat":[16,82,118,20,21,94,47,96,108],"product_tag":[],"class_list":{"0":"post-46976","1":"product","2":"type-product","3":"status-publish","4":"has-post-thumbnail","6":"product_cat-recambios-alfa-romeo","7":"product_cat-recambios-fiat-bravo","8":"product_cat-recambios-lancia-delta","9":"product_cat-recambios-fiat","10":"product_cat-recambios-lancia","11":"product_cat-recambios-fiat-linea","12":"product_cat-recambios-alfa-romeo-mito","13":"product_cat-recambios-fiat-multipla","14":"product_cat-recambios-fiat-stilo","16":"first","17":"outofstock","18":"taxable","19":"shipping-taxable","20":"purchasable","21":"product-type-simple"},"_links":{"self":[{"href":"https:\/\/galicianparts.com\/shop\/wp-json\/wp\/v2\/product\/46976"}],"collection":[{"href":"https:\/\/galicianparts.com\/shop\/wp-json\/wp\/v2\/product"}],"about":[{"href":"https:\/\/galicianparts.com\/shop\/wp-json\/wp\/v2\/types\/product"}],"wp:featuredmedia":[{"embeddable":true,"href":"https:\/\/galicianparts.com\/shop\/wp-json\/wp\/v2\/media\/46977"}],"wp:attachment":[{"href":"https:\/\/galicianparts.com\/shop\/wp-json\/wp\/v2\/media?parent=46976"}],"wp:term":[{"taxonomy":"product_cat","embeddable":true,"href":"https:\/\/galicianparts.com\/shop\/wp-json\/wp\/v2\/product_cat?post=46976"},{"taxonomy":"product_tag","embeddable":true,"href":"https:\/\/galicianparts.com\/shop\/wp-json\/wp\/v2\/product_tag?post=46976"}],"curies":[{"name":"wp","href":"https:\/\/api.w.org\/{rel}","templated":true}]}}