{"id":46981,"date":"2022-05-09T20:02:35","date_gmt":"2022-05-09T18:02:35","guid":{"rendered":"https:\/\/galicianparts.com\/shop\/producto\/mdb2850-kit-pastillas-freno-trasero-fiat-ducato-06-11-citroen-jumper-peugeot-boxer-mintex\/"},"modified":"2023-12-04T18:19:51","modified_gmt":"2023-12-04T16:19:51","slug":"mdb2850-kit-pastillas-freno-trasero-fiat-ducato-06-11-citroen-jumper-peugeot-boxer-mintex","status":"publish","type":"product","link":"https:\/\/galicianparts.com\/shop\/producto\/mdb2850-kit-pastillas-freno-trasero-fiat-ducato-06-11-citroen-jumper-peugeot-boxer-mintex\/","title":{"rendered":"MDB2850 Kit pastillas freno trasero Fiat Ducato (06-11) Citroen Jumper \/ Peugeot Boxer MINTEX"},"content":{"rendered":"<p>Juego, set de pastillas de freno traseras, MINTEX MDB2850 de:<br \/>\nAltura: 48,9mm<br \/>\nAncho: 136,8mm<br \/>\nEspesor: 18mm<br \/>\nN\u00famero WVA: 24465 188<\/p>\n<p>FIAT Ducato III (250, 290)<br \/>\n2.2 D 100 Multijet, A\u00f1o 07.2006 &#8211; &#8230;, 2198 , 100<br \/>\n2.3 D 110 Multijet, A\u00f1o 10.2011 &#8211; &#8230;, 2287 , 113<br \/>\n2.0 D 115 Multijet, A\u00f1o 06.2011 &#8211; &#8230;, 1956 , 116<br \/>\n2.3 D 120 Multijet, A\u00f1o 07.2006 &#8211; &#8230;, 2287 , 120<br \/>\n2.3 D 4&#215;4 120 Multijet, A\u00f1o 03.2010 &#8211; &#8230;, 2287 , 120<br \/>\n2.3 D 130 Multijet, A\u00f1o 06.2011 &#8211; &#8230;, 2287 , 131<br \/>\n3.0 Natural Power, A\u00f1o 04.2009 &#8211; &#8230;, 2999 , 136<br \/>\n2.3 D 150 Multijet, A\u00f1o 06.2011 &#8211; &#8230;, 2287 , 148<br \/>\n3.0 D 150 Multijet, A\u00f1o 04.2010 &#8211; &#8230;, 2999 , 146<br \/>\n3.0 D 160 Multijet, A\u00f1o 07.2006 &#8211; &#8230;, 2999 , 158<br \/>\n180 Multijet 3,0 D, A\u00f1o 06.2011 &#8211; &#8230;, 2999 , 177<\/p>\n<p>PEUGEOT Boxer (250)<br \/>\n2.2 HDi 100, A\u00f1o 04.2006 &#8211; &#8230;, 2198 , 101<br \/>\n2.2 HDi 110, A\u00f1o 03.2011 &#8211; &#8230;, 2198 , 110<br \/>\n2.2 HDi 120, A\u00f1o 04.2006 &#8211; &#8230;, 2198 , 120<br \/>\n2.2 HDi 130, A\u00f1o 03.2011 &#8211; &#8230;, 2198 , 131<br \/>\n2.2 HDi 150, A\u00f1o 03.2011 &#8211; &#8230;, 2198 , 150<br \/>\n3.0 HDi, A\u00f1o 07.2006 &#8211; &#8230;, 2998 , 156<br \/>\n3.0 HDi 145, A\u00f1o 04.2010 &#8211; &#8230;, 2999 , 146<br \/>\n3.0 HDi 160, A\u00f1o 04.2006 &#8211; &#8230;, 2999 , 156<br \/>\n3.0 HDi 175, A\u00f1o 03.2011 &#8211; &#8230;, 2999 , 177<\/p>\n<p>CITRO\u00cbN Jumper II (250)<br \/>\n2.2 HDi 100, A\u00f1o 04.2006 &#8211; &#8230;, 2198 , 101<br \/>\n2.2 HDi 110, A\u00f1o 07.2011 &#8211; &#8230;, 2198 , 110<br \/>\n2.2 HDi 120, A\u00f1o 04.2006 &#8211; &#8230;, 2198 , 120<br \/>\n2.2 HDi 130, A\u00f1o 07.2011 &#8211; &#8230;, 2198 , 130<br \/>\n2.2 HDi 150, A\u00f1o 07.2011 &#8211; &#8230;, 2198 , 150<br \/>\n3.0 HDi 155, A\u00f1o 07.2010 &#8211; &#8230;, 2999 , 157<br \/>\n3.0 HDi 160, A\u00f1o 09.2006 &#8211; &#8230;, 2999 , 157<br \/>\n3.0 HDi 180, A\u00f1o 07.2011 &#8211; &#8230;, 2999 , 177<\/p>\n<p>LA PIEZA ES NUEVA MINTEX.<\/p>\n","protected":false},"excerpt":{"rendered":"<p>Juego, set de pastillas de freno traseras, MINTEX MDB2850 de: Altura: 48,9mm Ancho: 136,8mm Espesor: 18mm N\u00famero WVA: 24465 188 FIAT Ducato III (250, 290) 2.2 D 100 Multijet, A\u00f1o 07.2006 &#8211; &#8230;, 2198 , 100 2.3 D 110 Multijet, A\u00f1o 10.2011 &#8211; &#8230;, 2287 , 113 2.0 D 115 Multijet, A\u00f1o 06.2011 &#8211; &#8230;, [&hellip;]<\/p>\n","protected":false},"featured_media":46982,"template":"","meta":{"_seopress_robots_primary_cat":"","_seopress_titles_title":"","_seopress_titles_desc":"","_seopress_robots_index":""},"product_cat":[155,23,88,20,137,24],"product_tag":[],"class_list":{"0":"post-46981","1":"product","2":"type-product","3":"status-publish","4":"has-post-thumbnail","6":"product_cat-recambios-peugeot-boxer","7":"product_cat-recambios-citroen","8":"product_cat-recambios-fiat-ducato","9":"product_cat-recambios-fiat","10":"product_cat-recambios-citroen-jumper","11":"product_cat-recambios-peugeot","13":"first","14":"outofstock","15":"taxable","16":"shipping-taxable","17":"purchasable","18":"product-type-simple"},"_links":{"self":[{"href":"https:\/\/galicianparts.com\/shop\/wp-json\/wp\/v2\/product\/46981"}],"collection":[{"href":"https:\/\/galicianparts.com\/shop\/wp-json\/wp\/v2\/product"}],"about":[{"href":"https:\/\/galicianparts.com\/shop\/wp-json\/wp\/v2\/types\/product"}],"wp:featuredmedia":[{"embeddable":true,"href":"https:\/\/galicianparts.com\/shop\/wp-json\/wp\/v2\/media\/46982"}],"wp:attachment":[{"href":"https:\/\/galicianparts.com\/shop\/wp-json\/wp\/v2\/media?parent=46981"}],"wp:term":[{"taxonomy":"product_cat","embeddable":true,"href":"https:\/\/galicianparts.com\/shop\/wp-json\/wp\/v2\/product_cat?post=46981"},{"taxonomy":"product_tag","embeddable":true,"href":"https:\/\/galicianparts.com\/shop\/wp-json\/wp\/v2\/product_tag?post=46981"}],"curies":[{"name":"wp","href":"https:\/\/api.w.org\/{rel}","templated":true}]}}