{"id":46987,"date":"2022-05-10T08:51:40","date_gmt":"2022-05-10T06:51:40","guid":{"rendered":"https:\/\/galicianparts.com\/shop\/producto\/5892426-kit-juntas-motor-1-9-lancia-delta-i-prisma-fiat-regata-ritmo-original\/"},"modified":"2022-05-10T08:53:10","modified_gmt":"2022-05-10T06:53:10","slug":"5892426-kit-juntas-motor-1-9-lancia-delta-i-prisma-fiat-regata-ritmo-original","status":"publish","type":"product","link":"https:\/\/galicianparts.com\/shop\/producto\/5892426-kit-juntas-motor-1-9-lancia-delta-i-prisma-fiat-regata-ritmo-original\/","title":{"rendered":"5892426 Kit juntas motor 1.9 Lancia Delta I \/Prisma \/Fiat Regata \/Ritmo ORIGINAL"},"content":{"rendered":"<p>Juego, set de juntas del motor de:<br \/>\nFIAT &#8211; REGATA BERLINA (138)<br \/>\n1.9 Turbodi\u00e9sel 80, A\u00f1o 05.1986 &#8211; 07.1989, 1929 , 80<br \/>\nFIAT &#8211; RITMO I HATCHBACK (138)<br \/>\n1.9 Turbodi\u00e9sel 80, A\u00f1o 12.1985 &#8211; 12.1987, 1929 , 80<br \/>\nFIAT &#8211; DUCATO 1.9 TD (1983-1990)<\/p>\n<p>LANCIA -DELTA I (831)<br \/>\n1.9 Turbo DS, A\u00f1o 10.1986 &#8211; 12.1989, 1929 , 80<br \/>\nLANCIA &#8211; PTISMA (831)<br \/>\n1.9 Turbodi\u00e9sel, A\u00f1o 05.1985 &#8211; 12.1989, 1928 , 80<\/p>\n<p>LA PIEZA ES NUEVA Y ORIGINAL.<\/p>\n","protected":false},"excerpt":{"rendered":"<p>Juego, set de juntas del motor de: FIAT &#8211; REGATA BERLINA (138) 1.9 Turbodi\u00e9sel 80, A\u00f1o 05.1986 &#8211; 07.1989, 1929 , 80 FIAT &#8211; RITMO I HATCHBACK (138) 1.9 Turbodi\u00e9sel 80, A\u00f1o 12.1985 &#8211; 12.1987, 1929 , 80 FIAT &#8211; DUCATO 1.9 TD (1983-1990) LANCIA -DELTA I (831) 1.9 Turbo DS, A\u00f1o 10.1986 &#8211; 12.1989, [&hellip;]<\/p>\n","protected":false},"featured_media":46990,"template":"","meta":{"_seopress_robots_primary_cat":"","_seopress_titles_title":"","_seopress_titles_desc":"","_seopress_robots_index":""},"product_cat":[118,88,20,21,123,102,103],"product_tag":[],"class_list":{"0":"post-46987","1":"product","2":"type-product","3":"status-publish","4":"has-post-thumbnail","6":"product_cat-recambios-lancia-delta","7":"product_cat-recambios-fiat-ducato","8":"product_cat-recambios-fiat","9":"product_cat-recambios-lancia","10":"product_cat-recambios-lancia-prisma","11":"product_cat-recambios-fiat-regata","12":"product_cat-recambios-fiat-ritmo","14":"first","15":"instock","16":"taxable","17":"shipping-taxable","18":"purchasable","19":"product-type-simple"},"_links":{"self":[{"href":"https:\/\/galicianparts.com\/shop\/wp-json\/wp\/v2\/product\/46987"}],"collection":[{"href":"https:\/\/galicianparts.com\/shop\/wp-json\/wp\/v2\/product"}],"about":[{"href":"https:\/\/galicianparts.com\/shop\/wp-json\/wp\/v2\/types\/product"}],"wp:featuredmedia":[{"embeddable":true,"href":"https:\/\/galicianparts.com\/shop\/wp-json\/wp\/v2\/media\/46990"}],"wp:attachment":[{"href":"https:\/\/galicianparts.com\/shop\/wp-json\/wp\/v2\/media?parent=46987"}],"wp:term":[{"taxonomy":"product_cat","embeddable":true,"href":"https:\/\/galicianparts.com\/shop\/wp-json\/wp\/v2\/product_cat?post=46987"},{"taxonomy":"product_tag","embeddable":true,"href":"https:\/\/galicianparts.com\/shop\/wp-json\/wp\/v2\/product_tag?post=46987"}],"curies":[{"name":"wp","href":"https:\/\/api.w.org\/{rel}","templated":true}]}}