{"id":47058,"date":"2022-05-10T11:27:45","date_gmt":"2022-05-10T09:27:45","guid":{"rendered":"https:\/\/galicianparts.com\/shop\/producto\/5892374-kit-juntas-culata-lancia-delta-i-prisma-fiat-uno-regata-ritmo-original\/"},"modified":"2023-03-09T14:29:16","modified_gmt":"2023-03-09T12:29:16","slug":"5892374-kit-juntas-culata-lancia-delta-i-prisma-fiat-uno-regata-ritmo-original","status":"publish","type":"product","link":"https:\/\/galicianparts.com\/shop\/producto\/5892374-kit-juntas-culata-lancia-delta-i-prisma-fiat-uno-regata-ritmo-original\/","title":{"rendered":"5892374 Kit juntas culata Lancia Delta I \/Prisma \/Fiat Uno \/Regata \/Ritmo ORIGINAL"},"content":{"rendered":"<p>Juego de descarbonizaci\u00f3n, set de juntas de la culata del motor de:<br \/>\nLANCIA &#8211; TB DELTA R.86 (1986-1992) 1300 CARB \/ 1500 CARB<br \/>\nLANCIA Prisma (831)<br \/>\n1.3 \/ 1.5, A\u00f1o 01.1983 &#8211; 04.1986, 1498 , 86<\/p>\n<p>FIAT Regata Berlina (138)<br \/>\n1.3 70, A\u00f1o 09.1983 &#8211; 07.1989, 1301 , 65<br \/>\n1.5 Super 85, A\u00f1o 09.1983 &#8211; 04.1985, 1498 , 82<br \/>\nFIAT Regata Weekend<br \/>\n1.5 85, A\u00f1o 01.1984 &#8211; 04.1989, 1498 , 82<br \/>\nFIAT Ritmo I Cabrio<br \/>\n1.5 80, A\u00f1o 03.1983 &#8211; 12.1986, 1498 , 82<br \/>\nFIAT Ritmo I Hatchback (138)<br \/>\n1.3 70, A\u00f1o 09.1983 &#8211; 07.1989, 1301 , 65<br \/>\n1.5 85, A\u00f1o 01.1983 &#8211; 12.1987, 1498 , 82<br \/>\nFIAT Uno Hatchback (146)<br \/>\n1.3 70, A\u00f1o 05.1985 &#8211; 08.1989, 1302 , 65<\/p>\n<p>LA PIEZA ES NUEVA Y ORIGINAL.<\/p>\n","protected":false},"excerpt":{"rendered":"<p>Juego de descarbonizaci\u00f3n, set de juntas de la culata del motor de: LANCIA &#8211; TB DELTA R.86 (1986-1992) 1300 CARB \/ 1500 CARB LANCIA Prisma (831) 1.3 \/ 1.5, A\u00f1o 01.1983 &#8211; 04.1986, 1498 , 86 FIAT Regata Berlina (138) 1.3 70, A\u00f1o 09.1983 &#8211; 07.1989, 1301 , 65 1.5 Super 85, A\u00f1o 09.1983 &#8211; [&hellip;]<\/p>\n","protected":false},"featured_media":47060,"template":"","meta":{"_seopress_robots_primary_cat":"","_seopress_titles_title":"","_seopress_titles_desc":"","_seopress_robots_index":""},"product_cat":[118,20,21,123,102,103,114],"product_tag":[],"class_list":{"0":"post-47058","1":"product","2":"type-product","3":"status-publish","4":"has-post-thumbnail","6":"product_cat-recambios-lancia-delta","7":"product_cat-recambios-fiat","8":"product_cat-recambios-lancia","9":"product_cat-recambios-lancia-prisma","10":"product_cat-recambios-fiat-regata","11":"product_cat-recambios-fiat-ritmo","12":"product_cat-recambios-fiat-uno","14":"first","15":"outofstock","16":"taxable","17":"shipping-taxable","18":"purchasable","19":"product-type-simple"},"_links":{"self":[{"href":"https:\/\/galicianparts.com\/shop\/wp-json\/wp\/v2\/product\/47058"}],"collection":[{"href":"https:\/\/galicianparts.com\/shop\/wp-json\/wp\/v2\/product"}],"about":[{"href":"https:\/\/galicianparts.com\/shop\/wp-json\/wp\/v2\/types\/product"}],"wp:featuredmedia":[{"embeddable":true,"href":"https:\/\/galicianparts.com\/shop\/wp-json\/wp\/v2\/media\/47060"}],"wp:attachment":[{"href":"https:\/\/galicianparts.com\/shop\/wp-json\/wp\/v2\/media?parent=47058"}],"wp:term":[{"taxonomy":"product_cat","embeddable":true,"href":"https:\/\/galicianparts.com\/shop\/wp-json\/wp\/v2\/product_cat?post=47058"},{"taxonomy":"product_tag","embeddable":true,"href":"https:\/\/galicianparts.com\/shop\/wp-json\/wp\/v2\/product_tag?post=47058"}],"curies":[{"name":"wp","href":"https:\/\/api.w.org\/{rel}","templated":true}]}}