{"id":47124,"date":"2022-05-11T09:20:58","date_gmt":"2022-05-11T07:20:58","guid":{"rendered":"https:\/\/galicianparts.com\/shop\/producto\/5890663-kit-juntas-motor-1-6-lancia-delta-i-prisma-fiat-regata-ritmo-original\/"},"modified":"2022-10-04T10:10:21","modified_gmt":"2022-10-04T08:10:21","slug":"5890663-kit-juntas-motor-1-6-lancia-delta-i-prisma-fiat-regata-ritmo-original","status":"publish","type":"product","link":"https:\/\/galicianparts.com\/shop\/producto\/5890663-kit-juntas-motor-1-6-lancia-delta-i-prisma-fiat-regata-ritmo-original\/","title":{"rendered":"5890663 Kit juntas motor 1.6 Lancia Delta I \/Prisma \/Fiat Regata \/Ritmo ORIGINAL"},"content":{"rendered":"<p>Juego, set de juntas del motor de:<br \/>\nLANCIA &#8211; TB DELTA R.86 (1986-1992) GT 1600 SPI USA 83<br \/>\nLANCIA Prisma (831)<br \/>\n1.6, A\u00f1o 08.1986 &#8211; 02.1992, 1585 , 99<\/p>\n<p>FIAT Regata Berlina (138)<br \/>\n1.6 Super 100, A\u00f1o 10.1983 &#8211; 07.1989, 1585 , 95<br \/>\n1.6 Super 100, A\u00f1o 10.1983 &#8211; 12.1990, 1585 , 101<br \/>\nFIAT Regata Weekend<br \/>\n1.6 100, A\u00f1o 09.1984 &#8211; 12.1990, 1585 , 101<br \/>\nFIAT Ritmo I Hatchback (138)<br \/>\n1.6 100, A\u00f1o 01.1983 &#8211; 12.1987, 1585 , 100<\/p>\n<p>LA PIEZA ES NUEVA Y ORIGINAL.<\/p>\n","protected":false},"excerpt":{"rendered":"<p>Juego, set de juntas del motor de: LANCIA &#8211; TB DELTA R.86 (1986-1992) GT 1600 SPI USA 83 LANCIA Prisma (831) 1.6, A\u00f1o 08.1986 &#8211; 02.1992, 1585 , 99 FIAT Regata Berlina (138) 1.6 Super 100, A\u00f1o 10.1983 &#8211; 07.1989, 1585 , 95 1.6 Super 100, A\u00f1o 10.1983 &#8211; 12.1990, 1585 , 101 FIAT Regata [&hellip;]<\/p>\n","protected":false},"featured_media":47131,"template":"","meta":{"_seopress_robots_primary_cat":"","_seopress_titles_title":"","_seopress_titles_desc":"","_seopress_robots_index":""},"product_cat":[118,21],"product_tag":[],"class_list":{"0":"post-47124","1":"product","2":"type-product","3":"status-publish","4":"has-post-thumbnail","6":"product_cat-recambios-lancia-delta","7":"product_cat-recambios-lancia","9":"first","10":"outofstock","11":"taxable","12":"shipping-taxable","13":"purchasable","14":"product-type-simple"},"_links":{"self":[{"href":"https:\/\/galicianparts.com\/shop\/wp-json\/wp\/v2\/product\/47124"}],"collection":[{"href":"https:\/\/galicianparts.com\/shop\/wp-json\/wp\/v2\/product"}],"about":[{"href":"https:\/\/galicianparts.com\/shop\/wp-json\/wp\/v2\/types\/product"}],"wp:featuredmedia":[{"embeddable":true,"href":"https:\/\/galicianparts.com\/shop\/wp-json\/wp\/v2\/media\/47131"}],"wp:attachment":[{"href":"https:\/\/galicianparts.com\/shop\/wp-json\/wp\/v2\/media?parent=47124"}],"wp:term":[{"taxonomy":"product_cat","embeddable":true,"href":"https:\/\/galicianparts.com\/shop\/wp-json\/wp\/v2\/product_cat?post=47124"},{"taxonomy":"product_tag","embeddable":true,"href":"https:\/\/galicianparts.com\/shop\/wp-json\/wp\/v2\/product_tag?post=47124"}],"curies":[{"name":"wp","href":"https:\/\/api.w.org\/{rel}","templated":true}]}}