{"id":47133,"date":"2022-05-11T09:35:29","date_gmt":"2022-05-11T07:35:29","guid":{"rendered":"https:\/\/galicianparts.com\/shop\/producto\/5892412-kit-juntas-motor-lancia-delta-i-prisma-fiat-uno-ritmo-regata-original\/"},"modified":"2022-05-11T09:49:37","modified_gmt":"2022-05-11T07:49:37","slug":"5892412-kit-juntas-motor-lancia-delta-i-prisma-fiat-uno-ritmo-regata-original","status":"publish","type":"product","link":"https:\/\/galicianparts.com\/shop\/producto\/5892412-kit-juntas-motor-lancia-delta-i-prisma-fiat-uno-ritmo-regata-original\/","title":{"rendered":"5892412 Kit juntas motor Lancia Delta I \/Prisma \/Fiat Uno \/Ritmo \/Regata ORIGINAL"},"content":{"rendered":"<p>Juego, set de juntas del motor de:<br \/>\nLANCIA &#8211; TB DELTA R.86 (1986-1992) 1300 CARB \/ 1500 CARB<br \/>\nLANCIA &#8211; PRISMA 1300-1500 <\/p>\n<p>FIAT Regata Berlina (138)<br \/>\n1.3 70, A\u00f1o 09.1983 &#8211; 07.1986, 1301 , 68<br \/>\n1.5 Super 85, A\u00f1o 09.1983 &#8211; 04.1985, 1498 , 82<br \/>\nFIAT Regata Weekend<br \/>\n1.3 70, A\u00f1o 01.1984 &#8211; 07.1989, 1301 , 68<br \/>\n1.5 85, A\u00f1o 01.1984 &#8211; 04.1989, 1498 , 82<br \/>\nFIAT Ritmo I Cabrio<br \/>\n1.5 80, A\u00f1o 01.1980 &#8211; 07.1989, 1498 , 86<br \/>\nFIAT Ritmo I Hatchback (138)<br \/>\n1.3 70, A\u00f1o 01.1983 &#8211; 04.1985, 1301 , 68<br \/>\n1.5 75, A\u00f1o 01.1978 &#8211; 12.1988, 1498 , 75<br \/>\n1.5 85, A\u00f1o 01.1981 &#8211; 05.1987, 1498 , 85<br \/>\nFIAT Uno Hatchback (146)<br \/>\n1.3 70, A\u00f1o 01.1983 &#8211; 04.1985, 1302 , 68<\/p>\n<p>LA PIEZA ES NUEVA Y ORIGINAL.<\/p>\n","protected":false},"excerpt":{"rendered":"<p>Juego, set de juntas del motor de: LANCIA &#8211; TB DELTA R.86 (1986-1992) 1300 CARB \/ 1500 CARB LANCIA &#8211; PRISMA 1300-1500 FIAT Regata Berlina (138) 1.3 70, A\u00f1o 09.1983 &#8211; 07.1986, 1301 , 68 1.5 Super 85, A\u00f1o 09.1983 &#8211; 04.1985, 1498 , 82 FIAT Regata Weekend 1.3 70, A\u00f1o 01.1984 &#8211; 07.1989, 1301 [&hellip;]<\/p>\n","protected":false},"featured_media":47137,"template":"","meta":{"_seopress_robots_primary_cat":"","_seopress_titles_title":"","_seopress_titles_desc":"","_seopress_robots_index":""},"product_cat":[118,21],"product_tag":[],"class_list":{"0":"post-47133","1":"product","2":"type-product","3":"status-publish","4":"has-post-thumbnail","6":"product_cat-recambios-lancia-delta","7":"product_cat-recambios-lancia","9":"first","10":"instock","11":"taxable","12":"shipping-taxable","13":"purchasable","14":"product-type-simple"},"_links":{"self":[{"href":"https:\/\/galicianparts.com\/shop\/wp-json\/wp\/v2\/product\/47133"}],"collection":[{"href":"https:\/\/galicianparts.com\/shop\/wp-json\/wp\/v2\/product"}],"about":[{"href":"https:\/\/galicianparts.com\/shop\/wp-json\/wp\/v2\/types\/product"}],"wp:featuredmedia":[{"embeddable":true,"href":"https:\/\/galicianparts.com\/shop\/wp-json\/wp\/v2\/media\/47137"}],"wp:attachment":[{"href":"https:\/\/galicianparts.com\/shop\/wp-json\/wp\/v2\/media?parent=47133"}],"wp:term":[{"taxonomy":"product_cat","embeddable":true,"href":"https:\/\/galicianparts.com\/shop\/wp-json\/wp\/v2\/product_cat?post=47133"},{"taxonomy":"product_tag","embeddable":true,"href":"https:\/\/galicianparts.com\/shop\/wp-json\/wp\/v2\/product_tag?post=47133"}],"curies":[{"name":"wp","href":"https:\/\/api.w.org\/{rel}","templated":true}]}}