{"id":4719,"date":"2020-10-01T11:19:42","date_gmt":"2020-10-01T09:19:42","guid":{"rendered":"https:\/\/galicianparts.com\/shop\/producto\/5414123-cojinete-axial-fiat-242-ducato-2-5d-nuevo-original\/"},"modified":"2023-12-13T14:12:50","modified_gmt":"2023-12-13T12:12:50","slug":"5414123-cojinete-axial-fiat-242-ducato-2-5d-nuevo-original","status":"publish","type":"product","link":"https:\/\/galicianparts.com\/shop\/producto\/5414123-cojinete-axial-fiat-242-ducato-2-5d-nuevo-original\/","title":{"rendered":"5414123 Cojinete axial cig\u00fce\u00f1al M 2.5D Fiat 242 \/Citro\u00ebn C35 NUEVO ORIGINAL"},"content":{"rendered":"<p>Cojinete axial superior clase 1 del cig\u00fce\u00f1al de:<br \/>\nEspesor: 3,10-3,14<\/p>\n<p>FIAT &#8211; 242 2500 DIESEL<br \/>\nCITR\u00d6EN &#8211; C35 2500 DIESEL<\/p>\n<p>LA PIEZA ES NUEVA Y ORIGINAL.<\/p>\n","protected":false},"excerpt":{"rendered":"<p>Cojinete axial superior clase 1 del cig\u00fce\u00f1al de: Espesor: 3,10-3,14 FIAT &#8211; 242 2500 DIESEL CITR\u00d6EN &#8211; C35 2500 DIESEL LA PIEZA ES NUEVA Y ORIGINAL.<\/p>\n","protected":false},"featured_media":69830,"template":"","meta":{"_seopress_robots_primary_cat":"","_seopress_titles_title":"","_seopress_titles_desc":"","_seopress_robots_index":""},"product_cat":[73,133,23,20],"product_tag":[],"class_list":{"0":"post-4719","1":"product","2":"type-product","3":"status-publish","4":"has-post-thumbnail","6":"product_cat-recambios-fiat-242","7":"product_cat-recambios-citroen-c35","8":"product_cat-recambios-citroen","9":"product_cat-recambios-fiat","11":"first","12":"instock","13":"taxable","14":"shipping-taxable","15":"purchasable","16":"product-type-simple"},"_links":{"self":[{"href":"https:\/\/galicianparts.com\/shop\/wp-json\/wp\/v2\/product\/4719"}],"collection":[{"href":"https:\/\/galicianparts.com\/shop\/wp-json\/wp\/v2\/product"}],"about":[{"href":"https:\/\/galicianparts.com\/shop\/wp-json\/wp\/v2\/types\/product"}],"wp:featuredmedia":[{"embeddable":true,"href":"https:\/\/galicianparts.com\/shop\/wp-json\/wp\/v2\/media\/69830"}],"wp:attachment":[{"href":"https:\/\/galicianparts.com\/shop\/wp-json\/wp\/v2\/media?parent=4719"}],"wp:term":[{"taxonomy":"product_cat","embeddable":true,"href":"https:\/\/galicianparts.com\/shop\/wp-json\/wp\/v2\/product_cat?post=4719"},{"taxonomy":"product_tag","embeddable":true,"href":"https:\/\/galicianparts.com\/shop\/wp-json\/wp\/v2\/product_tag?post=4719"}],"curies":[{"name":"wp","href":"https:\/\/api.w.org\/{rel}","templated":true}]}}