{"id":47226,"date":"2022-05-11T19:30:49","date_gmt":"2022-05-11T17:30:49","guid":{"rendered":"https:\/\/galicianparts.com\/shop\/producto\/mdb2240-kit-pastillas-freno-delantero-fiat-grande-punto-bravo-doblo-fiorino-mintex\/"},"modified":"2022-06-15T10:16:16","modified_gmt":"2022-06-15T08:16:16","slug":"mdb2240-kit-pastillas-freno-delantero-fiat-grande-punto-bravo-doblo-fiorino-mintex","status":"publish","type":"product","link":"https:\/\/galicianparts.com\/shop\/producto\/mdb2240-kit-pastillas-freno-delantero-fiat-grande-punto-bravo-doblo-fiorino-mintex\/","title":{"rendered":"MDB2240 Kit pastillas freno delantero Fiat \/ Lancia \/ Citroen \/ Peugeot MINTEX MDB2240"},"content":{"rendered":"<p>Juego, set de pastillas de freno delanteras, MINTEX MDB2240 con sensor de desgaste de:<br \/>\nLongitud: 137mm<br \/>\nAltura: 58mm<br \/>\nEspesor: 18mm<\/p>\n<p>FIAT Stilo Multi Wagon (192)<br \/>\n1.9 D Multijet, A\u00f1o 09.2005 &#8211; 08.2008, 1910 , 100<br \/>\n1.9 D Multijet, A\u00f1o 09.2005 &#8211; 08.2008, 1910 , 120<br \/>\n1.9 JTD, A\u00f1o 01.2003 &#8211; 08.2008, 1910 , 115<br \/>\nFIAT Grande Punto Hatchback (199)<br \/>\n1.3 D Multijet, A\u00f1o 04.2010 &#8211; &#8230;, 1248 , 84<br \/>\n1.3 D Multijet, A\u00f1o 10.2005 &#8211; 12.2010, 1248 , 90<br \/>\n1.4 16V, A\u00f1o 10.2005 &#8211; 08.2011, 1368 , 95<br \/>\n1.4 T-Jet, A\u00f1o 09.2007 &#8211; &#8230;, 1368 , 120<br \/>\n1.6 D Multijet, A\u00f1o 07.2008 &#8211; &#8230;, 1598 , 120<br \/>\n1.9 D Multijet, A\u00f1o 06.2006 &#8211; 12.2009, 1910 , 116<br \/>\n1.9 D Multijet, A\u00f1o 10.2005 &#8211; &#8230;, 1910 , 120<br \/>\n1.9 D Multijet, A\u00f1o 10.2005 &#8211; &#8230;, 1910 , 130<br \/>\nFIAT Bravo II Hatchback (198)<br \/>\n1.4 T-Jet, A\u00f1o 09.2007 &#8211; 12.2014, 1368 , 120<br \/>\n1.6 D Multijet, A\u00f1o 03.2008 &#8211; 12.2014, 1598 , 90<br \/>\n1.6 D Multijet, A\u00f1o 09.2007 &#8211; 12.2014, 1598 , 105<br \/>\n1.6 D Multijet, A\u00f1o 03.2008 &#8211; 12.2014, 1598 , 120<br \/>\n1.9 D Multijet, A\u00f1o 04.2007 &#8211; 12.2008, 1910 , 90<br \/>\n1.9 D Multijet, A\u00f1o 11.2006 &#8211; 12.2009, 1910 , 116<br \/>\n1.9 D Multijet, A\u00f1o 04.2007 &#8211; 12.2014, 1910 , 120<br \/>\nFIAT Fiorino III Furg\u00f3n \/ Familiar (225)<br \/>\n1.3 D Multijet, A\u00f1o 07.2009 &#8211; &#8230;, 1248 , 95<br \/>\nFIAT Qubo (225)<br \/>\n1.3 D Multijet, A\u00f1o 07.2010 &#8211; &#8230;, 1248 , 95<br \/>\nFIAT Punto Evo Hatchback (199) (A\u00f1o 07.2008 &#8211; &#8230;)<br \/>\n1.3 D Multijet, A\u00f1o 10.2009 &#8211; 02.2012, 1248 , 84<br \/>\n1.3 D Multijet, A\u00f1o 10.2009 &#8211; 02.2012, 1248 , 90<br \/>\n1.3 D Multijet, A\u00f1o 10.2009 &#8211; 02.2012, 1248 , 95<br \/>\n1.4 16V, A\u00f1o 10.2009 &#8211; 02.2012, 1368 , 135<br \/>\n1.6 D Multijet, A\u00f1o 10.2009 &#8211; 02.2012, 1598 , 120<br \/>\nFIAT Doblo II (263) (A\u00f1o 02.2010 &#8211; &#8230;)<br \/>\n1.3 D Multijet, A\u00f1o 02.2010 &#8211; &#8230;, 1248 , 90<br \/>\n1.4, A\u00f1o 02.2010 &#8211; &#8230;, 1368 , 95<br \/>\n1.4, A\u00f1o 10.2011 &#8211; &#8230;, 1368 , 120<br \/>\n1.4 Natural Power, A\u00f1o 06.2010 &#8211; &#8230;, 1368 , 120<br \/>\n1.6 D Multijet, A\u00f1o 02.2010 &#8211; &#8230;, 1598 , 90<br \/>\n1.6 D Multijet, A\u00f1o 02.2010 &#8211; &#8230;, 1598 , 100<br \/>\n1.6 D Multijet, A\u00f1o 02.2010 &#8211; &#8230;, 1598 , 105<br \/>\n2.0 D Multijet, A\u00f1o 02.2010 &#8211; &#8230;, 1956 , 135<br \/>\nFIAT Punto III Furg\u00f3n (199)<br \/>\n1.3 D Multijet, A\u00f1o 03.2012 &#8211; &#8230;, 1248 , 84<br \/>\n1.3 D Multijet, A\u00f1o 01.2010 &#8211; 02.2012, 1248 , 90<br \/>\n1.3 D Multijet, A\u00f1o 03.2009 &#8211; &#8230;, 1248 , 95<br \/>\nFIAT Doblo II Cami\u00f3n de plataforma\/Chasis (263)<br \/>\n1.3 D Multijet, A\u00f1o 02.2010 &#8211; &#8230;, 1248 , 90<br \/>\n1.4, A\u00f1o 04.2010 &#8211; &#8230;, 1368 , 95<br \/>\n1.6 D Multijet, A\u00f1o 02.2011 &#8211; &#8230;, 1598 , 101<br \/>\n1.6 D Multijet, A\u00f1o 02.2010 &#8211; &#8230;, 1598 , 105<br \/>\n2.0 D Multijet, A\u00f1o 02.2010 &#8211; &#8230;, 1956 , 135<br \/>\nFIAT Punto III Hatchback (199)<br \/>\n1.3 D Multijet, A\u00f1o 03.2012 &#8211; &#8230;, 1248 , 84<br \/>\n1.3 D Multijet, A\u00f1o 03.2012 &#8211; &#8230;, 1248 , 95<br \/>\n1.4 Turbo Multi Air, A\u00f1o 03.2012 &#8211; &#8230;, 1368 , 135<\/p>\n<p>LANCIA Delta III (844)<br \/>\n1.4, A\u00f1o 09.2008 &#8211; 08.2014, 1368 , 120<br \/>\n1.6 D Multijet, A\u00f1o 08.2008 &#8211; 08.2014, 1598 , 116<\/p>\n<p>PEUGEOT Bipper<br \/>\n1.3 HDi 75, A\u00f1o 10.2010 &#8211; &#8230;, 1248 , 75<br \/>\n1.4 HDi, A\u00f1o 02.2008 &#8211; &#8230;, 1398 , 68<\/p>\n<p>CITRO\u00cbN Nemo<br \/>\n1.3 HDi 75, A\u00f1o 10.2010 &#8211; &#8230;, 1248 , 75<br \/>\n1.4 HDi, A\u00f1o 02.2008 &#8211; &#8230;, 1398 , 68<\/p>\n<p>LA PIEZA ES NUEVA MINTEX<\/p>\n","protected":false},"excerpt":{"rendered":"<p>Juego, set de pastillas de freno delanteras, MINTEX MDB2240 con sensor de desgaste de: Longitud: 137mm Altura: 58mm Espesor: 18mm FIAT Stilo Multi Wagon (192) 1.9 D Multijet, A\u00f1o 09.2005 &#8211; 08.2008, 1910 , 100 1.9 D Multijet, A\u00f1o 09.2005 &#8211; 08.2008, 1910 , 120 1.9 JTD, A\u00f1o 01.2003 &#8211; 08.2008, 1910 , 115 FIAT [&hellip;]<\/p>\n","protected":false},"featured_media":47227,"template":"","meta":{"_seopress_robots_primary_cat":"","_seopress_titles_title":"","_seopress_titles_desc":"","_seopress_robots_index":""},"product_cat":[154,82,23,118,87,20,91,92,21,139,24,101,346,108],"product_tag":[],"class_list":{"0":"post-47226","1":"product","2":"type-product","3":"status-publish","4":"has-post-thumbnail","6":"product_cat-recambios-peugeot-bipper","7":"product_cat-recambios-fiat-bravo","8":"product_cat-recambios-citroen","9":"product_cat-recambios-lancia-delta","10":"product_cat-recambios-fiat-doblo","11":"product_cat-recambios-fiat","12":"product_cat-recambios-fiat-fiorino","13":"product_cat-recambios-fiat-grande-punto","14":"product_cat-recambios-lancia","15":"product_cat-recambios-citroen-nemo","16":"product_cat-recambios-peugeot","17":"product_cat-recambios-fiat-punto","18":"product_cat-recambios-fiat-qubo","19":"product_cat-recambios-fiat-stilo","21":"first","22":"outofstock","23":"taxable","24":"shipping-taxable","25":"purchasable","26":"product-type-simple"},"_links":{"self":[{"href":"https:\/\/galicianparts.com\/shop\/wp-json\/wp\/v2\/product\/47226"}],"collection":[{"href":"https:\/\/galicianparts.com\/shop\/wp-json\/wp\/v2\/product"}],"about":[{"href":"https:\/\/galicianparts.com\/shop\/wp-json\/wp\/v2\/types\/product"}],"wp:featuredmedia":[{"embeddable":true,"href":"https:\/\/galicianparts.com\/shop\/wp-json\/wp\/v2\/media\/47227"}],"wp:attachment":[{"href":"https:\/\/galicianparts.com\/shop\/wp-json\/wp\/v2\/media?parent=47226"}],"wp:term":[{"taxonomy":"product_cat","embeddable":true,"href":"https:\/\/galicianparts.com\/shop\/wp-json\/wp\/v2\/product_cat?post=47226"},{"taxonomy":"product_tag","embeddable":true,"href":"https:\/\/galicianparts.com\/shop\/wp-json\/wp\/v2\/product_tag?post=47226"}],"curies":[{"name":"wp","href":"https:\/\/api.w.org\/{rel}","templated":true}]}}