{"id":47249,"date":"2022-05-12T09:17:06","date_gmt":"2022-05-12T07:17:06","guid":{"rendered":"https:\/\/galicianparts.com\/shop\/producto\/5891925-kit-juntas-culata-fiat-500-126-nuevo-original\/"},"modified":"2023-12-07T10:30:34","modified_gmt":"2023-12-07T08:30:34","slug":"5891925-kit-juntas-culata-fiat-500-126-nuevo-original","status":"publish","type":"product","link":"https:\/\/galicianparts.com\/shop\/producto\/5891925-kit-juntas-culata-fiat-500-126-nuevo-original\/","title":{"rendered":"5891925 Kit juntas culata Fiat 500 \/126 NUEVO ORIGINAL"},"content":{"rendered":"<p>Juego de descarbonizaci\u00f3n, set de juntas de la culata del motor de:<\/p>\n<p>FIAT &#8211; 126 (126)<br \/>\n0.6, A\u00f1o 09.1972 &#8211; 06.1977, 594 , 23<br \/>\nFIAT &#8211; 500 Berlina<br \/>\n0.6, A\u00f1o 08.1968 &#8211; 01.1976, 594 , 18<\/p>\n<p>LA PIEZA ES NUEVA Y ORIGINAL.<\/p>\n","protected":false},"excerpt":{"rendered":"<p>Juego de descarbonizaci\u00f3n, set de juntas de la culata del motor de: FIAT &#8211; 126 (126) 0.6, A\u00f1o 09.1972 &#8211; 06.1977, 594 , 23 FIAT &#8211; 500 Berlina 0.6, A\u00f1o 08.1968 &#8211; 01.1976, 594 , 18 LA PIEZA ES NUEVA Y ORIGINAL.<\/p>\n","protected":false},"featured_media":47252,"template":"","meta":{"_seopress_robots_primary_cat":"","_seopress_titles_title":"","_seopress_titles_desc":"","_seopress_robots_index":""},"product_cat":[67,74,20],"product_tag":[],"class_list":{"0":"post-47249","1":"product","2":"type-product","3":"status-publish","4":"has-post-thumbnail","6":"product_cat-recambios-fiat-126","7":"product_cat-recambios-fiat-500","8":"product_cat-recambios-fiat","10":"first","11":"outofstock","12":"taxable","13":"shipping-taxable","14":"purchasable","15":"product-type-simple"},"_links":{"self":[{"href":"https:\/\/galicianparts.com\/shop\/wp-json\/wp\/v2\/product\/47249"}],"collection":[{"href":"https:\/\/galicianparts.com\/shop\/wp-json\/wp\/v2\/product"}],"about":[{"href":"https:\/\/galicianparts.com\/shop\/wp-json\/wp\/v2\/types\/product"}],"wp:featuredmedia":[{"embeddable":true,"href":"https:\/\/galicianparts.com\/shop\/wp-json\/wp\/v2\/media\/47252"}],"wp:attachment":[{"href":"https:\/\/galicianparts.com\/shop\/wp-json\/wp\/v2\/media?parent=47249"}],"wp:term":[{"taxonomy":"product_cat","embeddable":true,"href":"https:\/\/galicianparts.com\/shop\/wp-json\/wp\/v2\/product_cat?post=47249"},{"taxonomy":"product_tag","embeddable":true,"href":"https:\/\/galicianparts.com\/shop\/wp-json\/wp\/v2\/product_tag?post=47249"}],"curies":[{"name":"wp","href":"https:\/\/api.w.org\/{rel}","templated":true}]}}