{"id":47264,"date":"2022-05-12T09:59:19","date_gmt":"2022-05-12T07:59:19","guid":{"rendered":"https:\/\/galicianparts.com\/shop\/producto\/82288852-casquillo-palier-lancia-delta-evo-integrale-fiat-punto-gt-alfa-romeo-nuevo-original\/"},"modified":"2024-08-06T00:36:13","modified_gmt":"2024-08-05T22:36:13","slug":"82288852-casquillo-palier-lancia-delta-evo-integrale-fiat-punto-gt-alfa-romeo-nuevo-original","status":"publish","type":"product","link":"https:\/\/galicianparts.com\/shop\/producto\/82288852-casquillo-palier-lancia-delta-evo-integrale-fiat-punto-gt-alfa-romeo-nuevo-original\/","title":{"rendered":"82288852 Casquillo palier Lancia Delta Evo \/Integrale \/Fiat Punto GT \/Alfa Romeo NUEVO ORIGINAL"},"content":{"rendered":"<p>Casquillo de la junta homocin\u00e9tica de los ejes de transmisi\u00f3n de:<br \/>\nDi\u00e1metro exterior: 31,3 mm<br \/>\nDi\u00e1metro interior: 27,7 mm<br \/>\nAltura: 5,5 mm<\/p>\n<p>FIAT &#8211; PK BARCHETTA (1995-2004)<br \/>\nFIAT &#8211; 1V BRAVA (1995-1998) 1800 MPI 16V<br \/>\nFIAT &#8211; 1U BRAVO (1995-1998) 1800 16V<br \/>\nFIAT &#8211; MZ CROMA CHT FL.90 (1990-1992)<br \/>\nFIAT &#8211; MY CROMA IE-IE TB. FL.90 (1990-1996)<br \/>\nFIAT &#8211; NQ CROMA IE. 2500 V6 (1993-1996)<br \/>\nFIAT &#8211; MJ CROMA TURBO DS FL.90 (1990-1996)<br \/>\nFIAT &#8211; NX PUNTO D-TD (1993-1997) 1697 T.DS EM.08 (70 CV) \/ 1697 T.DS USA&#8217;87-CEE FASE 2 (70 CV)<br \/>\nFIAT &#8211; NW PUNTO GT (1993-1997)<br \/>\nFIAT &#8211; MW TEMPRA 1750-2000 (1989-1993) SEDAN SX-SLX \/ S.W.SX-SLX \/ SEDAN BASICAS \/ S.W.BASICAS<br \/>\nFIAT &#8211; MW TEMPRA 1750-2000 (1989-1993) S.W. 4X4<br \/>\nFIAT &#8211; MX TEMPRA DIESEL-TURBO D. (1989-1993) 1930 TURBO \/ 1930 TURBO USA&#8217;87 (82CV) \/ 1930 TURBO USA&#8217;87 (92CV)<br \/>\nFIAT &#8211; NZ TEMPRA MAQ.93 1750-2000 (&#8217;93-&#8217;96) SEDAN \u00abSX\u00bb \/ SEDAN \u00abSLX\u00bb \/ S.W.4X2 \u00abSX\u00bb \/ S.W.4X2 \u00abSLX\u00bb<br \/>\nFIAT &#8211; NZ TEMPRA MAQ.93 1750-2000 (&#8217;93-&#8217;96) S.W.4X4 SX \/ S.W. 4X4 SLX<br \/>\nFIAT &#8211; NJ TEMPRA MQ.93 D-TD (1993-1996) 1930 TURBO \/ 1930 TURBO USA&#8217;87-CF2<br \/>\nFIAT &#8211; NG TIPO 1750-2000 (1990-1993)<br \/>\nFIAT &#8211; MF TIPO DIESEL-T.DS. (1987-1993) 1930 TURBO \/ 1930 TURBO USA&#8217;87 (82CV) \/ 1930 TURBO USA&#8217;87 (92CV)<br \/>\nFIAT &#8211; NT TIPO MAQ.93 D-TD (1993-1995) 1930 TURBO \/ 1930 TURBO USA&#8217;87-CF2<br \/>\nFIAT &#8211; NU TIPO MQ.93 1750-2000 (1993-1995)<br \/>\nFIAT &#8211; MP TIPO SPORT 16V IE. (1988-1993)<br \/>\nFIAT &#8211; MT UNO TURBO R\/89 (1989-1993)<br \/>\nALFA ROMEO &#8211; U6 155 TURBO (1992-1996) 2000 TB\/BZ 4X4<br \/>\nALFA ROMEO &#8211; W1 164 FL\/92 (1992-1997) 3000 6V Q4 24VAL \/ 3000 6V Q4 24VAL CEE F2<br \/>\nALFA ROMEO &#8211; W2 164 SUPER (1992-1997) 2000 T.SPARK<br \/>\nALFA ROMEO &#8211; W2 164 SUPER (1992-1997) 3000 V6 24V 4X4(CEE-F2)<br \/>\nLANCIA &#8211; RY DEDRA BENZINA (1989-1994) 1800 \/ 1800 USA&#8217;83 105CV (77KW) \/ 1800 CC.(USA 83) 90CV (66KW) \/ 2000 \/ 2000 USA&#8217;83<br \/>\nLANCIA &#8211; SL DEDRA FL.94 (1994-1999) 1750 MPI \/ 2000 MPI C. AUT.<br \/>\nLANCIA &#8211; SL DEDRA FL.94 (1994-1999) 1750 16V CEE F2 115CV<br \/>\nLANCIA &#8211; SM DEDRA FL.94 (1994-1999) 2000 16V \/ SEDAN LE 4X2 \/ SEDAN LX 4X2 \/ S.W. LS 4X2 \/ S.W. LX 4X2<br \/>\nLANCIA &#8211; SM DEDRA FL.94 (1994-1999) 1750 16V 132CV \/ SEDAN LX 4X2 \/ S.W. LS 4X2 \/ S.W. LX 4X2 \/ BN LS 4X2<br \/>\nLANCIA &#8211; SM DEDRA FL.94 1750-2.0 (1994-1999) S.W. LS 4X4<br \/>\nLANCIA &#8211; SN DEDRA FL.94 T.DS (1994-1999) 1930 TD. EM 08 \/ 1930 TD.USA&#8217;87 CF2<br \/>\nLANCIA &#8211; RJ DEDRA IE.TB.INTEGRALE (1990-1994) 2000 \/ 2000 USA&#8217;83<br \/>\nLANCIA &#8211; RJ DEDRA IE.TB.INTEGRALE (1990-1994) 2000 4WD \/ 2000 4WD USA&#8217;83<br \/>\nLANCIA &#8211; RZ DEDRA TURBO DIESEL (1989-1994)<br \/>\nLANCIA &#8211; RT DELTA 4WD (1986-1991)<br \/>\nLANCIA &#8211; SA DELTA EVOLUZIONE (1991-1994)<br \/>\nLANCIA &#8211; TB DELTA R.86 (1986-1992) 1500 CARB \/ CAMBIO AUTOMATICO<br \/>\nLANCIA &#8211; TB DELTA R.86 (1986-1992) 1600 MPI \/ 1600 SPI USA 83 \/ 1600 MPI TB \/ 1600 MPI TB USA 83<br \/>\nLANCIA &#8211; TB DELTA R.86 (1986-1992) 1930 TB\/DS<br \/>\nLANCIA &#8211; SP KAPPA BZ (1994-2001) 2000 IE. (838A1.000)<br \/>\nLANCIA &#8211; SF N.DELTA (1993-1999) 1750 105CV (77KW) \/ 1750 90CV (66KW) \/ 1750 CEE F2 97CV (71KW) \/ 1750 CEE F2 90CV (66KW)<br \/>\nLANCIA &#8211; SF N.DELTA (1993-1999) 1750 CEE F2 16V 115CV<br \/>\nLANCIA &#8211; SG N.DELTA (&#8217;93-&#8217;99) 2000 16V ASP.<br \/>\nLANCIA &#8211; SQ N.DELTA TB\/DS (1994-1999)<br \/>\nLANCIA &#8211; SD THEMA 3.0 V6 FL.92 (1992-1994)<br \/>\nLANCIA &#8211; SZ THEMA R.88 (1988-1992) 2000 8V EM.04 \/ 2000 8V USA\/83 \/ 2000 TB 8V USA\/83 \/ 2000 16V EM.04 \/ 2000 16V USA\/83 \/ 2000 TB 16V EM.04 \/ 2000 TB 16V USA\/83<br \/>\nLANCIA &#8211; SZ THEMA R.88 (1988-1992) 2500 TB\/DS (8144.97) \/ 2500 TB\/DS (8144.97S)EM.08<br \/>\nLANCIA &#8211; SZ THEMA R.88 (1988-1992) 2850 6V<br \/>\nLANCIA &#8211; SE THEMA I.E. 8V FL.92 (1992-1994)<br \/>\nLANCIA &#8211; SB THEMA IE. 16V FL.92 (1992-1994)<br \/>\nLANCIA &#8211; SC THEMA TURBO DS FL.92 (1992-1994)<\/p>\n<p>LA PIEZA ES NUEVA Y ORIGINAL.<\/p>\n","protected":false},"excerpt":{"rendered":"<p>Casquillo de la junta homocin\u00e9tica de los ejes de transmisi\u00f3n de: Di\u00e1metro exterior: 31,3 mm Di\u00e1metro interior: 27,7 mm Altura: 5,5 mm FIAT &#8211; PK BARCHETTA (1995-2004) FIAT &#8211; 1V BRAVA (1995-1998) 1800 MPI 16V FIAT &#8211; 1U BRAVO (1995-1998) 1800 16V FIAT &#8211; MZ CROMA CHT FL.90 (1990-1992) FIAT &#8211; MY CROMA IE-IE TB. [&hellip;]<\/p>\n","protected":false},"featured_media":47266,"template":"","meta":{"_seopress_robots_primary_cat":"","_seopress_titles_title":"","_seopress_titles_desc":"","_seopress_robots_index":""},"product_cat":[48,54,16,80,81,82,86,117,118,20,119,21,101,111,124,112,114],"product_tag":[],"class_list":{"0":"post-47264","1":"product","2":"type-product","3":"status-publish","4":"has-post-thumbnail","6":"product_cat-recambios-alfa-romeo-155","7":"product_cat-recambios-alfa-romeo-164","8":"product_cat-recambios-alfa-romeo","9":"product_cat-recambios-fiat-barchetta","10":"product_cat-recambios-fiat-brava","11":"product_cat-recambios-fiat-bravo","12":"product_cat-recambios-fiat-croma","13":"product_cat-recambios-lancia-dedra","14":"product_cat-recambios-lancia-delta","15":"product_cat-recambios-fiat","16":"product_cat-recambios-lancia-kappa","17":"product_cat-recambios-lancia","18":"product_cat-recambios-fiat-punto","19":"product_cat-recambios-fiat-tempra","20":"product_cat-recambios-lancia-thema","21":"product_cat-recambios-fiat-tipo","22":"product_cat-recambios-fiat-uno","24":"first","25":"outofstock","26":"taxable","27":"shipping-taxable","28":"purchasable","29":"product-type-simple"},"_links":{"self":[{"href":"https:\/\/galicianparts.com\/shop\/wp-json\/wp\/v2\/product\/47264"}],"collection":[{"href":"https:\/\/galicianparts.com\/shop\/wp-json\/wp\/v2\/product"}],"about":[{"href":"https:\/\/galicianparts.com\/shop\/wp-json\/wp\/v2\/types\/product"}],"wp:featuredmedia":[{"embeddable":true,"href":"https:\/\/galicianparts.com\/shop\/wp-json\/wp\/v2\/media\/47266"}],"wp:attachment":[{"href":"https:\/\/galicianparts.com\/shop\/wp-json\/wp\/v2\/media?parent=47264"}],"wp:term":[{"taxonomy":"product_cat","embeddable":true,"href":"https:\/\/galicianparts.com\/shop\/wp-json\/wp\/v2\/product_cat?post=47264"},{"taxonomy":"product_tag","embeddable":true,"href":"https:\/\/galicianparts.com\/shop\/wp-json\/wp\/v2\/product_tag?post=47264"}],"curies":[{"name":"wp","href":"https:\/\/api.w.org\/{rel}","templated":true}]}}