{"id":47269,"date":"2022-05-12T10:18:44","date_gmt":"2022-05-12T08:18:44","guid":{"rendered":"https:\/\/galicianparts.com\/shop\/producto\/4391361-guardapolvo-diferencial-fiat-punto-gt-lancia-delta-ii-dedra-nuevo-original\/"},"modified":"2022-05-12T10:22:28","modified_gmt":"2022-05-12T08:22:28","slug":"4391361-guardapolvo-diferencial-fiat-punto-gt-lancia-delta-ii-dedra-nuevo-original","status":"publish","type":"product","link":"https:\/\/galicianparts.com\/shop\/producto\/4391361-guardapolvo-diferencial-fiat-punto-gt-lancia-delta-ii-dedra-nuevo-original\/","title":{"rendered":"4391361 Guardapolvo diferencial Fiat Punto GT \/Lancia Delta II \/Dedra NUEVO ORIGINAL"},"content":{"rendered":"<p>Protector, capuch\u00f3n de la entrada  de la barra del palier en el diferencial de:<br \/>\nDi\u00e1metro interior: 27 mm.<br \/>\nDi\u00e1metro exterior: 56,4 mm.<br \/>\nFIAT &#8211; NW PUNTO GT (1993-1997)<br \/>\nLANCIA &#8211; SL DEDRA FL.94 (1994-1999) 1750 MPI \/ 2000 MPI C. AUT.<br \/>\nLANCIA &#8211; SL DEDRA FL.94 (1994-1999) 1750 16V CEE F2 115CV<br \/>\nLANCIA &#8211; SM DEDRA FL.94 (1994-1999) 2000 16V \/ SEDAN LE 4X2 \/ SEDAN LX 4X2 \/ S.W. LS 4X2 \/ S.W. LX 4X2<br \/>\nLANCIA &#8211; SF N.DELTA (1993-1999) 1750 105CV (77KW) \/ 1750 90CV (66KW) \/ 1750 CEE F2 97CV (71KW) \/ 1750 CEE F2 90CV (66KW)<br \/>\nLANCIA &#8211; SF N.DELTA (1993-1999) 1750 CEE F2 16V 115CV<br \/>\nLANCIA &#8211; SG N.DELTA (&#8217;93-&#8217;99) 2000 16V ASP.<\/p>\n<p>LA PIEZA ES NUEVA Y ORIGINAL.<\/p>\n","protected":false},"excerpt":{"rendered":"<p>Protector, capuch\u00f3n de la entrada de la barra del palier en el diferencial de: Di\u00e1metro interior: 27 mm. Di\u00e1metro exterior: 56,4 mm. FIAT &#8211; NW PUNTO GT (1993-1997) LANCIA &#8211; SL DEDRA FL.94 (1994-1999) 1750 MPI \/ 2000 MPI C. AUT. LANCIA &#8211; SL DEDRA FL.94 (1994-1999) 1750 16V CEE F2 115CV LANCIA &#8211; SM [&hellip;]<\/p>\n","protected":false},"featured_media":47270,"template":"","meta":{"_seopress_robots_primary_cat":"","_seopress_titles_title":"","_seopress_titles_desc":"","_seopress_robots_index":""},"product_cat":[117,118,20,21,101],"product_tag":[],"class_list":{"0":"post-47269","1":"product","2":"type-product","3":"status-publish","4":"has-post-thumbnail","6":"product_cat-recambios-lancia-dedra","7":"product_cat-recambios-lancia-delta","8":"product_cat-recambios-fiat","9":"product_cat-recambios-lancia","10":"product_cat-recambios-fiat-punto","12":"first","13":"instock","14":"taxable","15":"shipping-taxable","16":"purchasable","17":"product-type-simple"},"_links":{"self":[{"href":"https:\/\/galicianparts.com\/shop\/wp-json\/wp\/v2\/product\/47269"}],"collection":[{"href":"https:\/\/galicianparts.com\/shop\/wp-json\/wp\/v2\/product"}],"about":[{"href":"https:\/\/galicianparts.com\/shop\/wp-json\/wp\/v2\/types\/product"}],"wp:featuredmedia":[{"embeddable":true,"href":"https:\/\/galicianparts.com\/shop\/wp-json\/wp\/v2\/media\/47270"}],"wp:attachment":[{"href":"https:\/\/galicianparts.com\/shop\/wp-json\/wp\/v2\/media?parent=47269"}],"wp:term":[{"taxonomy":"product_cat","embeddable":true,"href":"https:\/\/galicianparts.com\/shop\/wp-json\/wp\/v2\/product_cat?post=47269"},{"taxonomy":"product_tag","embeddable":true,"href":"https:\/\/galicianparts.com\/shop\/wp-json\/wp\/v2\/product_tag?post=47269"}],"curies":[{"name":"wp","href":"https:\/\/api.w.org\/{rel}","templated":true}]}}