{"id":47307,"date":"2022-05-12T11:37:38","date_gmt":"2022-05-12T09:37:38","guid":{"rendered":"https:\/\/galicianparts.com\/shop\/producto\/1063-01-kit-pastillas-freno-delantero-alfa-romeo-75-gtv-alfetta-giulietta-woking-1063-01\/"},"modified":"2023-01-16T21:51:09","modified_gmt":"2023-01-16T19:51:09","slug":"1063-01-kit-pastillas-freno-delantero-alfa-romeo-75-gtv-alfetta-giulietta-woking-1063-01","status":"publish","type":"product","link":"https:\/\/galicianparts.com\/shop\/producto\/1063-01-kit-pastillas-freno-delantero-alfa-romeo-75-gtv-alfetta-giulietta-woking-1063-01\/","title":{"rendered":"1063.01 Kit pastillas freno delantero Alfa Romeo 75 \/GTV \/Alfetta \/Giulietta WOKING 1063.01"},"content":{"rendered":"<p>Juego, set de pastillas de freno delanteras, WOKING 1063.01 con sensor de desgaste de:<br \/>\nALFA ROMEO 75 (162B)<br \/>\n1.6, A\u00f1o 05.1985 &#8211; 09.1989, 1570 , 103<br \/>\n1.6, A\u00f1o 05.1985 &#8211; 09.1989, 1567 , 110<br \/>\n1.8, A\u00f1o 09.1985 &#8211; 06.1989, 1779 , 116<br \/>\n1.8, A\u00f1o 08.1989 &#8211; 02.1992, 1779 , 122<br \/>\n1.8, A\u00f1o 08.1989 &#8211; 02.1992, 1773 , 129<br \/>\n1.8, A\u00f1o 09.1988 &#8211; 02.1992, 1779 , 120<br \/>\n2.0, A\u00f1o 05.1985 &#8211; 10.1988, 1962 , 128<br \/>\nALFA ROMEO Alfetta GT (116)<br \/>\n1.6, A\u00f1o 01.1976 &#8211; 09.1982, 1570 , 107<br \/>\n2.0, A\u00f1o 07.1978 &#8211; 01.1986, 1962 , 121<br \/>\nALFA ROMEO Alfetta Berlina (116)<br \/>\n1.6, A\u00f1o 01.1975 &#8211; 12.1984, 1570 , 107<br \/>\n1.8, A\u00f1o 10.1979 &#8211; 12.1984, 1779 , 121<br \/>\n1.8, A\u00f1o 10.1979 &#8211; 12.1984, 1779 , 122<br \/>\n2.0, A\u00f1o 07.1978 &#8211; 12.1984, 1962 , 132<br \/>\n2.0 TD, A\u00f1o 10.1979 &#8211; 03.1983, 1995 , 82<br \/>\n2.4 TD, A\u00f1o 04.1983 &#8211; 12.1984, 2393 , 95<br \/>\nALFA ROMEO Giulietta Berlina (116)<br \/>\n1.3, A\u00f1o 10.1977 &#8211; 06.1983, 1357 , 90<br \/>\n1.8, A\u00f1o 04.1979 &#8211; 04.1985, 1779 , 122<br \/>\n1.8 Turbo, A\u00f1o 01.1984 &#8211; 12.1985, 1779 , 150<br \/>\n2.0, A\u00f1o 06.1980 &#8211; 04.1985, 1962 , 131<br \/>\n2.0 TD, A\u00f1o 01.1983 &#8211; 12.1985, 1995 , 83<br \/>\n2.0 Turbo, A\u00f1o 07.1983 &#8211; 06.1984, 1962 , 170<br \/>\nALFA ROMEO GTV (116)<br \/>\n2.0, A\u00f1o 07.1978 &#8211; 01.1986, 1962 , 131<br \/>\n2.0 Turbodelta, A\u00f1o 01.1978 &#8211; 12.1980, 1962 , 150<\/p>\n<p>LA PIEZA ES NUEVA WOKING<\/p>\n","protected":false},"excerpt":{"rendered":"<p>Juego, set de pastillas de freno delanteras, WOKING 1063.01 con sensor de desgaste de: ALFA ROMEO 75 (162B) 1.6, A\u00f1o 05.1985 &#8211; 09.1989, 1570 , 103 1.6, A\u00f1o 05.1985 &#8211; 09.1989, 1567 , 110 1.8, A\u00f1o 09.1985 &#8211; 06.1989, 1779 , 116 1.8, A\u00f1o 08.1989 &#8211; 02.1992, 1779 , 122 1.8, A\u00f1o 08.1989 &#8211; 02.1992, [&hellip;]<\/p>\n","protected":false},"featured_media":47308,"template":"","meta":{"_seopress_robots_primary_cat":"","_seopress_titles_title":"","_seopress_titles_desc":"","_seopress_robots_index":""},"product_cat":[58,16,180,53,55],"product_tag":[],"class_list":{"0":"post-47307","1":"product","2":"type-product","3":"status-publish","4":"has-post-thumbnail","6":"product_cat-recambios-alfa-romeo-75","7":"product_cat-recambios-alfa-romeo","8":"product_cat-recambios-alfa-romeo-alfetta","9":"product_cat-recambios-alfa-romeo-giulietta","10":"product_cat-recambios-alfa-romeo-gtv","12":"first","13":"outofstock","14":"taxable","15":"shipping-taxable","16":"purchasable","17":"product-type-simple"},"_links":{"self":[{"href":"https:\/\/galicianparts.com\/shop\/wp-json\/wp\/v2\/product\/47307"}],"collection":[{"href":"https:\/\/galicianparts.com\/shop\/wp-json\/wp\/v2\/product"}],"about":[{"href":"https:\/\/galicianparts.com\/shop\/wp-json\/wp\/v2\/types\/product"}],"wp:featuredmedia":[{"embeddable":true,"href":"https:\/\/galicianparts.com\/shop\/wp-json\/wp\/v2\/media\/47308"}],"wp:attachment":[{"href":"https:\/\/galicianparts.com\/shop\/wp-json\/wp\/v2\/media?parent=47307"}],"wp:term":[{"taxonomy":"product_cat","embeddable":true,"href":"https:\/\/galicianparts.com\/shop\/wp-json\/wp\/v2\/product_cat?post=47307"},{"taxonomy":"product_tag","embeddable":true,"href":"https:\/\/galicianparts.com\/shop\/wp-json\/wp\/v2\/product_tag?post=47307"}],"curies":[{"name":"wp","href":"https:\/\/api.w.org\/{rel}","templated":true}]}}