{"id":4736,"date":"2020-10-01T12:49:58","date_gmt":"2020-10-01T10:49:58","guid":{"rendered":"https:\/\/galicianparts.com\/shop\/producto\/712411635-sujetador-cinto-lancia-ypsilon-1995-2003-nuevo-original\/"},"modified":"2023-12-13T14:06:58","modified_gmt":"2023-12-13T12:06:58","slug":"712411635-sujetador-cinto-lancia-ypsilon-1995-2003-nuevo-original","status":"publish","type":"product","link":"https:\/\/galicianparts.com\/shop\/producto\/712411635-sujetador-cinto-lancia-ypsilon-1995-2003-nuevo-original\/","title":{"rendered":"712411635 Gu\u00eda cinto seguridad Lancia Ypsilon (1995-2003) NUEVO ORIGINAL"},"content":{"rendered":"<p>Pinza de sujeci\u00f3n, sujetador del cintur\u00f3n de seguridad del pilar central de:<br \/>\nLANCIA &#8211; SU Y (1995-2000) \u00abLE\u00bb \/ \u00abLS\u00bb \/ \u00abLX\u00bb \/ \u00abLE\u00bb ELEFANTINO<br \/>\nLANCIA &#8211; SU Y (1995-2000) ELEFANTE AZUL MY &#8217;98 \/ ELEFANTE ROJO MY &#8217;98 \/ LSE MY &#8217;98 \/ S.E.COSMOPOLITAN<br \/>\nLANCIA &#8211; SU Y (1995-2000) LX MY &#8217;98 \/ TAPICER\u00cdA PIEL \/ TAPICER\u00cdA EXTRA SERIE\u00a01<br \/>\nLANCIA &#8211; TA Y FL.2000 (2000-2003) ELEFANTE AZUL 8V \/ LS \/ ELEFANTE AZUL 16V<br \/>\nLANCIA &#8211; TA Y FL.2000 (2000-2003) LX \/ ELEFANTE ROJO \/ TAPICER\u00cdA PIEL \/ TAPICER\u00cdA EXTRA SERIE\u00a01<br \/>\nLANCIA &#8211; TA Y FL.2000 (2000-2003) S.E. DODO\/SPICY \/ S.S. UNICA<\/p>\n<p>LA PIEZA ES NUEVA Y ORIGINAL.<\/p>\n","protected":false},"excerpt":{"rendered":"<p>Pinza de sujeci\u00f3n, sujetador del cintur\u00f3n de seguridad del pilar central de: LANCIA &#8211; SU Y (1995-2000) \u00abLE\u00bb \/ \u00abLS\u00bb \/ \u00abLX\u00bb \/ \u00abLE\u00bb ELEFANTINO LANCIA &#8211; SU Y (1995-2000) ELEFANTE AZUL MY &#8217;98 \/ ELEFANTE ROJO MY &#8217;98 \/ LSE MY &#8217;98 \/ S.E.COSMOPOLITAN LANCIA &#8211; SU Y (1995-2000) LX MY &#8217;98 \/ TAPICER\u00cdA [&hellip;]<\/p>\n","protected":false},"featured_media":81056,"template":"","meta":{"_seopress_robots_primary_cat":"","_seopress_titles_title":"","_seopress_titles_desc":"","_seopress_robots_index":""},"product_cat":[21,127],"product_tag":[],"class_list":{"0":"post-4736","1":"product","2":"type-product","3":"status-publish","4":"has-post-thumbnail","6":"product_cat-recambios-lancia","7":"product_cat-recambios-lancia-ypsilon","9":"first","10":"instock","11":"taxable","12":"shipping-taxable","13":"purchasable","14":"product-type-simple"},"_links":{"self":[{"href":"https:\/\/galicianparts.com\/shop\/wp-json\/wp\/v2\/product\/4736"}],"collection":[{"href":"https:\/\/galicianparts.com\/shop\/wp-json\/wp\/v2\/product"}],"about":[{"href":"https:\/\/galicianparts.com\/shop\/wp-json\/wp\/v2\/types\/product"}],"wp:featuredmedia":[{"embeddable":true,"href":"https:\/\/galicianparts.com\/shop\/wp-json\/wp\/v2\/media\/81056"}],"wp:attachment":[{"href":"https:\/\/galicianparts.com\/shop\/wp-json\/wp\/v2\/media?parent=4736"}],"wp:term":[{"taxonomy":"product_cat","embeddable":true,"href":"https:\/\/galicianparts.com\/shop\/wp-json\/wp\/v2\/product_cat?post=4736"},{"taxonomy":"product_tag","embeddable":true,"href":"https:\/\/galicianparts.com\/shop\/wp-json\/wp\/v2\/product_tag?post=4736"}],"curies":[{"name":"wp","href":"https:\/\/api.w.org\/{rel}","templated":true}]}}