{"id":47365,"date":"2022-05-13T09:03:32","date_gmt":"2022-05-13T07:03:32","guid":{"rendered":"https:\/\/galicianparts.com\/shop\/producto\/46823924-cerradura-puerta-delantera-izq-fiat-doblo-2000-nueva-original\/"},"modified":"2023-11-29T11:30:16","modified_gmt":"2023-11-29T09:30:16","slug":"46823924-cerradura-puerta-delantera-izq-fiat-doblo-2000-nueva-original","status":"publish","type":"product","link":"https:\/\/galicianparts.com\/shop\/producto\/46823924-cerradura-puerta-delantera-izq-fiat-doblo-2000-nueva-original\/","title":{"rendered":"46823924 Cerradura puerta delantera izq. Fiat Doblo (2000-&#8230;) NUEVA ORIGINAL"},"content":{"rendered":"<p>51843471 Cerradura el\u00e9ctrica de la puerta delantera izquierda para modelos con cierre centralizado de:<br \/>\nFIAT PROFESSIONAL &#8211; 1W DOBLO (2000-2004) BLOCAPUERTAS EL\u00c9CTRICO<br \/>\nFIAT PROFESSIONAL &#8211; 2W DOBLO MY. 2004 (2004-2005) BLOCAPUERTAS EL\u00c9CTRICO<br \/>\nFIAT PROFESSIONAL &#8211; 3C DOBLO REST. 2005 (2005-&#8230;.) BLOCAPUERTAS EL\u00c9CTRICO<\/p>\n<p>LA PIEZA ES NUEVA Y ORIGINAL.<\/p>\n","protected":false},"excerpt":{"rendered":"<p>51843471 Cerradura el\u00e9ctrica de la puerta delantera izquierda para modelos con cierre centralizado de: FIAT PROFESSIONAL &#8211; 1W DOBLO (2000-2004) BLOCAPUERTAS EL\u00c9CTRICO FIAT PROFESSIONAL &#8211; 2W DOBLO MY. 2004 (2004-2005) BLOCAPUERTAS EL\u00c9CTRICO FIAT PROFESSIONAL &#8211; 3C DOBLO REST. 2005 (2005-&#8230;.) BLOCAPUERTAS EL\u00c9CTRICO LA PIEZA ES NUEVA Y ORIGINAL.<\/p>\n","protected":false},"featured_media":47367,"template":"","meta":{"_seopress_robots_primary_cat":"","_seopress_titles_title":"","_seopress_titles_desc":"","_seopress_robots_index":""},"product_cat":[87,20],"product_tag":[],"class_list":{"0":"post-47365","1":"product","2":"type-product","3":"status-publish","4":"has-post-thumbnail","6":"product_cat-recambios-fiat-doblo","7":"product_cat-recambios-fiat","9":"first","10":"outofstock","11":"taxable","12":"shipping-taxable","13":"purchasable","14":"product-type-simple"},"_links":{"self":[{"href":"https:\/\/galicianparts.com\/shop\/wp-json\/wp\/v2\/product\/47365"}],"collection":[{"href":"https:\/\/galicianparts.com\/shop\/wp-json\/wp\/v2\/product"}],"about":[{"href":"https:\/\/galicianparts.com\/shop\/wp-json\/wp\/v2\/types\/product"}],"wp:featuredmedia":[{"embeddable":true,"href":"https:\/\/galicianparts.com\/shop\/wp-json\/wp\/v2\/media\/47367"}],"wp:attachment":[{"href":"https:\/\/galicianparts.com\/shop\/wp-json\/wp\/v2\/media?parent=47365"}],"wp:term":[{"taxonomy":"product_cat","embeddable":true,"href":"https:\/\/galicianparts.com\/shop\/wp-json\/wp\/v2\/product_cat?post=47365"},{"taxonomy":"product_tag","embeddable":true,"href":"https:\/\/galicianparts.com\/shop\/wp-json\/wp\/v2\/product_tag?post=47365"}],"curies":[{"name":"wp","href":"https:\/\/api.w.org\/{rel}","templated":true}]}}