{"id":47669,"date":"2022-05-17T11:31:31","date_gmt":"2022-05-17T09:31:31","guid":{"rendered":"https:\/\/galicianparts.com\/shop\/producto\/4394466-cilindro-freno-tambor-trasero-fiat-131-132-seat-131-132-nuevo-original\/"},"modified":"2025-10-01T19:34:14","modified_gmt":"2025-10-01T17:34:14","slug":"4394466-cilindro-freno-tambor-trasero-fiat-131-132-seat-131-132-nuevo-original","status":"publish","type":"product","link":"https:\/\/galicianparts.com\/shop\/producto\/4394466-cilindro-freno-tambor-trasero-fiat-131-132-seat-131-132-nuevo-original\/","title":{"rendered":"4394466 Cilindro freno tambor trasero Fiat 131 \/132 \/Seat 131 \/132 NUEVO ORIGINAL"},"content":{"rendered":"<p>Bomb\u00edn de los frenos del tambor posterior de:<br \/>\nSEAT 131<br \/>\n1.6, A\u00f1o 03.1982 &#8211; 01.1985, 1592 , 97<br \/>\n2.0, A\u00f1o 06.1978 &#8211; 12.1985, 1994 , 116<br \/>\n2.4 Di\u00e9sel, A\u00f1o 06.1978 &#8211; 12.1986, 2445 , 72<br \/>\nSEAT 132 Berlina<br \/>\n1.6, A\u00f1o 05.1973 &#8211; 12.1980, 1592 , 98<br \/>\n1.8, A\u00f1o 05.1973 &#8211; 12.1980, 1756 , 105<br \/>\n2.2 D, A\u00f1o 05.1979 &#8211; 12.1982, 2197 , 60<\/p>\n<p>FIAT 131 Berlina (131)<br \/>\n1.3 Mirafiori, A\u00f1o 10.1974 &#8211; 09.1981, 1297 , 54<br \/>\n1.3 Mirafiori, A\u00f1o 10.1974 &#8211; 12.1982, 1297 , 65<br \/>\n1.3 Super Mirafiori, A\u00f1o 03.1978 &#8211; 12.1980, 1297 , 78<br \/>\n1.4 Mirafiori, A\u00f1o 11.1980 &#8211; 01.1984, 1367 , 70<br \/>\n1.6, A\u00f1o 11.1976 &#8211; 12.1984, 1585 , 85<br \/>\n1.6, A\u00f1o 10.1974 &#8211; 09.1981, 1585 , 75<br \/>\n1.6 Super Mirafiori, A\u00f1o 03.1979 &#8211; 03.1982, 1585 , 98<br \/>\n2.0 Abarth Rally, A\u00f1o 01.1976 &#8211; 07.1980, 1995 , 140<br \/>\n2.0 D, A\u00f1o 03.1978 &#8211; 03.1987, 1995 , 60<br \/>\n2.0 Racing, A\u00f1o 06.1978 &#8211; 12.1981, 1995 , 115<br \/>\n2.0 Super, A\u00f1o 01.1981 &#8211; 12.1984, 1995 , 113<br \/>\n2.5 D, A\u00f1o 06.1978 &#8211; 02.1984, 2445 , 72<br \/>\nFIAT 131 Familiare \/ Panorama (131)<br \/>\n1.3 Mirafiori, A\u00f1o 03.1975 &#8211; 12.1978, 1297 , 54<br \/>\n1.3 Mirafiori, A\u00f1o 03.1975 &#8211; 03.1982, 1297 , 65<br \/>\n1.4 Mirafiori, A\u00f1o 11.1981 &#8211; 01.1984, 1367 , 70<br \/>\n1.6, A\u00f1o 11.1980 &#8211; 12.1984, 1585 , 85<br \/>\n1.6 CL, A\u00f1o 03.1975 &#8211; 12.1978, 1585 , 75<br \/>\n2.0 Mirafiori (131AF2), A\u00f1o 11.1980 &#8211; 12.1984, 1995 , 114<br \/>\n2.5 S\u00faper di\u00e9sel, A\u00f1o 03.1979 &#8211; 12.1984, 2445 , 72<br \/>\nFIAT 132 (132_)<br \/>\n1.6, A\u00f1o 05.1977 &#8211; 09.1982, 1585 , 88<br \/>\n1.6, A\u00f1o 01.1976 &#8211; 12.1982, 1585 , 98<br \/>\n1.6, A\u00f1o 04.1972 &#8211; 01.1976, 1592 , 98<br \/>\n1.7 GLS, A\u00f1o 04.1974 &#8211; 12.1975, 1756 , 107<br \/>\n2.0, A\u00f1o 01.1976 &#8211; 06.1981, 1995 , 112<br \/>\n2.0 i.e., A\u00f1o 01.1980 &#8211; 12.1982, 1995 , 122<br \/>\n2.5 D, A\u00f1o 07.1978 &#8211; 07.1982, 2445 , 72<\/p>\n<p>LA PIEZA ES NUEVA Y ORIGINAL.<\/p>\n","protected":false},"excerpt":{"rendered":"<p>Bomb\u00edn de los frenos del tambor posterior de: SEAT 131 1.6, A\u00f1o 03.1982 &#8211; 01.1985, 1592 , 97 2.0, A\u00f1o 06.1978 &#8211; 12.1985, 1994 , 116 2.4 Di\u00e9sel, A\u00f1o 06.1978 &#8211; 12.1986, 2445 , 72 SEAT 132 Berlina 1.6, A\u00f1o 05.1973 &#8211; 12.1980, 1592 , 98 1.8, A\u00f1o 05.1973 &#8211; 12.1980, 1756 , 105 2.2 [&hellip;]<\/p>\n","protected":false},"featured_media":47672,"template":"","meta":{"_seopress_robots_primary_cat":"","_seopress_titles_title":"","_seopress_titles_desc":"","_seopress_robots_index":""},"product_cat":[70,199,232,71,20,26],"product_tag":[],"class_list":{"0":"post-47669","1":"product","2":"type-product","3":"status-publish","4":"has-post-thumbnail","6":"product_cat-recambios-fiat-131","7":"product_cat-recambios-seat-131","8":"product_cat-recambios-seat-132","9":"product_cat-recambios-fiat-132","10":"product_cat-recambios-fiat","11":"product_cat-recambios-seat","13":"first","14":"outofstock","15":"taxable","16":"shipping-taxable","17":"purchasable","18":"product-type-simple"},"_links":{"self":[{"href":"https:\/\/galicianparts.com\/shop\/wp-json\/wp\/v2\/product\/47669"}],"collection":[{"href":"https:\/\/galicianparts.com\/shop\/wp-json\/wp\/v2\/product"}],"about":[{"href":"https:\/\/galicianparts.com\/shop\/wp-json\/wp\/v2\/types\/product"}],"wp:featuredmedia":[{"embeddable":true,"href":"https:\/\/galicianparts.com\/shop\/wp-json\/wp\/v2\/media\/47672"}],"wp:attachment":[{"href":"https:\/\/galicianparts.com\/shop\/wp-json\/wp\/v2\/media?parent=47669"}],"wp:term":[{"taxonomy":"product_cat","embeddable":true,"href":"https:\/\/galicianparts.com\/shop\/wp-json\/wp\/v2\/product_cat?post=47669"},{"taxonomy":"product_tag","embeddable":true,"href":"https:\/\/galicianparts.com\/shop\/wp-json\/wp\/v2\/product_tag?post=47669"}],"curies":[{"name":"wp","href":"https:\/\/api.w.org\/{rel}","templated":true}]}}