{"id":4771,"date":"2020-10-01T17:03:07","date_gmt":"2020-10-01T15:03:07","guid":{"rendered":"https:\/\/galicianparts.com\/shop\/producto\/4308412-homocinetica-palier-fiat-127-128-fiorino-autobianchi-a112-seat-127-original\/"},"modified":"2023-04-08T09:45:09","modified_gmt":"2023-04-08T07:45:09","slug":"4308412-homocinetica-palier-fiat-127-128-fiorino-autobianchi-a112-seat-127-original","status":"publish","type":"product","link":"https:\/\/galicianparts.com\/shop\/producto\/4308412-homocinetica-palier-fiat-127-128-fiorino-autobianchi-a112-seat-127-original\/","title":{"rendered":"4308412 Homocin\u00e9tica palier Fiat 127 \/ 128 \/ Fiorino \/ Autobianchi A112 \/ Seat 127 ORIGINAL"},"content":{"rendered":"<p>Junta homocin\u00e9tica de los ejes de trasmisi\u00f3n de:<br \/>\nN\u00famero de dientes: 20.<br \/>\nDi\u00e1metro: 80.<br \/>\nM\u00e9trica: 20X1.5.<\/p>\n<p>SEAT 127<br \/>\n0.9, A\u00f1o 04.1972 &#8211; 12.1982, 903 , 45<\/p>\n<p>FIAT X 1\/9 (128)<br \/>\n1.3, A\u00f1o 10.1975 &#8211; 06.1978, 1290 , 73<br \/>\n1.3, A\u00f1o 05.1973 &#8211; 12.1979, 1290 , 75<br \/>\nFIAT 127 Hatchback (127)<br \/>\n0.9, A\u00f1o 06.1971 &#8211; 05.1983, 903 , 40<br \/>\n0.9, A\u00f1o 06.1971 &#8211; 12.1986, 903 , 45<br \/>\n1.0, A\u00f1o 04.1977 &#8211; 12.1986, 1049 , 50<br \/>\n1.0 Sport, A\u00f1o 07.1978 &#8211; 02.1982, 1049 , 70<br \/>\nFIAT 128 Coup\u00e9 (128)<br \/>\n1.1, A\u00f1o 03.1972 &#8211; 02.1981, 1116 , 64<br \/>\n1.1, A\u00f1o 08.1975 &#8211; 02.1981, 1116 , 65<br \/>\n1.3, A\u00f1o 03.1972 &#8211; 12.1979, 1290 , 75<br \/>\n1.3 Berlinetta, A\u00f1o 06.1975 &#8211; 12.1979, 1290 , 73<br \/>\nFIAT 128 Berlina (128)<br \/>\n1.1, A\u00f1o 02.1975 &#8211; 09.1981, 1116 , 45<br \/>\n1.1, A\u00f1o 03.1969 &#8211; 12.1984, 1116 , 55<br \/>\n1.3 Rally, A\u00f1o 09.1971 &#8211; 02.1976, 1290 , 67<br \/>\nFIAT Fiorino Furg\u00f3n (127)<br \/>\n1.0, A\u00f1o 01.1980 &#8211; 12.1987, 1049 , 50<br \/>\n0.9, A\u00f1o 10.1977 &#8211; 10.1986, 903 , 45<br \/>\nFIAT 128 Familiare (128)<br \/>\n1.1, A\u00f1o 02.1975 &#8211; 02.1981, 1116 , 45<br \/>\n1.1, A\u00f1o 10.1969 &#8211; 10.1982, 1116 , 55<br \/>\nFIAT 127 Panorama (127)<br \/>\n1.0, A\u00f1o 01.1977 &#8211; 12.1986, 1049 , 50<br \/>\nFIAT Fiorino Pick-up (147)<br \/>\n1.0, A\u00f1o 06.1982 &#8211; 10.1987, 1036 , 50<\/p>\n<p>AUTOBIANCHI A 112 Hatchback<br \/>\n0.9, A\u00f1o 10.1969 &#8211; 12.1972, 903 , 44<br \/>\n0.9 Junior, A\u00f1o 07.1975 &#8211; 12.1985, 903 , 42<br \/>\n1.0 E,Elite,LX, A\u00f1o 11.1977 &#8211; 12.1985, 965 , 48<\/p>\n<p> LA PIEZA ES NUEVA Y ORIGINAL.<\/p>\n","protected":false},"excerpt":{"rendered":"<p>Junta homocin\u00e9tica de los ejes de trasmisi\u00f3n de: N\u00famero de dientes: 20. Di\u00e1metro: 80. M\u00e9trica: 20X1.5. SEAT 127 0.9, A\u00f1o 04.1972 &#8211; 12.1982, 903 , 45 FIAT X 1\/9 (128) 1.3, A\u00f1o 10.1975 &#8211; 06.1978, 1290 , 73 1.3, A\u00f1o 05.1973 &#8211; 12.1979, 1290 , 75 FIAT 127 Hatchback (127) 0.9, A\u00f1o 06.1971 &#8211; 05.1983, [&hellip;]<\/p>\n","protected":false},"featured_media":57555,"template":"","meta":{"_seopress_robots_primary_cat":"","_seopress_titles_title":"","_seopress_titles_desc":"","_seopress_robots_index":""},"product_cat":[179,68,69,63,25,20,91,26],"product_tag":[],"class_list":{"0":"post-4771","1":"product","2":"type-product","3":"status-publish","4":"has-post-thumbnail","6":"product_cat-recambios-seat-127","7":"product_cat-recambios-fiat-127","8":"product_cat-recambios-fiat-128","9":"product_cat-recambios-autobianchi-a112","10":"product_cat-recambios-autobianchi","11":"product_cat-recambios-fiat","12":"product_cat-recambios-fiat-fiorino","13":"product_cat-recambios-seat","15":"first","16":"outofstock","17":"taxable","18":"shipping-taxable","19":"purchasable","20":"product-type-simple"},"_links":{"self":[{"href":"https:\/\/galicianparts.com\/shop\/wp-json\/wp\/v2\/product\/4771"}],"collection":[{"href":"https:\/\/galicianparts.com\/shop\/wp-json\/wp\/v2\/product"}],"about":[{"href":"https:\/\/galicianparts.com\/shop\/wp-json\/wp\/v2\/types\/product"}],"wp:featuredmedia":[{"embeddable":true,"href":"https:\/\/galicianparts.com\/shop\/wp-json\/wp\/v2\/media\/57555"}],"wp:attachment":[{"href":"https:\/\/galicianparts.com\/shop\/wp-json\/wp\/v2\/media?parent=4771"}],"wp:term":[{"taxonomy":"product_cat","embeddable":true,"href":"https:\/\/galicianparts.com\/shop\/wp-json\/wp\/v2\/product_cat?post=4771"},{"taxonomy":"product_tag","embeddable":true,"href":"https:\/\/galicianparts.com\/shop\/wp-json\/wp\/v2\/product_tag?post=4771"}],"curies":[{"name":"wp","href":"https:\/\/api.w.org\/{rel}","templated":true}]}}