{"id":47867,"date":"2022-05-24T09:56:48","date_gmt":"2022-05-24T07:56:48","guid":{"rendered":"https:\/\/galicianparts.com\/shop\/producto\/46308338-capuchon-homocinetica-palier-fiat-grande-punto-alfa-romeo-mito-original\/"},"modified":"2022-05-24T09:59:10","modified_gmt":"2022-05-24T07:59:10","slug":"46308338-capuchon-homocinetica-palier-fiat-grande-punto-alfa-romeo-mito-original","status":"publish","type":"product","link":"https:\/\/galicianparts.com\/shop\/producto\/46308338-capuchon-homocinetica-palier-fiat-grande-punto-alfa-romeo-mito-original\/","title":{"rendered":"46308338 Capuch\u00f3n homocin\u00e9tica palier Fiat Grande Punto \/Alfa Romeo Mito ORIGINAL"},"content":{"rendered":"<p>Capuch\u00f3n de la junta homocin\u00e9tica de los ejes de trasmisi\u00f3n de:<br \/>\nFIAT &#8211; 2Y GRANDE PUNTO (2005-2008) 1.2\u00a0MPI\u00a08V\u00a0CF4<br \/>\nFIAT &#8211; 2Y GRANDE PUNTO (2005-2008) 1.4\u00a0MPI\u00a08V\u00a0CF4 \/ 1400\u00a0MPI\u00a08V\u00a0CF4\u00a0MENOR POTE.\u00a0AUSTRIA \/ 1.4\u00a0MPI\u00a016V\u00a0CF4\u00a0PDA<br \/>\nFIAT &#8211; 4C GRANDE PUNTO (2008-2009) 1100-1199<br \/>\nFIAT &#8211; 4C GRANDE PUNTO (2008-2009) 1370 \/ ALIMENTACI\u00d3N GLP (EST\u00c1NDAR ITALIA) \/ GASOLINA \/ 8 V\u00c1LVULAS \/  \/ 16 V\u00c1LVULAS \/ GASOLINA \/ METANO<br \/>\nFIAT &#8211; 3X GRANDE PUNTO ACTUAL (2009-2013) 1100-1199 \/ 1370<br \/>\nFIAT &#8211; 51 NUOVA PUNTO MY2012 (2012-2013) 1242 \/ 1368 \/ 8 V\u00c1LVULAS<br \/>\nFIAT &#8211; 3J PUNTO EVO (2009-2011) 1370 \/ 8 V\u00c1LVULAS<br \/>\nFIAT &#8211; 3J PUNTO EVO (2009-2011) 1.2<br \/>\nALFA ROMEO &#8211; X6 ALFA MITO (2008-2011) ASPIRADO \/ 1598 \/ CAMBIO MEC\u00c1NICO 20\/28 KGM (M20\/M28 3H) \/ 1370 \/ 1.4\u00a0FIRE\u00a016V\u00a078CV\u00a0EURO5 \/ 120CV \/ 1.4 FIRE 16V TURBO MULTIAIR 135CV EURO 5 \/ 1.4\u00a0FIRE\u00a016V\u00a0TURBO\u00a0155CV\u00a0(EURO\u00a05)<br \/>\nALFA ROMEO &#8211; QZ MITO MY2011 (2011-2013) 1.4\u00a0FIRE\u00a08V\u00a070CV\u00a0EURO5 \/ 1.4 FIRE 8V\/16V 78CV EURO5<\/p>\n<p>LA PIEZA ES NUEVA Y ORIGINAL.<\/p>\n","protected":false},"excerpt":{"rendered":"<p>Capuch\u00f3n de la junta homocin\u00e9tica de los ejes de trasmisi\u00f3n de: FIAT &#8211; 2Y GRANDE PUNTO (2005-2008) 1.2\u00a0MPI\u00a08V\u00a0CF4 FIAT &#8211; 2Y GRANDE PUNTO (2005-2008) 1.4\u00a0MPI\u00a08V\u00a0CF4 \/ 1400\u00a0MPI\u00a08V\u00a0CF4\u00a0MENOR POTE.\u00a0AUSTRIA \/ 1.4\u00a0MPI\u00a016V\u00a0CF4\u00a0PDA FIAT &#8211; 4C GRANDE PUNTO (2008-2009) 1100-1199 FIAT &#8211; 4C GRANDE PUNTO (2008-2009) 1370 \/ ALIMENTACI\u00d3N GLP (EST\u00c1NDAR ITALIA) \/ GASOLINA \/ 8 V\u00c1LVULAS \/ [&hellip;]<\/p>\n","protected":false},"featured_media":47872,"template":"","meta":{"_seopress_robots_primary_cat":"","_seopress_titles_title":"","_seopress_titles_desc":"","_seopress_robots_index":""},"product_cat":[16,20,92,47,101],"product_tag":[],"class_list":{"0":"post-47867","1":"product","2":"type-product","3":"status-publish","4":"has-post-thumbnail","6":"product_cat-recambios-alfa-romeo","7":"product_cat-recambios-fiat","8":"product_cat-recambios-fiat-grande-punto","9":"product_cat-recambios-alfa-romeo-mito","10":"product_cat-recambios-fiat-punto","12":"first","13":"instock","14":"taxable","15":"shipping-taxable","16":"purchasable","17":"product-type-simple"},"_links":{"self":[{"href":"https:\/\/galicianparts.com\/shop\/wp-json\/wp\/v2\/product\/47867"}],"collection":[{"href":"https:\/\/galicianparts.com\/shop\/wp-json\/wp\/v2\/product"}],"about":[{"href":"https:\/\/galicianparts.com\/shop\/wp-json\/wp\/v2\/types\/product"}],"wp:featuredmedia":[{"embeddable":true,"href":"https:\/\/galicianparts.com\/shop\/wp-json\/wp\/v2\/media\/47872"}],"wp:attachment":[{"href":"https:\/\/galicianparts.com\/shop\/wp-json\/wp\/v2\/media?parent=47867"}],"wp:term":[{"taxonomy":"product_cat","embeddable":true,"href":"https:\/\/galicianparts.com\/shop\/wp-json\/wp\/v2\/product_cat?post=47867"},{"taxonomy":"product_tag","embeddable":true,"href":"https:\/\/galicianparts.com\/shop\/wp-json\/wp\/v2\/product_tag?post=47867"}],"curies":[{"name":"wp","href":"https:\/\/api.w.org\/{rel}","templated":true}]}}