{"id":48105,"date":"2022-05-26T09:44:58","date_gmt":"2022-05-26T07:44:58","guid":{"rendered":"https:\/\/galicianparts.com\/shop\/producto\/51824008-goma-puertas-traseras-fiat-linea-2007-nueva-original\/"},"modified":"2022-05-26T09:47:44","modified_gmt":"2022-05-26T07:47:44","slug":"51824008-goma-puertas-traseras-fiat-linea-2007-nueva-original","status":"publish","type":"product","link":"https:\/\/galicianparts.com\/shop\/producto\/51824008-goma-puertas-traseras-fiat-linea-2007-nueva-original\/","title":{"rendered":"51824008 Goma puertas traseras Fiat Linea (2007-&#8230;) NUEVA ORIGINAL"},"content":{"rendered":"<p>Perfil de goma del marco de la puertas traseras de:<br \/>\nFIAT &#8211; 3M LINEA (2007-&#8230;.) IZQUIERDA \/ ADAPTACI\u00d3N PARA PA\u00cdSES FR\u00cdOS<br \/>\nFIAT &#8211; 0C LINEA INDIA FL2014 (2014-&#8230;.) DERECHA<\/p>\n<p>LA PIEZA ES NUEVA Y ORIGINAL.<\/p>\n","protected":false},"excerpt":{"rendered":"<p>Perfil de goma del marco de la puertas traseras de: FIAT &#8211; 3M LINEA (2007-&#8230;.) IZQUIERDA \/ ADAPTACI\u00d3N PARA PA\u00cdSES FR\u00cdOS FIAT &#8211; 0C LINEA INDIA FL2014 (2014-&#8230;.) DERECHA LA PIEZA ES NUEVA Y ORIGINAL.<\/p>\n","protected":false},"featured_media":48110,"template":"","meta":{"_seopress_robots_primary_cat":"","_seopress_titles_title":"","_seopress_titles_desc":"","_seopress_robots_index":""},"product_cat":[20,94],"product_tag":[],"class_list":{"0":"post-48105","1":"product","2":"type-product","3":"status-publish","4":"has-post-thumbnail","6":"product_cat-recambios-fiat","7":"product_cat-recambios-fiat-linea","9":"first","10":"instock","11":"taxable","12":"shipping-taxable","13":"purchasable","14":"product-type-simple"},"_links":{"self":[{"href":"https:\/\/galicianparts.com\/shop\/wp-json\/wp\/v2\/product\/48105"}],"collection":[{"href":"https:\/\/galicianparts.com\/shop\/wp-json\/wp\/v2\/product"}],"about":[{"href":"https:\/\/galicianparts.com\/shop\/wp-json\/wp\/v2\/types\/product"}],"wp:featuredmedia":[{"embeddable":true,"href":"https:\/\/galicianparts.com\/shop\/wp-json\/wp\/v2\/media\/48110"}],"wp:attachment":[{"href":"https:\/\/galicianparts.com\/shop\/wp-json\/wp\/v2\/media?parent=48105"}],"wp:term":[{"taxonomy":"product_cat","embeddable":true,"href":"https:\/\/galicianparts.com\/shop\/wp-json\/wp\/v2\/product_cat?post=48105"},{"taxonomy":"product_tag","embeddable":true,"href":"https:\/\/galicianparts.com\/shop\/wp-json\/wp\/v2\/product_tag?post=48105"}],"curies":[{"name":"wp","href":"https:\/\/api.w.org\/{rel}","templated":true}]}}