{"id":48257,"date":"2022-05-27T09:13:19","date_gmt":"2022-05-27T07:13:19","guid":{"rendered":"https:\/\/galicianparts.com\/shop\/producto\/7795972-capuchon-palier-lado-cambio-auto-fiat-bravo-brava-marea-nuevo-original\/"},"modified":"2022-05-27T09:17:52","modified_gmt":"2022-05-27T07:17:52","slug":"7795972-capuchon-palier-lado-cambio-auto-fiat-bravo-brava-marea-nuevo-original","status":"publish","type":"product","link":"https:\/\/galicianparts.com\/shop\/producto\/7795972-capuchon-palier-lado-cambio-auto-fiat-bravo-brava-marea-nuevo-original\/","title":{"rendered":"7795972 Capuch\u00f3n palier lado cambio auto Fiat Bravo \/Brava \/Marea NUEVO ORIGINAL"},"content":{"rendered":"<p>46307779 Capuch\u00f3n de los ejes de transmisi\u00f3n del lado de la caja de cambios de:<br \/>\nDi\u00e1metro barra: 20 mm.<br \/>\nDi\u00e1metro: 55 mm.<br \/>\nLargo: 92 mm.<br \/>\nFIAT &#8211; 1V BRAVA BZ\/DS (1995-1998) CAMBIO AUTOMATICO<br \/>\nFIAT &#8211; 1M BRAVA G.98 (1998-2001) 1600 16V \/ CAMBIO AUTOMATICO<br \/>\nFIAT &#8211; 1U BRAVO (1995-1998) 1580 MPI 16V 103CV \/ CAMBIO AUTOMATICO<br \/>\nFIAT &#8211; 1L BRAVO G.98 (1998-2001) 1600 16V \/ CAMBIO AUTOMATICO<br \/>\nFIAT &#8211; PT MAREA BENZINA (1996-1999) 1580 16V 103CV (75 KW) \/ CAMBIO AUTOMATICO<br \/>\nFIAT &#8211; 1Q MAREA BZ GAMMA&#8217;99 (1999-2002) 1600 16V CF2 (182A4000) \/ CAMBIO AUTOMATICO<br \/>\nFIAT &#8211; 1Q MAREA BZ GAMMA&#8217;99 (1999-2002) 1600 16V CF3 (182B6000) \/ CAMBIO AUTOMATICO<\/p>\n<p>LA PIEZA ES NUEVA Y ORIGINAL.<\/p>\n","protected":false},"excerpt":{"rendered":"<p>46307779 Capuch\u00f3n de los ejes de transmisi\u00f3n del lado de la caja de cambios de: Di\u00e1metro barra: 20 mm. Di\u00e1metro: 55 mm. Largo: 92 mm. FIAT &#8211; 1V BRAVA BZ\/DS (1995-1998) CAMBIO AUTOMATICO FIAT &#8211; 1M BRAVA G.98 (1998-2001) 1600 16V \/ CAMBIO AUTOMATICO FIAT &#8211; 1U BRAVO (1995-1998) 1580 MPI 16V 103CV \/ CAMBIO [&hellip;]<\/p>\n","protected":false},"featured_media":48273,"template":"","meta":{"_seopress_robots_primary_cat":"","_seopress_titles_title":"","_seopress_titles_desc":"","_seopress_robots_index":""},"product_cat":[81,82,20,95],"product_tag":[],"class_list":{"0":"post-48257","1":"product","2":"type-product","3":"status-publish","4":"has-post-thumbnail","6":"product_cat-recambios-fiat-brava","7":"product_cat-recambios-fiat-bravo","8":"product_cat-recambios-fiat","9":"product_cat-recambios-fiat-marea","11":"first","12":"instock","13":"taxable","14":"shipping-taxable","15":"purchasable","16":"product-type-simple"},"_links":{"self":[{"href":"https:\/\/galicianparts.com\/shop\/wp-json\/wp\/v2\/product\/48257"}],"collection":[{"href":"https:\/\/galicianparts.com\/shop\/wp-json\/wp\/v2\/product"}],"about":[{"href":"https:\/\/galicianparts.com\/shop\/wp-json\/wp\/v2\/types\/product"}],"wp:featuredmedia":[{"embeddable":true,"href":"https:\/\/galicianparts.com\/shop\/wp-json\/wp\/v2\/media\/48273"}],"wp:attachment":[{"href":"https:\/\/galicianparts.com\/shop\/wp-json\/wp\/v2\/media?parent=48257"}],"wp:term":[{"taxonomy":"product_cat","embeddable":true,"href":"https:\/\/galicianparts.com\/shop\/wp-json\/wp\/v2\/product_cat?post=48257"},{"taxonomy":"product_tag","embeddable":true,"href":"https:\/\/galicianparts.com\/shop\/wp-json\/wp\/v2\/product_tag?post=48257"}],"curies":[{"name":"wp","href":"https:\/\/api.w.org\/{rel}","templated":true}]}}