{"id":48562,"date":"2022-05-31T14:38:35","date_gmt":"2022-05-31T12:38:35","guid":{"rendered":"https:\/\/galicianparts.com\/shop\/producto\/4434924-amortiguador-delantero-fiat-ritmo-seat-ritmo-ronda-nuevo-original\/"},"modified":"2023-05-20T20:50:36","modified_gmt":"2023-05-20T18:50:36","slug":"4434924-amortiguador-delantero-fiat-ritmo-seat-ritmo-ronda-nuevo-original","status":"publish","type":"product","link":"https:\/\/galicianparts.com\/shop\/producto\/4434924-amortiguador-delantero-fiat-ritmo-seat-ritmo-ronda-nuevo-original\/","title":{"rendered":"4434924 Amortiguador delantero Fiat Ritmo \/Seat Ritmo \/Ronda NUEVO ORIGINAL"},"content":{"rendered":"<p>Amortiguador de la suspensi\u00f3n delantera de:<br \/>\nSEAT Ronda (022A)<br \/>\n1.2, A\u00f1o 08.1983 &#8211; 05.1985, 1193 , 64<br \/>\n1.4, A\u00f1o 07.1982 &#8211; 12.1988, 1438 , 73<br \/>\n1.6, A\u00f1o 08.1983 &#8211; 10.1985, 1592 , 92<br \/>\n1.7 Di\u00e9sel, A\u00f1o 07.1982 &#8211; 12.1986, 1714 , 54<br \/>\n1.7 Di\u00e9sel, A\u00f1o 07.1982 &#8211; 12.1986, 1714 , 56<br \/>\nSEAT Ritmo (138) (A\u00f1o 07.1978 &#8211; 10.1983)<br \/>\n1.4, A\u00f1o 07.1978 &#8211; 10.1983, 1438 , 77<br \/>\n1.7 D, A\u00f1o 10.1979 &#8211; 10.1983, 1714 , 56<\/p>\n<p>FIAT Ritmo I Hatchback (138)<br \/>\n1.0 60, A\u00f1o 10.1978 &#8211; 10.1982, 1049 , 60<br \/>\n1.1, A\u00f1o 08.1980 &#8211; 08.1988, 1116 , 60<br \/>\n1.3 65, A\u00f1o 01.1978 &#8211; 08.1985, 1301 , 65<br \/>\n1.3 75, A\u00f1o 01.1981 &#8211; 10.1982, 1301 , 75<br \/>\n1.5 75, A\u00f1o 01.1978 &#8211; 12.1988, 1498 , 75<br \/>\n1.5 85, A\u00f1o 01.1981 &#8211; 05.1987, 1498 , 85<br \/>\n1.6 Sport 105, A\u00f1o 05.1981 &#8211; 12.1987, 1585 , 105<br \/>\n1.7 Di\u00e9sel 55, A\u00f1o 10.1979 &#8211; 10.1982, 1714 , 55<\/p>\n<p>LA PIEZA ES NUEVA Y ORIGINAL.<\/p>\n","protected":false},"excerpt":{"rendered":"<p>Amortiguador de la suspensi\u00f3n delantera de: SEAT Ronda (022A) 1.2, A\u00f1o 08.1983 &#8211; 05.1985, 1193 , 64 1.4, A\u00f1o 07.1982 &#8211; 12.1988, 1438 , 73 1.6, A\u00f1o 08.1983 &#8211; 10.1985, 1592 , 92 1.7 Di\u00e9sel, A\u00f1o 07.1982 &#8211; 12.1986, 1714 , 54 1.7 Di\u00e9sel, A\u00f1o 07.1982 &#8211; 12.1986, 1714 , 56 SEAT Ritmo (138) (A\u00f1o [&hellip;]<\/p>\n","protected":false},"featured_media":48563,"template":"","meta":{"_seopress_robots_primary_cat":"","_seopress_titles_title":"","_seopress_titles_desc":"","_seopress_robots_index":""},"product_cat":[20,103,198,165,26],"product_tag":[],"class_list":{"0":"post-48562","1":"product","2":"type-product","3":"status-publish","4":"has-post-thumbnail","6":"product_cat-recambios-fiat","7":"product_cat-recambios-fiat-ritmo","8":"product_cat-recambios-seat-ritmo","9":"product_cat-recambios-seat-ronda","10":"product_cat-recambios-seat","12":"first","13":"outofstock","14":"taxable","15":"shipping-taxable","16":"purchasable","17":"product-type-simple"},"_links":{"self":[{"href":"https:\/\/galicianparts.com\/shop\/wp-json\/wp\/v2\/product\/48562"}],"collection":[{"href":"https:\/\/galicianparts.com\/shop\/wp-json\/wp\/v2\/product"}],"about":[{"href":"https:\/\/galicianparts.com\/shop\/wp-json\/wp\/v2\/types\/product"}],"wp:featuredmedia":[{"embeddable":true,"href":"https:\/\/galicianparts.com\/shop\/wp-json\/wp\/v2\/media\/48563"}],"wp:attachment":[{"href":"https:\/\/galicianparts.com\/shop\/wp-json\/wp\/v2\/media?parent=48562"}],"wp:term":[{"taxonomy":"product_cat","embeddable":true,"href":"https:\/\/galicianparts.com\/shop\/wp-json\/wp\/v2\/product_cat?post=48562"},{"taxonomy":"product_tag","embeddable":true,"href":"https:\/\/galicianparts.com\/shop\/wp-json\/wp\/v2\/product_tag?post=48562"}],"curies":[{"name":"wp","href":"https:\/\/api.w.org\/{rel}","templated":true}]}}