{"id":48644,"date":"2022-05-31T18:41:41","date_gmt":"2022-05-31T16:41:41","guid":{"rendered":"https:\/\/galicianparts.com\/shop\/producto\/77362485-motor-calefaccion-lancia-ypsilon-musa-fiat-idea-nuevo-original\/"},"modified":"2022-08-10T12:01:19","modified_gmt":"2022-08-10T10:01:19","slug":"77362485-motor-calefaccion-lancia-ypsilon-musa-fiat-idea-nuevo-original","status":"publish","type":"product","link":"https:\/\/galicianparts.com\/shop\/producto\/77362485-motor-calefaccion-lancia-ypsilon-musa-fiat-idea-nuevo-original\/","title":{"rendered":"77362485 Motor calefacci\u00f3n Lancia Ypsilon \/Musa \/Fiat Idea NUEVO ORIGINAL"},"content":{"rendered":"<p>Motor el\u00e9ctrico del m\u00f3dulo de la calefacci\u00f3n de:<br \/>\nFIAT &#8211; 2S IDEA (2003-2008) CLIMATIZADOR\u00a0AUTOM\u00c1TICO \/ 1200\u00a016V\u00a0MPI\u00a0CF4\u00a080CV\/59KW \/ 1400 16V MPI CF4 95CV\/80KW \/ 1400\u00a08V\u00a0MPI\u00a0CF4\u00a077CV\/57KW \/ 1400\u00a016V\u00a0MPI\u00a0CF4\u00a090CV\/66KW<br \/>\nFIAT &#8211; 2S IDEA (2003-2008)  CLIMATIZADOR\u00a0AUTOM\u00c1TICO \/ 1300\u00a016V\u00a0MJTD\u00a0CF4\u00a070CV\/51KW \/ 1910\u00a08V\u00a0JTD\u00a0100CV\/74KW \/ 1300\u00a016V\u00a0MJTD\u00a0CF4\u00a090CV\/66KW<br \/>\nFIAT &#8211; 2S IDEA (2003-2008)  CLIMATIZADOR\u00a0AUTOM\u00c1TICO \/ 1598 JTD F4 16V 115CV\/85KW DEPOT BELGIO \/ 1598\u00a0JTD\u00a0CF4\u00a016V\u00a0120CV\/88KW<br \/>\nFIAT &#8211; 4D IDEA (2008-2012) CLIMATIZADOR 2 \/ 1300-1399CC \/ 16 V\u00c1LVULAS \/ LIM.CEE FASE 4 \/ 8 V\u00c1LVULAS<br \/>\nFIAT &#8211; 4D IDEA (2008-2012) CLIMATIZADOR 2 \/ 1100-1199 CC \/ 1800-1899CC \/ 1200-1299 CC \/ LIM.CEE FASE 4 \/ LIM.CEE FASE 5<br \/>\nFIAT &#8211; 4D IDEA (2008-2012) CLIMATIZADOR 2 \/ ALIMENTACI\u00d3N GLP (EST\u00c1NDAR ITALIA) \/ CLIMATIZADOR 1<br \/>\nFIAT &#8211; 4D IDEA (2008-2012) CLIMATIZADOR 2 \/ CLIMATIZADOR 1 \/ 1500-1599CC<br \/>\nLANCIA &#8211; TG MUSA (2004-2007) CLIMATIZADOR\u00a0AUTOM\u00c1TICO \/ 1400 16V MPI CF4 95CV\/80KW \/ 1400\u00a08V\u00a0MPI\u00a0CF4\u00a077CV\/57KW \/ 1400\u00a016V\u00a0MPI\u00a0CF4\u00a090CV\/66KW \/ 1300\u00a016V\u00a0MJTD\u00a0CF4\u00a070CV\/51KW \/ 1910\u00a08V\u00a0JTD\u00a0CF4\u00a0100CV\/74KW \/ 1300\u00a016V\u00a0MJTD\u00a0CF4\u00a090CV\/66KW<br \/>\nLANCIA &#8211; TJ MUSA (2007-2011) CLIMATIZADOR 2 \/ ALIMENTACI\u00d3N GLP (EST\u00c1NDAR ITALIA)<br \/>\nLANCIA &#8211; TJ MUSA (2007-2011) CLIMATIZADOR 2 \/ (1300-1399 CC) \/ 16 V\u00c1LVULAS \/ LIM.CEE FASE 4 \/ 8 V\u00c1LVULAS \/ (1800-1899 CC) \/ (1200-1299 CC) \/ (1100-1199 CC) \/ DI\u00c9SEL<br \/>\nLANCIA &#8211; TJ MUSA (2007-2011) CLIMATIZADOR 2 \/ 1500-1599 CC<br \/>\nLANCIA &#8211; TJ MUSA (2007-2011) (1200-1299 CC) \/ LIM.CEE FASE 5 \/ CLIMATIZADOR 2<br \/>\nLANCIA &#8211; 43 MUSA FLL (2011-2012) (1200-1299 CC)<br \/>\nLANCIA &#8211; 43 MUSA FLL (2011-2012) (1500-1599 CC) \/ CLIMATIZADOR 2<br \/>\nLANCIA &#8211; TE YPSILON (2003-2009) CLIMATIZADOR\u00a0AUTOM\u00c1TICO \/ 1200 8V MPI CF4 60CV\/44KW \/ 1200\u00a016V\u00a0MPI\u00a0CF4\u00a080CV\/59KW<br \/>\nLANCIA &#8211; TE YPSILON (2003-2009) CLIMATIZADOR\u00a0AUTOM\u00c1TICO \/ 1400 16V MPI CF4 95CV\/80KW<br \/>\nLANCIA &#8211; TE YPSILON (2003-2009) CLIMATIZADOR\u00a0AUTOM\u00c1TICO \/ 1300\u00a016V\u00a0MJTD\u00a0CF4\u00a070CV\/51KW<\/p>\n<p>LA PIEZA ES NUEVA Y ORIGINAL.<\/p>\n","protected":false},"excerpt":{"rendered":"<p>Motor el\u00e9ctrico del m\u00f3dulo de la calefacci\u00f3n de: FIAT &#8211; 2S IDEA (2003-2008) CLIMATIZADOR\u00a0AUTOM\u00c1TICO \/ 1200\u00a016V\u00a0MPI\u00a0CF4\u00a080CV\/59KW \/ 1400 16V MPI CF4 95CV\/80KW \/ 1400\u00a08V\u00a0MPI\u00a0CF4\u00a077CV\/57KW \/ 1400\u00a016V\u00a0MPI\u00a0CF4\u00a090CV\/66KW FIAT &#8211; 2S IDEA (2003-2008) CLIMATIZADOR\u00a0AUTOM\u00c1TICO \/ 1300\u00a016V\u00a0MJTD\u00a0CF4\u00a070CV\/51KW \/ 1910\u00a08V\u00a0JTD\u00a0100CV\/74KW \/ 1300\u00a016V\u00a0MJTD\u00a0CF4\u00a090CV\/66KW FIAT &#8211; 2S IDEA (2003-2008) CLIMATIZADOR\u00a0AUTOM\u00c1TICO \/ 1598 JTD F4 16V 115CV\/85KW DEPOT BELGIO \/ 1598\u00a0JTD\u00a0CF4\u00a016V\u00a0120CV\/88KW FIAT [&hellip;]<\/p>\n","protected":false},"featured_media":48645,"template":"","meta":{"_seopress_robots_primary_cat":"","_seopress_titles_title":"","_seopress_titles_desc":"","_seopress_robots_index":""},"product_cat":[20,93,21,121,127],"product_tag":[],"class_list":{"0":"post-48644","1":"product","2":"type-product","3":"status-publish","4":"has-post-thumbnail","6":"product_cat-recambios-fiat","7":"product_cat-recambios-fiat-idea","8":"product_cat-recambios-lancia","9":"product_cat-recambios-lancia-musa","10":"product_cat-recambios-lancia-ypsilon","12":"first","13":"outofstock","14":"taxable","15":"shipping-taxable","16":"purchasable","17":"product-type-simple"},"_links":{"self":[{"href":"https:\/\/galicianparts.com\/shop\/wp-json\/wp\/v2\/product\/48644"}],"collection":[{"href":"https:\/\/galicianparts.com\/shop\/wp-json\/wp\/v2\/product"}],"about":[{"href":"https:\/\/galicianparts.com\/shop\/wp-json\/wp\/v2\/types\/product"}],"wp:featuredmedia":[{"embeddable":true,"href":"https:\/\/galicianparts.com\/shop\/wp-json\/wp\/v2\/media\/48645"}],"wp:attachment":[{"href":"https:\/\/galicianparts.com\/shop\/wp-json\/wp\/v2\/media?parent=48644"}],"wp:term":[{"taxonomy":"product_cat","embeddable":true,"href":"https:\/\/galicianparts.com\/shop\/wp-json\/wp\/v2\/product_cat?post=48644"},{"taxonomy":"product_tag","embeddable":true,"href":"https:\/\/galicianparts.com\/shop\/wp-json\/wp\/v2\/product_tag?post=48644"}],"curies":[{"name":"wp","href":"https:\/\/api.w.org\/{rel}","templated":true}]}}