{"id":48684,"date":"2022-06-01T13:31:19","date_gmt":"2022-06-01T11:31:19","guid":{"rendered":"https:\/\/galicianparts.com\/shop\/producto\/5933740-polea-arbol-de-levas-fiat-ritmo-d-regata-diesel-nueva-original\/"},"modified":"2023-11-13T18:27:34","modified_gmt":"2023-11-13T16:27:34","slug":"5933740-polea-arbol-de-levas-fiat-ritmo-d-regata-diesel-nueva-original","status":"publish","type":"product","link":"https:\/\/galicianparts.com\/shop\/producto\/5933740-polea-arbol-de-levas-fiat-ritmo-d-regata-diesel-nueva-original\/","title":{"rendered":"5933740 Polea \u00e1rbol de levas Fiat Ritmo D \/ Regata Diesel NUEVA ORIGINAL"},"content":{"rendered":"<p>Engranaje superior de la correa dentada de la distribuci\u00f3n de:<br \/>\nDientes: 42<br \/>\nDi\u00e1metro exterior: 126mm<br \/>\nDi\u00e1metro interior: 13,7mm<br \/>\nAncho: 32,7mm<\/p>\n<p>FIAT RITMO DIESEL<br \/>\nFIAT REGATA DIESEL<\/p>\n<p>LA PIEZA ES NUEVA Y ORIGINAL.<\/p>\n","protected":false},"excerpt":{"rendered":"<p>Engranaje superior de la correa dentada de la distribuci\u00f3n de: Dientes: 42 Di\u00e1metro exterior: 126mm Di\u00e1metro interior: 13,7mm Ancho: 32,7mm FIAT RITMO DIESEL FIAT REGATA DIESEL LA PIEZA ES NUEVA Y ORIGINAL.<\/p>\n","protected":false},"featured_media":48685,"template":"","meta":{"_seopress_robots_primary_cat":"","_seopress_titles_title":"","_seopress_titles_desc":"","_seopress_robots_index":""},"product_cat":[20,102,103],"product_tag":[],"class_list":{"0":"post-48684","1":"product","2":"type-product","3":"status-publish","4":"has-post-thumbnail","6":"product_cat-recambios-fiat","7":"product_cat-recambios-fiat-regata","8":"product_cat-recambios-fiat-ritmo","10":"first","11":"outofstock","12":"taxable","13":"shipping-taxable","14":"purchasable","15":"product-type-simple"},"_links":{"self":[{"href":"https:\/\/galicianparts.com\/shop\/wp-json\/wp\/v2\/product\/48684"}],"collection":[{"href":"https:\/\/galicianparts.com\/shop\/wp-json\/wp\/v2\/product"}],"about":[{"href":"https:\/\/galicianparts.com\/shop\/wp-json\/wp\/v2\/types\/product"}],"wp:featuredmedia":[{"embeddable":true,"href":"https:\/\/galicianparts.com\/shop\/wp-json\/wp\/v2\/media\/48685"}],"wp:attachment":[{"href":"https:\/\/galicianparts.com\/shop\/wp-json\/wp\/v2\/media?parent=48684"}],"wp:term":[{"taxonomy":"product_cat","embeddable":true,"href":"https:\/\/galicianparts.com\/shop\/wp-json\/wp\/v2\/product_cat?post=48684"},{"taxonomy":"product_tag","embeddable":true,"href":"https:\/\/galicianparts.com\/shop\/wp-json\/wp\/v2\/product_tag?post=48684"}],"curies":[{"name":"wp","href":"https:\/\/api.w.org\/{rel}","templated":true}]}}