{"id":48803,"date":"2022-06-02T13:16:14","date_gmt":"2022-06-02T11:16:14","guid":{"rendered":"https:\/\/galicianparts.com\/shop\/producto\/5951985-sensor-temperatura-ventilador-radiador-fiat-uno-seat-fura-nueva-original\/"},"modified":"2025-12-12T18:36:40","modified_gmt":"2025-12-12T16:36:40","slug":"5951985-sensor-temperatura-ventilador-radiador-fiat-uno-seat-fura-nueva-original","status":"publish","type":"product","link":"https:\/\/galicianparts.com\/shop\/producto\/5951985-sensor-temperatura-ventilador-radiador-fiat-uno-seat-fura-nueva-original\/","title":{"rendered":"5951985 Sensor temperatura ventilador radiador Fiat Uno \/Seat Fura NUEVA ORIGINAL"},"content":{"rendered":"<p>Electrov\u00e1lvula de temperatura del electroventilador del radiador de refrigeraci\u00f3n del motor de:<br \/>\nM\u00e9trica: 22&#215;1,5<\/p>\n<p>FIAT Uno Hatchback (146)<br \/>\n45 0.9, A\u00f1o 03.1983 &#8211; 09.1992, 903 ccm, 45 cv<br \/>\n0.9 45, A\u00f1o 02.1984 &#8211; 12.1988, 903 ccm, 46 cv<br \/>\n1.1 55, A\u00f1o 01.1983 &#8211; 08.1989, 1116 ccm, 54 cv<br \/>\n75 i.e. 1.5, A\u00f1o 10.1985 &#8211; 12.1993, 1498 ccm, 75 cv<\/p>\n<p>SEAT Fura (025A)<br \/>\n0.9, A\u00f1o 01.1982 &#8211; 06.1986, 903 ccm, 45 cv<\/p>\n<p>LA PIEZA ES NUEVA Y ORIGINAL.<\/p>\n","protected":false},"excerpt":{"rendered":"<p>Electrov\u00e1lvula de temperatura del electroventilador del radiador de refrigeraci\u00f3n del motor de: M\u00e9trica: 22&#215;1,5 FIAT Uno Hatchback (146) 45 0.9, A\u00f1o 03.1983 &#8211; 09.1992, 903 ccm, 45 cv 0.9 45, A\u00f1o 02.1984 &#8211; 12.1988, 903 ccm, 46 cv 1.1 55, A\u00f1o 01.1983 &#8211; 08.1989, 1116 ccm, 54 cv 75 i.e. 1.5, A\u00f1o 10.1985 &#8211; 12.1993, [&hellip;]<\/p>\n","protected":false},"featured_media":48804,"template":"","meta":{"_seopress_robots_primary_cat":"","_seopress_titles_title":"","_seopress_titles_desc":"","_seopress_robots_index":""},"product_cat":[20,208,26,114],"product_tag":[],"class_list":{"0":"post-48803","1":"product","2":"type-product","3":"status-publish","4":"has-post-thumbnail","6":"product_cat-recambios-fiat","7":"product_cat-recambios-seat-fura","8":"product_cat-recambios-seat","9":"product_cat-recambios-fiat-uno","11":"first","12":"instock","13":"taxable","14":"shipping-taxable","15":"purchasable","16":"product-type-simple"},"_links":{"self":[{"href":"https:\/\/galicianparts.com\/shop\/wp-json\/wp\/v2\/product\/48803"}],"collection":[{"href":"https:\/\/galicianparts.com\/shop\/wp-json\/wp\/v2\/product"}],"about":[{"href":"https:\/\/galicianparts.com\/shop\/wp-json\/wp\/v2\/types\/product"}],"wp:featuredmedia":[{"embeddable":true,"href":"https:\/\/galicianparts.com\/shop\/wp-json\/wp\/v2\/media\/48804"}],"wp:attachment":[{"href":"https:\/\/galicianparts.com\/shop\/wp-json\/wp\/v2\/media?parent=48803"}],"wp:term":[{"taxonomy":"product_cat","embeddable":true,"href":"https:\/\/galicianparts.com\/shop\/wp-json\/wp\/v2\/product_cat?post=48803"},{"taxonomy":"product_tag","embeddable":true,"href":"https:\/\/galicianparts.com\/shop\/wp-json\/wp\/v2\/product_tag?post=48803"}],"curies":[{"name":"wp","href":"https:\/\/api.w.org\/{rel}","templated":true}]}}