{"id":4935,"date":"2020-10-05T10:17:26","date_gmt":"2020-10-05T10:17:26","guid":{"rendered":"https:\/\/galicianparts.com\/shop\/producto\/46444730-cristal-trasero-lancia-lybra-1999-2005\/"},"modified":"2020-10-05T10:17:26","modified_gmt":"2020-10-05T10:17:26","slug":"46444730-cristal-trasero-lancia-lybra-1999-2005","status":"publish","type":"product","link":"https:\/\/galicianparts.com\/shop\/producto\/46444730-cristal-trasero-lancia-lybra-1999-2005\/","title":{"rendered":"46444730 Cristal trasero Lancia Lybra (1999-2005)"},"content":{"rendered":"<p>Cristal trasero t\u00e9rmico Lancia Lybra (1999-2005).<br \/>\nLa pieza es nueva, original de Lancia y se encuentra en perfecto estado, a\u00fan en el embalaje de f\u00e1brica.<\/p>\n","protected":false},"excerpt":{"rendered":"<p>Cristal trasero t\u00e9rmico Lancia Lybra (1999-2005). La pieza es nueva, original de Lancia y se encuentra en perfecto estado, a\u00fan en el embalaje de f\u00e1brica.<\/p>\n","protected":false},"featured_media":4931,"template":"","meta":{"_seopress_robots_primary_cat":"","_seopress_titles_title":"","_seopress_titles_desc":"","_seopress_robots_index":""},"product_cat":[21,120],"product_tag":[],"class_list":{"0":"post-4935","1":"product","2":"type-product","3":"status-publish","4":"has-post-thumbnail","6":"product_cat-recambios-lancia","7":"product_cat-recambios-lancia-lybra","9":"first","10":"outofstock","11":"taxable","12":"shipping-taxable","13":"purchasable","14":"product-type-simple"},"_links":{"self":[{"href":"https:\/\/galicianparts.com\/shop\/wp-json\/wp\/v2\/product\/4935"}],"collection":[{"href":"https:\/\/galicianparts.com\/shop\/wp-json\/wp\/v2\/product"}],"about":[{"href":"https:\/\/galicianparts.com\/shop\/wp-json\/wp\/v2\/types\/product"}],"wp:featuredmedia":[{"embeddable":true,"href":"https:\/\/galicianparts.com\/shop\/wp-json\/wp\/v2\/media\/4931"}],"wp:attachment":[{"href":"https:\/\/galicianparts.com\/shop\/wp-json\/wp\/v2\/media?parent=4935"}],"wp:term":[{"taxonomy":"product_cat","embeddable":true,"href":"https:\/\/galicianparts.com\/shop\/wp-json\/wp\/v2\/product_cat?post=4935"},{"taxonomy":"product_tag","embeddable":true,"href":"https:\/\/galicianparts.com\/shop\/wp-json\/wp\/v2\/product_tag?post=4935"}],"curies":[{"name":"wp","href":"https:\/\/api.w.org\/{rel}","templated":true}]}}