{"id":49830,"date":"2022-06-09T17:05:50","date_gmt":"2022-06-09T15:05:50","guid":{"rendered":"https:\/\/galicianparts.com\/shop\/producto\/0986335003-modulo-sensor-ultrasonidos-alarma-bosch-auto-alarm-0-986-335-003\/"},"modified":"2025-01-13T12:51:21","modified_gmt":"2025-01-13T10:51:21","slug":"0986335003-modulo-sensor-ultrasonidos-alarma-bosch-auto-alarm-0-986-335-003","status":"publish","type":"product","link":"https:\/\/galicianparts.com\/shop\/producto\/0986335003-modulo-sensor-ultrasonidos-alarma-bosch-auto-alarm-0-986-335-003\/","title":{"rendered":"0986335003 M\u00f3dulo sensor ultrasonidos alarma Bosch Auto-Alarm 0 986 335 003"},"content":{"rendered":"<p>M\u00f3dulo de protecci\u00f3n adicional de habit\u00e1culo por ultrasonido Bosch Auto-Alarm 0 986 335 003<\/p>\n<p>LA PIEZA ES NUEVA BOSCH.<\/p>\n","protected":false},"excerpt":{"rendered":"<p>M\u00f3dulo de protecci\u00f3n adicional de habit\u00e1culo por ultrasonido Bosch Auto-Alarm 0 986 335 003 LA PIEZA ES NUEVA BOSCH.<\/p>\n","protected":false},"featured_media":61667,"template":"","meta":{"_seopress_robots_primary_cat":"","_seopress_titles_title":"","_seopress_titles_desc":"","_seopress_robots_index":""},"product_cat":[15],"product_tag":[],"class_list":{"0":"post-49830","1":"product","2":"type-product","3":"status-publish","4":"has-post-thumbnail","6":"product_cat-sin-categorizar","8":"first","9":"outofstock","10":"taxable","11":"shipping-taxable","12":"purchasable","13":"product-type-simple"},"_links":{"self":[{"href":"https:\/\/galicianparts.com\/shop\/wp-json\/wp\/v2\/product\/49830"}],"collection":[{"href":"https:\/\/galicianparts.com\/shop\/wp-json\/wp\/v2\/product"}],"about":[{"href":"https:\/\/galicianparts.com\/shop\/wp-json\/wp\/v2\/types\/product"}],"wp:featuredmedia":[{"embeddable":true,"href":"https:\/\/galicianparts.com\/shop\/wp-json\/wp\/v2\/media\/61667"}],"wp:attachment":[{"href":"https:\/\/galicianparts.com\/shop\/wp-json\/wp\/v2\/media?parent=49830"}],"wp:term":[{"taxonomy":"product_cat","embeddable":true,"href":"https:\/\/galicianparts.com\/shop\/wp-json\/wp\/v2\/product_cat?post=49830"},{"taxonomy":"product_tag","embeddable":true,"href":"https:\/\/galicianparts.com\/shop\/wp-json\/wp\/v2\/product_tag?post=49830"}],"curies":[{"name":"wp","href":"https:\/\/api.w.org\/{rel}","templated":true}]}}