{"id":50000,"date":"2022-06-10T13:57:33","date_gmt":"2022-06-10T11:57:33","guid":{"rendered":"https:\/\/galicianparts.com\/shop\/producto\/5889088-kit-juntas-culata-fiat-uno-turbo-1372cc-1989-1993-original\/"},"modified":"2022-07-18T10:48:53","modified_gmt":"2022-07-18T08:48:53","slug":"5889088-kit-juntas-culata-fiat-uno-turbo-1372cc-1989-1993-original","status":"publish","type":"product","link":"https:\/\/galicianparts.com\/shop\/producto\/5889088-kit-juntas-culata-fiat-uno-turbo-1372cc-1989-1993-original\/","title":{"rendered":"5889088 Kit juntas culata Fiat Uno Turbo \/ Punto GT ORIGINAL"},"content":{"rendered":"<p>5892377 Juego, set de juntas de la culata del motor de:<br \/>\nFIAT Punto I Hatchback (176)<br \/>\n1.4 GT Turbo, A\u00f1o 09.1996 &#8211; 09.1999, 1372 , 131<br \/>\n1.4 GT Turbo, A\u00f1o 01.1994 &#8211; 09.1996, 1372 , 133<br \/>\nFIAT Uno Hatchback (146)<br \/>\n1.4 Turbo i.e., A\u00f1o 09.1989 &#8211; 09.1993, 1372 , 112<br \/>\n1.4 Turbo i.e., A\u00f1o 12.1989 &#8211; 12.1996, 1372 , 118<\/p>\n<p>LA PIEZA ES NUEVA Y ORIGINAL.<\/p>\n","protected":false},"excerpt":{"rendered":"<p>5892377 Juego, set de juntas de la culata del motor de: FIAT Punto I Hatchback (176) 1.4 GT Turbo, A\u00f1o 09.1996 &#8211; 09.1999, 1372 , 131 1.4 GT Turbo, A\u00f1o 01.1994 &#8211; 09.1996, 1372 , 133 FIAT Uno Hatchback (146) 1.4 Turbo i.e., A\u00f1o 09.1989 &#8211; 09.1993, 1372 , 112 1.4 Turbo i.e., A\u00f1o 12.1989 [&hellip;]<\/p>\n","protected":false},"featured_media":50001,"template":"","meta":{"_seopress_robots_primary_cat":"","_seopress_titles_title":"","_seopress_titles_desc":"","_seopress_robots_index":""},"product_cat":[20,101,114],"product_tag":[],"class_list":{"0":"post-50000","1":"product","2":"type-product","3":"status-publish","4":"has-post-thumbnail","6":"product_cat-recambios-fiat","7":"product_cat-recambios-fiat-punto","8":"product_cat-recambios-fiat-uno","10":"first","11":"outofstock","12":"taxable","13":"shipping-taxable","14":"purchasable","15":"product-type-simple"},"_links":{"self":[{"href":"https:\/\/galicianparts.com\/shop\/wp-json\/wp\/v2\/product\/50000"}],"collection":[{"href":"https:\/\/galicianparts.com\/shop\/wp-json\/wp\/v2\/product"}],"about":[{"href":"https:\/\/galicianparts.com\/shop\/wp-json\/wp\/v2\/types\/product"}],"wp:featuredmedia":[{"embeddable":true,"href":"https:\/\/galicianparts.com\/shop\/wp-json\/wp\/v2\/media\/50001"}],"wp:attachment":[{"href":"https:\/\/galicianparts.com\/shop\/wp-json\/wp\/v2\/media?parent=50000"}],"wp:term":[{"taxonomy":"product_cat","embeddable":true,"href":"https:\/\/galicianparts.com\/shop\/wp-json\/wp\/v2\/product_cat?post=50000"},{"taxonomy":"product_tag","embeddable":true,"href":"https:\/\/galicianparts.com\/shop\/wp-json\/wp\/v2\/product_tag?post=50000"}],"curies":[{"name":"wp","href":"https:\/\/api.w.org\/{rel}","templated":true}]}}