{"id":50250,"date":"2022-06-14T11:40:51","date_gmt":"2022-06-14T09:40:51","guid":{"rendered":"https:\/\/galicianparts.com\/shop\/producto\/71739919-correa-distribucion-motor-d-td-fiat-citroen-peugeot-original\/"},"modified":"2024-02-07T12:55:40","modified_gmt":"2024-02-07T10:55:40","slug":"71739919-correa-distribucion-motor-d-td-fiat-citroen-peugeot-original","status":"publish","type":"product","link":"https:\/\/galicianparts.com\/shop\/producto\/71739919-correa-distribucion-motor-d-td-fiat-citroen-peugeot-original\/","title":{"rendered":"71739919 Correa distribuci\u00f3n motor D\/TD Fiat \/Citro\u00ebn \/Peugeot ORIGINAL"},"content":{"rendered":"<p>Correa dentada del motor de:<br \/>\nDientes: 136.<br \/>\nAncho: 25 mm.<\/p>\n<p>PEUGEOT 806<br \/>\n1.9 TD, A\u00f1o 07.1995 &#8211; 08.2002, 1905 , 90<br \/>\n1.9 TD, A\u00f1o 05.1997 &#8211; 08.2002, 1905 , 92<br \/>\nPEUGEOT 205 II Hatchback<br \/>\n1.7 Di\u00e9sel, A\u00f1o 07.1987 &#8211; 09.1998, 1769 , 60<br \/>\n1.8 Diesel, A\u00f1o 07.1987 &#8211; 09.1998, 1769 , 60<br \/>\n1.8 XDT, A\u00f1o 08.1990 &#8211; 05.1997, 1769 , 79<br \/>\n1.9 Di\u00e9sel, A\u00f1o 10.1987 &#8211; 09.1998, 1905 , 64<br \/>\n1.9 Di\u00e9sel, A\u00f1o 08.1987 &#8211; 06.1994, 1905 , 69<br \/>\nPEUGEOT 306<br \/>\n1.8 D, A\u00f1o 05.1993 &#8211; 05.2001, 1769 , 58<br \/>\n1.8 D, A\u00f1o 04.1993 &#8211; 05.1999, 1769 , 60<br \/>\n1.9 D, A\u00f1o 05.1993 &#8211; 05.2001, 1905 , 64<br \/>\n1.9 D, A\u00f1o 06.1994 &#8211; 05.2001, 1905 , 68<br \/>\n1.9 D, A\u00f1o 04.1993 &#8211; 05.1999, 1905 , 69<br \/>\n1.9 D, A\u00f1o 03.1998 &#8211; 05.2001, 1905 , 75<br \/>\n1.9 D, A\u00f1o 04.1993 &#8211; 04.1997, 1905 , 94<br \/>\n1.9 DT, A\u00f1o 05.1993 &#8211; 05.2001, 1905 , 90<br \/>\n1.9 Td, A\u00f1o 07.1995 &#8211; 08.2000, 1905 , 71<br \/>\nPEUGEOT 405 II (4B)<br \/>\n1.9 D, A\u00f1o 08.1992 &#8211; 10.1995, 1905 , 64<br \/>\n1.9 D, A\u00f1o 06.1994 &#8211; 10.1995, 1905 , 68<br \/>\n1.9 D, A\u00f1o 08.1992 &#8211; 08.1994, 1905 , 69<br \/>\n1.9 D, A\u00f1o 08.1997 &#8211; 11.1999, 1905 , 71<br \/>\n1.9 TD, A\u00f1o 08.1992 &#8211; 10.1995, 1905 , 90<br \/>\n1.9 TD, A\u00f1o 08.1992 &#8211; 05.1997, 1905 , 94<br \/>\nPEUGEOT Boxer Bus (230)<br \/>\n1.9 D, A\u00f1o 03.1994 &#8211; 04.2002, 1905 , 69<br \/>\n1.9 TD, A\u00f1o 08.1994 &#8211; 04.2002, 1905 , 90<br \/>\nPEUGEOT 406<br \/>\n1.9 D, A\u00f1o 10.1996 &#8211; 05.2004, 1905 , 75<br \/>\n1.9 TD, A\u00f1o 01.1996 &#8211; 05.2004, 1905 , 90<br \/>\n1.9 TD, A\u00f1o 01.1996 &#8211; 05.2004, 1905 , 92<br \/>\n1.9 TD, A\u00f1o 10.1995 &#8211; 10.1997, 1905 , 94<br \/>\nPEUGEOT Expert I (224)<br \/>\n1.9 D, A\u00f1o 10.1995 &#8211; 05.1998, 1905 , 94<br \/>\n1.9 TD, A\u00f1o 02.1996 &#8211; 09.2000, 1905 , 90<br \/>\n1.9 TD, A\u00f1o 02.1996 &#8211; 05.1998, 1905 , 92<br \/>\nPEUGEOT Boxer Furg\u00f3n (230)<br \/>\n1.9 D, A\u00f1o 07.1999 &#8211; 04.2002, 1905 , 68<br \/>\n1.9 D, A\u00f1o 03.1994 &#8211; 04.2002, 1905 , 69<br \/>\n1.9 DT 4&#215;4, A\u00f1o 03.1996 &#8211; 09.1998, 1905 , 90<br \/>\n1.9 TD, A\u00f1o 07.1999 &#8211; 04.2002, 1905 , 90<br \/>\nPEUGEOT Partner I<br \/>\n1.8 D, A\u00f1o 06.1996 &#8211; 12.2002, 1769 , 58<br \/>\n1.8 D, A\u00f1o 11.1996 &#8211; 02.1998, 1769 , 60<br \/>\n1.9 D, A\u00f1o 06.1996 &#8211; 12.2002, 1905 , 69<br \/>\nPEUGEOT Expert I<br \/>\n1.9 D, A\u00f1o 02.1996 &#8211; 12.1998, 1905 , 70<br \/>\n1.9 TD, A\u00f1o 02.1996 &#8211; 09.2000, 1905 , 90<br \/>\n1.9 TD, A\u00f1o 02.1996 &#8211; 05.1998, 1905 , 92<\/p>\n<p>CITRO\u00cbN Jumper I Bus (230)<br \/>\n1.9 D, A\u00f1o 01.1999 &#8211; 04.2002, 1905 , 69<br \/>\n1.9 TD, A\u00f1o 08.1994 &#8211; 04.2002, 1905 , 90<br \/>\n1.9 TD, A\u00f1o 02.1994 &#8211; 04.2002, 1905 , 92<br \/>\nCITRO\u00cbN Xantia (X1, X2)<br \/>\n1.9 SD, A\u00f1o 02.1996 &#8211; 01.1998, 1905 , 75<br \/>\n1.9 Turbo D, A\u00f1o 10.1994 &#8211; 01.1998, 1905 , 90<br \/>\nCITRO\u00cbN ZX (N2)<br \/>\n1.8 D, A\u00f1o 06.1993 &#8211; 06.1997, 1769 , 60<br \/>\n1.9 D, A\u00f1o 03.1991 &#8211; 06.1997, 1905 , 64<br \/>\n1.9 D, A\u00f1o 07.1993 &#8211; 06.1997, 1905 , 68<br \/>\n1.9 DT, A\u00f1o 07.1994 &#8211; 10.1997, 1905 , 88<br \/>\n1.9 DT, A\u00f1o 06.1992 &#8211; 06.1994, 1905 , 92<br \/>\n1.9 TD, A\u00f1o 07.1992 &#8211; 06.1997, 1905 , 90<br \/>\nCITRO\u00cbN C15<br \/>\n1.8 D, A\u00f1o 07.1986 &#8211; 12.2000, 1769 , 60<br \/>\nCITRO\u00cbN Berlingo \/ Berlingo First I Furg\u00f3n (M)<br \/>\n1.8 D, A\u00f1o 07.1996 &#8211; 10.2002, 1769 , 59<br \/>\n1.9 D, A\u00f1o 07.1996 &#8211; 12.2003, 1905 , 70<br \/>\nCITRO\u00cbN Berlingo \/ Berlingo First I (MF, GJK, GFK)<br \/>\n1.8 D, A\u00f1o 11.1996 &#8211; 10.1999, 1769 , 60<br \/>\n1.8 D, A\u00f1o 07.1998 &#8211; 10.2002, 1769 , 58<br \/>\n1.9 D, A\u00f1o 07.1996 &#8211; 12.2003, 1905 , 68<br \/>\n1.9 D, A\u00f1o 07.1996 &#8211; 10.1999, 1905 , 69<br \/>\nCITRO\u00cbN Xsara (N1)<br \/>\n1.8 D, A\u00f1o 04.1997 &#8211; 09.2000, 1769 , 58<br \/>\n1.9 SD, A\u00f1o 01.1998 &#8211; 09.2000, 1905 , 75<br \/>\n1.9 TD, A\u00f1o 04.1997 &#8211; 09.2000, 1905 , 90<br \/>\nCITRO\u00cbN Xsara Furg\u00f3n \/ Hatchback (N3)<br \/>\n1.8 D, A\u00f1o 05.1998 &#8211; 05.1999, 1769 , 58<br \/>\n1.9 D, A\u00f1o 05.1998 &#8211; 08.2000, 1905 , 88<\/p>\n<p>FIAT Ducato II (230L)<br \/>\n1.9 D, A\u00f1o 04.1998 &#8211; 04.2002, 1905 , 68<br \/>\n1.9 TD, A\u00f1o 05.1998 &#8211; 11.2001, 1905 , 80<br \/>\n1.9 TD, A\u00f1o 04.1998 &#8211; 04.2002, 1905 , 90<br \/>\nFIAT Ulysse I (220)<br \/>\n1.9 TD, A\u00f1o 02.1995 &#8211; 08.2002, 1905 , 90<br \/>\nFIAT Scudo I (220)<br \/>\n1.9 D, A\u00f1o 02.1996 &#8211; 04.1998, 1905 , 69<br \/>\n1.9 D, A\u00f1o 04.1998 &#8211; 12.2006, 1868 , 69<br \/>\n1.9 TD, A\u00f1o 02.1996 &#8211; 12.2006, 1905 , 92<br \/>\n1.9 TD Eco, A\u00f1o 02.1996 &#8211; 12.2006, 1905 , 90<\/p>\n<p>LA PIEZA ES NUEVA Y ORIGINAL.<\/p>\n","protected":false},"excerpt":{"rendered":"<p>Correa dentada del motor de: Dientes: 136. Ancho: 25 mm. PEUGEOT 806 1.9 TD, A\u00f1o 07.1995 &#8211; 08.2002, 1905 , 90 1.9 TD, A\u00f1o 05.1997 &#8211; 08.2002, 1905 , 92 PEUGEOT 205 II Hatchback 1.7 Di\u00e9sel, A\u00f1o 07.1987 &#8211; 09.1998, 1769 , 60 1.8 Diesel, A\u00f1o 07.1987 &#8211; 09.1998, 1769 , 60 1.8 XDT, A\u00f1o [&hellip;]<\/p>\n","protected":false},"featured_media":50251,"template":"","meta":{"_seopress_robots_primary_cat":"","_seopress_titles_title":"","_seopress_titles_desc":"","_seopress_robots_index":""},"product_cat":[235,147,150,151,189,129,155,131,23,88,156,20,137,138,158,24,104,113,141,143,144],"product_tag":[],"class_list":{"0":"post-50250","1":"product","2":"type-product","3":"status-publish","4":"has-post-thumbnail","6":"product_cat-recambios-peugeot-205","7":"product_cat-recambios-peugeot-306","8":"product_cat-recambios-peugeot-405","9":"product_cat-recambios-peugeot-406","10":"product_cat-recambios-peugeot-806","11":"product_cat-recambios-citroen-berlingo","12":"product_cat-recambios-peugeot-boxer","13":"product_cat-recambios-citroen-c15","14":"product_cat-recambios-citroen","15":"product_cat-recambios-fiat-ducato","16":"product_cat-recambios-peugeot-expert","17":"product_cat-recambios-fiat","18":"product_cat-recambios-citroen-jumper","19":"product_cat-recambios-citroen-jumpy","20":"product_cat-recambios-peugeot-partner","21":"product_cat-recambios-peugeot","22":"product_cat-recambios-fiat-scudo","23":"product_cat-recambios-fiat-ulysse","24":"product_cat-recambios-citroen-xantia","25":"product_cat-recambios-citroen-xsara","26":"product_cat-recambios-citroen-zx","28":"first","29":"outofstock","30":"taxable","31":"shipping-taxable","32":"purchasable","33":"product-type-simple"},"_links":{"self":[{"href":"https:\/\/galicianparts.com\/shop\/wp-json\/wp\/v2\/product\/50250"}],"collection":[{"href":"https:\/\/galicianparts.com\/shop\/wp-json\/wp\/v2\/product"}],"about":[{"href":"https:\/\/galicianparts.com\/shop\/wp-json\/wp\/v2\/types\/product"}],"wp:featuredmedia":[{"embeddable":true,"href":"https:\/\/galicianparts.com\/shop\/wp-json\/wp\/v2\/media\/50251"}],"wp:attachment":[{"href":"https:\/\/galicianparts.com\/shop\/wp-json\/wp\/v2\/media?parent=50250"}],"wp:term":[{"taxonomy":"product_cat","embeddable":true,"href":"https:\/\/galicianparts.com\/shop\/wp-json\/wp\/v2\/product_cat?post=50250"},{"taxonomy":"product_tag","embeddable":true,"href":"https:\/\/galicianparts.com\/shop\/wp-json\/wp\/v2\/product_tag?post=50250"}],"curies":[{"name":"wp","href":"https:\/\/api.w.org\/{rel}","templated":true}]}}