{"id":50313,"date":"2022-06-14T19:34:39","date_gmt":"2022-06-14T17:34:39","guid":{"rendered":"https:\/\/galicianparts.com\/shop\/producto\/7567464-filtro-gasolina-fiat-seat-lancia-alfa-romeo-citroen-peugeot-original\/"},"modified":"2022-06-15T22:06:24","modified_gmt":"2022-06-15T20:06:24","slug":"7567464-filtro-gasolina-fiat-seat-lancia-alfa-romeo-citroen-peugeot-original","status":"publish","type":"product","link":"https:\/\/galicianparts.com\/shop\/producto\/7567464-filtro-gasolina-fiat-seat-lancia-alfa-romeo-citroen-peugeot-original\/","title":{"rendered":"7567464 Filtro gasolina Fiat \/ Seat \/ Lancia \/ Alfa Romeo \/ Citroen \/ Peugeot ORIGINAL"},"content":{"rendered":"<p>Filtro de combustible de:<br \/>\nFIAT Cinquecento (170)<br \/>\n0.9 i.e., A\u00f1o 07.1991 &#8211; 12.1993, 903 , 41<br \/>\n0.9 i.e. S, A\u00f1o 07.1991 &#8211; 07.1999, 899 , 40<br \/>\n1.1 Sporting, A\u00f1o 10.1994 &#8211; 01.1998, 1108 , 54<br \/>\nFIAT Regata (138)<br \/>\n1.3 70, A\u00f1o 09.1983 &#8211; 07.1986, 1301 , 68<br \/>\nFIAT Argenta (132)<br \/>\n2.0 i.e., A\u00f1o 06.1981 &#8211; 07.1986, 1995 , 122<br \/>\nFIAT Panda I Hatchback (141)<br \/>\n1.0 4&#215;4, A\u00f1o 05.1986 &#8211; 12.1994, 999 , 45<br \/>\n1.0, A\u00f1o 01.1986 &#8211; 12.1992, 999 , 50<br \/>\n1.0 i.e. KAT, A\u00f1o 10.1987 &#8211; 08.1998, 999 , 45<br \/>\n1.1, A\u00f1o 05.1991 &#8211; 12.1999, 1108 , 50<br \/>\n1.1, A\u00f1o 02.1995 &#8211; 09.2003, 1108 , 54<br \/>\n1.1 4&#215;4, A\u00f1o 02.1995 &#8211; 07.2004, 1108 , 54<br \/>\n1.1 Trekking 4&#215;4, A\u00f1o 10.1991 &#8211; 07.2004, 1108 , 50<br \/>\nFIAT Panda Van (141)<br \/>\n1.1, A\u00f1o 05.1991 &#8211; 03.1995, 1108 , 50<br \/>\n1.1, A\u00f1o 09.2000 &#8211; 02.2004, 1108 , 54<br \/>\n1.1 4&#215;4, A\u00f1o 09.2000 &#8211; 02.2004, 1108 , 54<br \/>\n1.0, A\u00f1o 01.1986 &#8211; 02.1992, 999 , 44<br \/>\n1.0 i.e, A\u00f1o 08.1992 &#8211; 02.2004, 999 , 45<br \/>\nFIAT Cinquecento (170)<br \/>\n0.9 iE (170CF), A\u00f1o 07.1991 &#8211; 02.1998, 899 , 39<br \/>\n1.1 iE (170AH), A\u00f1o 10.1994 &#8211; 02.1998, 1108 , 54<br \/>\nFIAT Tipo Hatchback (160)<br \/>\n1.6, A\u00f1o 03.1993 &#8211; 10.1995, 1580 , 76<br \/>\nFIAT Uno Hatchback (146)<br \/>\n1.6 R, A\u00f1o 12.1992 &#8211; 12.1995, 1581 , 90<br \/>\n1.4 i.e. 70, A\u00f1o 09.1989 &#8211; 07.1996, 1372 , 70<br \/>\n1.5 i.e. 75, A\u00f1o 10.1985 &#8211; 12.1993, 1499 , 75<\/p>\n<p>SEAT C\u00f3rdoba I Berlina (6K1, 6K2) (A\u00f1o 02.1993 &#8211; 10.2002)<br \/>\nSEAT Ibiza II (6K1) (A\u00f1o 03.1993 &#8211; 02.2002)<br \/>\nSEAT Inca (6K9) (A\u00f1o 11.1995 &#8211; 06.2003)<br \/>\nSEAT C\u00f3rdoba I Vario (6K5) (A\u00f1o 08.1996 &#8211; 12.2002)<\/p>\n<p>PEUGEOT 106 I Hatchback (A\u00f1o 08.1991 &#8211; 04.1996)<br \/>\nPEUGEOT 205 Cabrio (A\u00f1o 04.1986 &#8211; 11.1995)<br \/>\nPEUGEOT 205 II Hatchback (A\u00f1o 01.1987 &#8211; 12.2000)<br \/>\nPEUGEOT 306 Hatchback (A\u00f1o 01.1993 &#8211; 10.2003)<br \/>\nPEUGEOT 306 Cabrio (A\u00f1o 01.1994 &#8211; 04.2002)<br \/>\nPEUGEOT 306 Berlina (A\u00f1o 04.1993 &#8211; 10.2003)<br \/>\nPEUGEOT 309 II Hatchback (A\u00f1o 07.1989 &#8211; 12.1993)<\/p>\n<p>CITRO\u00cbN Xantia Hatchback (X1, X2) (A\u00f1o 03.1993 &#8211; 07.1999)<br \/>\nCITRO\u00cbN ZX Hatchback (N2) (A\u00f1o 03.1991 &#8211; 07.1999)<br \/>\nCITRO\u00cbN CX I Familiar (A\u00f1o 09.1975 &#8211; 08.1985)<br \/>\nCITRO\u00cbN CX I Hatchback (A\u00f1o 09.1974 &#8211; 08.1985)<br \/>\nCITRO\u00cbN CX II Hatchback (A\u00f1o 07.1985 &#8211; 12.1992)<br \/>\nCITRO\u00cbN AX (A\u00f1o 07.1986 &#8211; 12.1998)<br \/>\nCITRO\u00cbN BX Hatchback (A\u00f1o 10.1982 &#8211; 12.1994)<br \/>\nCITRO\u00cbN BX Familiar (A\u00f1o 04.1983 &#8211; 12.1994)<br \/>\nCITRO\u00cbN C15 Furg\u00f3n (A\u00f1o 10.1984 &#8211; 10.2006)<br \/>\nCITRO\u00cbN Visa Hatchback (A\u00f1o 09.1978 &#8211; 03.1991)<br \/>\nCITRO\u00cbN Xantia Familiar (X1, X2) (A\u00f1o 06.1995 &#8211; 01.1998)<br \/>\nCITRO\u00cbN ZX Familiar (N2) (A\u00f1o 10.1993 &#8211; 07.1999)<br \/>\nCITRO\u00cbN CX II Familiar (A\u00f1o 07.1985 &#8211; 12.1992)<br \/>\nCITRO\u00cbN C15 Familiar (A\u00f1o 04.1987 &#8211; 08.2000)<\/p>\n<p>ALFA ROMEO 75 (162B)<br \/>\n2.0 T.S KAT, A\u00f1o 05.1985 &#8211; 02.1992, 1962 , 148<\/p>\n<p>LANCIA Dedra Berlina (835)<br \/>\n1.6 i.e., A\u00f1o 08.1989 &#8211; 06.1994, 1581 , 90<br \/>\n1.6 i.e., A\u00f1o 08.1989 &#8211; 03.1993, 1581 , 78<br \/>\n1.6 i.e., A\u00f1o 04.1993 &#8211; 07.1999, 1581 , 75<br \/>\nLANCIA Prisma (831)<br \/>\n1.6 i.e. Super, A\u00f1o 05.1987 &#8211; 12.1989, 1585 , 90<br \/>\nLANCIA Gamma Coup\u00e9 (830)<br \/>\n2.5, A\u00f1o 09.1977 &#8211; 10.1986, 2484 , 140<\/p>\n<p>LA PIEZA ES NUEVA Y ORIGINAL.<\/p>\n","protected":false},"excerpt":{"rendered":"<p>Filtro de combustible de: FIAT Cinquecento (170) 0.9 i.e., A\u00f1o 07.1991 &#8211; 12.1993, 903 , 41 0.9 i.e. S, A\u00f1o 07.1991 &#8211; 07.1999, 899 , 40 1.1 Sporting, A\u00f1o 10.1994 &#8211; 01.1998, 1108 , 54 FIAT Regata (138) 1.3 70, A\u00f1o 09.1983 &#8211; 07.1986, 1301 , 68 FIAT Argenta (132) 2.0 i.e., A\u00f1o 06.1981 &#8211; [&hellip;]<\/p>\n","protected":false},"featured_media":50314,"template":"","meta":{"_seopress_robots_primary_cat":"","_seopress_titles_title":"","_seopress_titles_desc":"","_seopress_robots_index":""},"product_cat":[145,235,147,149,58,16,79,311,130,131,84,23,210,136,117,20,231,162,211,21,99,24,123,102,26,112,114,140,141,144],"product_tag":[],"class_list":{"0":"post-50313","1":"product","2":"type-product","3":"status-publish","4":"has-post-thumbnail","6":"product_cat-recambios-peugeot-106","7":"product_cat-recambios-peugeot-205","8":"product_cat-recambios-peugeot-306","9":"product_cat-recambios-peugeot-309","10":"product_cat-recambios-alfa-romeo-75","11":"product_cat-recambios-alfa-romeo","12":"product_cat-recambios-fiat-argenta","13":"product_cat-recambios-citroen-ax","14":"product_cat-recambios-citroen-bx","15":"product_cat-recambios-citroen-c15","16":"product_cat-recambios-fiat-cinquecento","17":"product_cat-recambios-citroen","18":"product_cat-recambios-seat-cordoba","19":"product_cat-recambios-citroen-cx","20":"product_cat-recambios-lancia-dedra","21":"product_cat-recambios-fiat","22":"product_cat-recambios-lancia-gamma","23":"product_cat-recambios-seat-ibiza","24":"product_cat-recambios-seat-inca","25":"product_cat-recambios-lancia","26":"product_cat-recambios-fiat-panda","27":"product_cat-recambios-peugeot","28":"product_cat-recambios-lancia-prisma","29":"product_cat-recambios-fiat-regata","30":"product_cat-recambios-seat","31":"product_cat-recambios-fiat-tipo","32":"product_cat-recambios-fiat-uno","33":"product_cat-recambios-citroen-visa","34":"product_cat-recambios-citroen-xantia","35":"product_cat-recambios-citroen-zx","37":"first","38":"outofstock","39":"taxable","40":"shipping-taxable","41":"purchasable","42":"product-type-simple"},"_links":{"self":[{"href":"https:\/\/galicianparts.com\/shop\/wp-json\/wp\/v2\/product\/50313"}],"collection":[{"href":"https:\/\/galicianparts.com\/shop\/wp-json\/wp\/v2\/product"}],"about":[{"href":"https:\/\/galicianparts.com\/shop\/wp-json\/wp\/v2\/types\/product"}],"wp:featuredmedia":[{"embeddable":true,"href":"https:\/\/galicianparts.com\/shop\/wp-json\/wp\/v2\/media\/50314"}],"wp:attachment":[{"href":"https:\/\/galicianparts.com\/shop\/wp-json\/wp\/v2\/media?parent=50313"}],"wp:term":[{"taxonomy":"product_cat","embeddable":true,"href":"https:\/\/galicianparts.com\/shop\/wp-json\/wp\/v2\/product_cat?post=50313"},{"taxonomy":"product_tag","embeddable":true,"href":"https:\/\/galicianparts.com\/shop\/wp-json\/wp\/v2\/product_tag?post=50313"}],"curies":[{"name":"wp","href":"https:\/\/api.w.org\/{rel}","templated":true}]}}