{"id":50428,"date":"2022-06-15T12:44:43","date_gmt":"2022-06-15T10:44:43","guid":{"rendered":"https:\/\/galicianparts.com\/shop\/producto\/7545161-embellecedor-mandos-calefaccion-fiat-uno-mki-1983-1989-nuevo-original\/"},"modified":"2024-01-16T11:26:24","modified_gmt":"2024-01-16T09:26:24","slug":"7545161-embellecedor-mandos-calefaccion-fiat-uno-mki-1983-1989-nuevo-original","status":"publish","type":"product","link":"https:\/\/galicianparts.com\/shop\/producto\/7545161-embellecedor-mandos-calefaccion-fiat-uno-mki-1983-1989-nuevo-original\/","title":{"rendered":"7545161 Embellecedor mandos calefacci\u00f3n Fiat Uno MKI (1983-1989) NUEVO ORIGINAL"},"content":{"rendered":"<p>Embellecedor color marr\u00f3n, de los controles de la calefacci\u00f3n y del mechero de la consola central del salpicadero de:<br \/>\nFIAT UNO PRIMERA SERIE (1983-1989).<\/p>\n<p>LA PIEZA ES NUEVA Y ORIGINAL.<\/p>\n","protected":false},"excerpt":{"rendered":"<p>Embellecedor color marr\u00f3n, de los controles de la calefacci\u00f3n y del mechero de la consola central del salpicadero de: FIAT UNO PRIMERA SERIE (1983-1989). LA PIEZA ES NUEVA Y ORIGINAL.<\/p>\n","protected":false},"featured_media":51732,"template":"","meta":{"_seopress_robots_primary_cat":"","_seopress_titles_title":"","_seopress_titles_desc":"","_seopress_robots_index":""},"product_cat":[20,114],"product_tag":[],"class_list":{"0":"post-50428","1":"product","2":"type-product","3":"status-publish","4":"has-post-thumbnail","6":"product_cat-recambios-fiat","7":"product_cat-recambios-fiat-uno","9":"first","10":"outofstock","11":"taxable","12":"shipping-taxable","13":"purchasable","14":"product-type-simple"},"_links":{"self":[{"href":"https:\/\/galicianparts.com\/shop\/wp-json\/wp\/v2\/product\/50428"}],"collection":[{"href":"https:\/\/galicianparts.com\/shop\/wp-json\/wp\/v2\/product"}],"about":[{"href":"https:\/\/galicianparts.com\/shop\/wp-json\/wp\/v2\/types\/product"}],"wp:featuredmedia":[{"embeddable":true,"href":"https:\/\/galicianparts.com\/shop\/wp-json\/wp\/v2\/media\/51732"}],"wp:attachment":[{"href":"https:\/\/galicianparts.com\/shop\/wp-json\/wp\/v2\/media?parent=50428"}],"wp:term":[{"taxonomy":"product_cat","embeddable":true,"href":"https:\/\/galicianparts.com\/shop\/wp-json\/wp\/v2\/product_cat?post=50428"},{"taxonomy":"product_tag","embeddable":true,"href":"https:\/\/galicianparts.com\/shop\/wp-json\/wp\/v2\/product_tag?post=50428"}],"curies":[{"name":"wp","href":"https:\/\/api.w.org\/{rel}","templated":true}]}}