{"id":50490,"date":"2022-06-15T17:55:20","date_gmt":"2022-06-15T15:55:20","guid":{"rendered":"https:\/\/galicianparts.com\/shop\/producto\/5414629-correa-auxiliar-fiat-242-lancia-gamma-citroen-c35-peugeot-504-505-404-original\/"},"modified":"2022-06-15T17:56:50","modified_gmt":"2022-06-15T15:56:50","slug":"5414629-correa-auxiliar-fiat-242-lancia-gamma-citroen-c35-peugeot-504-505-404-original","status":"publish","type":"product","link":"https:\/\/galicianparts.com\/shop\/producto\/5414629-correa-auxiliar-fiat-242-lancia-gamma-citroen-c35-peugeot-504-505-404-original\/","title":{"rendered":"5414629 Correa auxiliar Fiat 242 \/ Lancia Gamma \/Citro\u00ebn C35 \/Peugeot 504 \/505 \/404 ORIGINAL"},"content":{"rendered":"<p>FIAT 242-Serie Furg\u00f3n<br \/>\n2.2 D, A\u00f1o 10.1975 &#8211; 08.1980, 2175 , 63<br \/>\n2.5 D, A\u00f1o 08.1980 &#8211; 07.1982, 2498 , 71<\/p>\n<p>LANCIA Gamma Coup\u00e9 (830)<br \/>\n2.0, A\u00f1o 05.1981 &#8211; 09.1984, 1999 , 120<br \/>\n2.5, A\u00f1o 09.1977 &#8211; 10.1986, 2484 , 140<\/p>\n<p>CITRO\u00cbN C35 Bus<br \/>\n2.0, A\u00f1o 11.1973 &#8211; 01.1994, 1985 , 88<br \/>\n2.5 D, A\u00f1o 02.1980 &#8211; 01.1994, 2498 , 69<br \/>\nCITRO\u00cbN C35 Van<br \/>\n2.0, A\u00f1o 11.1973 &#8211; 01.1994, 1985 , 88<br \/>\n2.2 D, A\u00f1o 11.1973 &#8211; 01.1980, 2175 , 61<br \/>\n2.5 D, A\u00f1o 02.1980 &#8211; 01.1994, 2498 , 69<br \/>\nCITRO\u00cbN C35 Pick-up<br \/>\n2.0, A\u00f1o 11.1973 &#8211; 01.1994, 1985 , 88<br \/>\n2.2 D, A\u00f1o 11.1973 &#8211; 01.1980, 2175 , 61<\/p>\n<p>PEUGEOT 504 Berlina<br \/>\n1.8, A\u00f1o 09.1979 &#8211; 08.1982, 1796 , 75<br \/>\n1.8, A\u00f1o 07.1968 &#8211; 02.1971, 1796 , 82<br \/>\n1.8, A\u00f1o 01.1971 &#8211; 06.1983, 1796 , 79<br \/>\n1.8 Injection, A\u00f1o 07.1968 &#8211; 02.1971, 1796 , 97<br \/>\n2.0, A\u00f1o 09.1979 &#8211; 08.1982, 1971 , 94<br \/>\n2.0, A\u00f1o 03.1971 &#8211; 06.1986, 1971 , 97<br \/>\n2.1 D, A\u00f1o 02.1971 &#8211; 07.1986, 2112 , 65<br \/>\nPEUGEOT 505 Berlina<br \/>\n1.8, A\u00f1o 06.1981 &#8211; 10.1985, 1796 , 75<br \/>\n1.8, A\u00f1o 01.1982 &#8211; 10.1985, 1796 , 82<br \/>\n1.8, A\u00f1o 09.1985 &#8211; 10.1986, 1796 , 84<br \/>\n2.0, A\u00f1o 04.1983 &#8211; 09.1985, 1971 , 90<br \/>\n2.0, A\u00f1o 09.1983 &#8211; 09.1985, 1971 , 94<br \/>\n2.0, A\u00f1o 11.1980 &#8211; 12.1985, 1971 , 97<br \/>\n2.0, A\u00f1o 09.1985 &#8211; 09.1995, 1971 , 98<br \/>\n2.0, A\u00f1o 09.1980 &#8211; 11.1982, 1971 , 107<br \/>\nPEUGEOT 504 Pick-up<br \/>\n1.8, A\u00f1o 07.1987 &#8211; 12.1989, 1796 , 72<br \/>\n1.8, A\u00f1o 08.1981 &#8211; 10.1986, 1796 , 75<br \/>\nPEUGEOT 404 Berlina<br \/>\n1.6, A\u00f1o 04.1963 &#8211; 12.1971, 1618 , 65<br \/>\n1.6, A\u00f1o 11.1967 &#8211; 12.1971, 1618 , 73<br \/>\n1.6 GT, A\u00f1o 07.1971 &#8211; 12.1971, 1618 , 68<br \/>\nPEUGEOT 404 Cabrio<br \/>\n1.6, A\u00f1o 04.1963 &#8211; 12.1968, 1618 , 80<br \/>\nPEUGEOT 504 Familiar<br \/>\n1.8, A\u00f1o 04.1971 &#8211; 07.1986, 1796 , 73<br \/>\n2.0, A\u00f1o 09.1979 &#8211; 07.1986, 1971 , 94<br \/>\n2.0, A\u00f1o 04.1971 &#8211; 07.1986, 1971 , 92<br \/>\n2.1 D, A\u00f1o 04.1971 &#8211; 07.1986, 2112 , 65<br \/>\nPEUGEOT 505 Familiar<br \/>\n2.0, A\u00f1o 04.1982 &#8211; 11.1987, 1971 , 82<br \/>\n2.0, A\u00f1o 08.1983 &#8211; 12.1985, 1971 , 94<br \/>\n2.0, A\u00f1o 09.1985 &#8211; 11.1987, 1971 , 98<br \/>\nPEUGEOT 504 Berlina<br \/>\n1.8, A\u00f1o 11.1986 &#8211; 10.1999, 1796 , 72<br \/>\n2.0, A\u00f1o 11.1986 &#8211; 05.1995, 1971 , 87<\/p>\n<p>LA PIEZA ES NUEVA Y ORIGINAL.<\/p>\n","protected":false},"excerpt":{"rendered":"<p>FIAT 242-Serie Furg\u00f3n 2.2 D, A\u00f1o 10.1975 &#8211; 08.1980, 2175 , 63 2.5 D, A\u00f1o 08.1980 &#8211; 07.1982, 2498 , 71 LANCIA Gamma Coup\u00e9 (830) 2.0, A\u00f1o 05.1981 &#8211; 09.1984, 1999 , 120 2.5, A\u00f1o 09.1977 &#8211; 10.1986, 2484 , 140 CITRO\u00cbN C35 Bus 2.0, A\u00f1o 11.1973 &#8211; 01.1994, 1985 , 88 2.5 D, A\u00f1o [&hellip;]<\/p>\n","protected":false},"featured_media":50492,"template":"","meta":{"_seopress_robots_primary_cat":"","_seopress_titles_title":"","_seopress_titles_desc":"","_seopress_robots_index":""},"product_cat":[73,360,195,153,133,23,20,231,21,24],"product_tag":[],"class_list":{"0":"post-50490","1":"product","2":"type-product","3":"status-publish","4":"has-post-thumbnail","6":"product_cat-recambios-fiat-242","7":"product_cat-recambios-peugeot-404","8":"product_cat-recambios-peugeot-504","9":"product_cat-recambios-peugeot-505","10":"product_cat-recambios-citroen-c35","11":"product_cat-recambios-citroen","12":"product_cat-recambios-fiat","13":"product_cat-recambios-lancia-gamma","14":"product_cat-recambios-lancia","15":"product_cat-recambios-peugeot","17":"first","18":"instock","19":"taxable","20":"shipping-taxable","21":"purchasable","22":"product-type-simple"},"_links":{"self":[{"href":"https:\/\/galicianparts.com\/shop\/wp-json\/wp\/v2\/product\/50490"}],"collection":[{"href":"https:\/\/galicianparts.com\/shop\/wp-json\/wp\/v2\/product"}],"about":[{"href":"https:\/\/galicianparts.com\/shop\/wp-json\/wp\/v2\/types\/product"}],"wp:featuredmedia":[{"embeddable":true,"href":"https:\/\/galicianparts.com\/shop\/wp-json\/wp\/v2\/media\/50492"}],"wp:attachment":[{"href":"https:\/\/galicianparts.com\/shop\/wp-json\/wp\/v2\/media?parent=50490"}],"wp:term":[{"taxonomy":"product_cat","embeddable":true,"href":"https:\/\/galicianparts.com\/shop\/wp-json\/wp\/v2\/product_cat?post=50490"},{"taxonomy":"product_tag","embeddable":true,"href":"https:\/\/galicianparts.com\/shop\/wp-json\/wp\/v2\/product_tag?post=50490"}],"curies":[{"name":"wp","href":"https:\/\/api.w.org\/{rel}","templated":true}]}}